{"id":99547,"date":"2025-01-31T09:02:59","date_gmt":"2025-01-31T08:02:59","guid":{"rendered":"https:\/\/www.oslomyntgalleri.no\/?post_type=product&#038;p=99547"},"modified":"2025-01-30T17:02:41","modified_gmt":"2025-01-30T16:02:41","slug":"katalogabonnement","status":"publish","type":"product","link":"https:\/\/www.oslomyntgalleri.no\/en\/produkt\/katalogabonnement\/","title":{"rendered":"Abonnement auksjonskataloger 2025"},"content":{"rendered":"<p>Tegn et abonnement p\u00e5 v\u00e5re auksjonskataloger, og v\u00e6r sikker p\u00e5 \u00e5 f\u00e5 dem tilsendt f\u00f8r auksjonene v\u00e5re. 450,- dekker katalog og porto, og gjelder for et helt \u00e5r.<\/p>\n","protected":false},"excerpt":{"rendered":"<p>Kj\u00f8p \u00e5rsabonnement p\u00e5 v\u00e5re auksjonskataloger, v\u00e6r sikker p\u00e5 \u00e5 f\u00e5 dem tilsendt f\u00f8r auksjonene v\u00e5re. Gjelder for hele 2025. <a href=\"https:\/\/www.oslomyntgalleri.no\/en\/produkt\/katalogabonnement\/\"><\/a><\/p>\n","protected":false},"featured_media":112676,"template":"","meta":{"_acf_changed":false},"product_brand":[],"product_cat":[42],"product_tag":[],"class_list":{"0":"post-99547","1":"product","2":"type-product","3":"status-publish","4":"has-post-thumbnail","6":"product_cat-kataloger","8":"first","9":"instock","10":"sold-individually","11":"shipping-taxable","12":"purchasable","13":"product-type-simple"},"acf":[],"_links":{"self":[{"href":"https:\/\/www.oslomyntgalleri.no\/en\/wp-json\/wp\/v2\/product\/99547","targetHints":{"allow":["GET"]}}],"collection":[{"href":"https:\/\/www.oslomyntgalleri.no\/en\/wp-json\/wp\/v2\/product"}],"about":[{"href":"https:\/\/www.oslomyntgalleri.no\/en\/wp-json\/wp\/v2\/types\/product"}],"wp:featuredmedia":[{"embeddable":true,"href":"https:\/\/www.oslomyntgalleri.no\/en\/wp-json\/wp\/v2\/media\/112676"}],"wp:attachment":[{"href":"https:\/\/www.oslomyntgalleri.no\/en\/wp-json\/wp\/v2\/media?parent=99547"}],"wp:term":[{"taxonomy":"product_brand","embeddable":true,"href":"https:\/\/www.oslomyntgalleri.no\/en\/wp-json\/wp\/v2\/product_brand?post=99547"},{"taxonomy":"product_cat","embeddable":true,"href":"https:\/\/www.oslomyntgalleri.no\/en\/wp-json\/wp\/v2\/product_cat?post=99547"},{"taxonomy":"product_tag","embeddable":true,"href":"https:\/\/www.oslomyntgalleri.no\/en\/wp-json\/wp\/v2\/product_tag?post=99547"}],"curies":[{"name":"wp","href":"https:\/\/api.w.org\/{rel}","templated":true}]}}