{"id":92257,"date":"2023-11-11T09:00:36","date_gmt":"2023-11-11T08:00:36","guid":{"rendered":"https:\/\/www.oslomyntgalleri.no\/?post_type=product&#038;p=92257"},"modified":"2023-11-02T14:12:55","modified_gmt":"2023-11-02T13:12:55","slug":"1994-ol-lillehammer-solvpar-2-kvinnelige-hurtiglopere-og-barn-pa-ski-proof","status":"publish","type":"product","link":"https:\/\/www.oslomyntgalleri.no\/en\/produkt\/1994-ol-lillehammer-solvpar-2-kvinnelige-hurtiglopere-og-barn-pa-ski-proof\/","title":{"rendered":"1994 OL Lillehammer s\u00f8lvpar 2, Kvinnelige hurtigl\u00f8pere og Barn p\u00e5 ski, proof"},"content":{"rendered":"","protected":false},"excerpt":{"rendered":"<p>Med sertifikater og original emballasje.<\/p>\n<p><img loading=\"lazy\" decoding=\"async\" class=\"alignnone size-medium wp-image-68463\" src=\"https:\/\/www.oslomyntgalleri.no\/wp-content\/uploads\/0AA959BB-3C44-4698-91D4-45950E1F8289-565x362.jpeg\" alt=\"\" width=\"565\" height=\"362\" srcset=\"https:\/\/www.oslomyntgalleri.no\/wp-content\/uploads\/0AA959BB-3C44-4698-91D4-45950E1F8289-565x362.jpeg 565w, https:\/\/www.oslomyntgalleri.no\/wp-content\/uploads\/0AA959BB-3C44-4698-91D4-45950E1F8289-1180x756.jpeg 1180w, https:\/\/www.oslomyntgalleri.no\/wp-content\/uploads\/0AA959BB-3C44-4698-91D4-45950E1F8289-370x237.jpeg 370w, https:\/\/www.oslomyntgalleri.no\/wp-content\/uploads\/0AA959BB-3C44-4698-91D4-45950E1F8289-768x492.jpeg 768w, https:\/\/www.oslomyntgalleri.no\/wp-content\/uploads\/0AA959BB-3C44-4698-91D4-45950E1F8289-1536x985.jpeg 1536w, https:\/\/www.oslomyntgalleri.no\/wp-content\/uploads\/0AA959BB-3C44-4698-91D4-45950E1F8289-2048x1313.jpeg 2048w, https:\/\/www.oslomyntgalleri.no\/wp-content\/uploads\/0AA959BB-3C44-4698-91D4-45950E1F8289-420x269.jpeg 420w\" sizes=\"auto, (max-width: 565px) 100vw, 565px\" \/> <a href=\"https:\/\/www.oslomyntgalleri.no\/en\/produkt\/1994-ol-lillehammer-solvpar-2-kvinnelige-hurtiglopere-og-barn-pa-ski-proof\/\"><\/a><\/p>\n","protected":false},"featured_media":68536,"template":"","meta":{"_acf_changed":false},"product_brand":[],"product_cat":[],"product_tag":[],"class_list":{"0":"post-92257","1":"product","2":"type-product","3":"status-publish","4":"has-post-thumbnail","7":"first","8":"outofstock","9":"shipping-taxable","10":"purchasable","11":"product-type-simple"},"acf":[],"_links":{"self":[{"href":"https:\/\/www.oslomyntgalleri.no\/en\/wp-json\/wp\/v2\/product\/92257","targetHints":{"allow":["GET"]}}],"collection":[{"href":"https:\/\/www.oslomyntgalleri.no\/en\/wp-json\/wp\/v2\/product"}],"about":[{"href":"https:\/\/www.oslomyntgalleri.no\/en\/wp-json\/wp\/v2\/types\/product"}],"wp:featuredmedia":[{"embeddable":true,"href":"https:\/\/www.oslomyntgalleri.no\/en\/wp-json\/wp\/v2\/media\/68536"}],"wp:attachment":[{"href":"https:\/\/www.oslomyntgalleri.no\/en\/wp-json\/wp\/v2\/media?parent=92257"}],"wp:term":[{"taxonomy":"product_brand","embeddable":true,"href":"https:\/\/www.oslomyntgalleri.no\/en\/wp-json\/wp\/v2\/product_brand?post=92257"},{"taxonomy":"product_cat","embeddable":true,"href":"https:\/\/www.oslomyntgalleri.no\/en\/wp-json\/wp\/v2\/product_cat?post=92257"},{"taxonomy":"product_tag","embeddable":true,"href":"https:\/\/www.oslomyntgalleri.no\/en\/wp-json\/wp\/v2\/product_tag?post=92257"}],"curies":[{"name":"wp","href":"https:\/\/api.w.org\/{rel}","templated":true}]}}