{"id":85419,"date":"2026-05-05T09:01:22","date_gmt":"2026-05-05T07:01:22","guid":{"rendered":"https:\/\/www.oslomyntgalleri.no\/?post_type=product&#038;p=85419"},"modified":"2026-05-05T09:01:34","modified_gmt":"2026-05-05T07:01:34","slug":"1864-sverige-dukat-karl-xv-0","status":"publish","type":"product","link":"https:\/\/www.oslomyntgalleri.no\/en\/produkt\/1864-sverige-dukat-karl-xv-0\/","title":{"rendered":"1864 Sverige dukat Karl XV, 0\/01"},"content":{"rendered":"","protected":false},"excerpt":{"rendered":"<p class=\"font-claude-response-body break-words whitespace-normal leading-[1.7]\"><strong>1 Dukat \u00b7 Carl XV \u00b7 Sverige \u00b7 1864 \u00b7<\/strong><\/p>\n<p class=\"font-claude-response-body break-words whitespace-normal leading-[1.7]\">Carl XV (1859\u20131872), av huset Bernadotte, regjerte over Sverige og Norge i en periode preget av omfattende lovreformer \u2014 en historisk profil som speiles i myntens revers med mottoet <em>Land skall med lag byggas<\/em>. Dukaten ble preget i Stockholm i ni \u00e5r, fra 1860 til 1868, og representerer avslutningen p\u00e5 en lang skandinavisk tradisjonen med gulldukatpreging: Danmark hadde avviklet sin med Christian VII mot slutten av 1700-tallet, Norge hadde ingen selvstendig gulldukatrekke, og den nye kronasystemet fra 1873 avl\u00f8ste riksdalervalutaen. Carl XV-dukaten er dermed den siste skandinaviske gulldukat i ordin\u00e6r preging.<br \/>\nPortrettsiden viser kongen i h\u00f8yreprofil, stukket av myntmester Lea Ahlborn. Baksiden b\u00e6rer det kronede riksv\u00e5penet innrammet av Serafimerordenens krage.<\/p>\n<p>Sverige<\/p>\n<p>Carl XV 1859-72<br \/>\n1 dukat 1864<br \/>\nGull 0,976 \/ 3,48 g \/ 19.2 mm<br \/>\nKungliga Myntet Stockholm<br \/>\nKv. 0\/01<\/p>\n<p>Fr. 91 \/ SM. 5 \/ KM. 709 <a href=\"https:\/\/www.oslomyntgalleri.no\/en\/produkt\/1864-sverige-dukat-karl-xv-0\/\"><\/a><\/p>\n","protected":false},"featured_media":137923,"template":"","meta":{"_acf_changed":false},"product_brand":[],"product_cat":[143,186],"product_tag":[],"class_list":{"0":"post-85419","1":"product","2":"type-product","3":"status-publish","4":"has-post-thumbnail","6":"product_cat-gullmynter-2-en","7":"product_cat-sverige-en","9":"first","10":"instock","11":"shipping-taxable","12":"purchasable","13":"product-type-simple"},"acf":[],"_links":{"self":[{"href":"https:\/\/www.oslomyntgalleri.no\/en\/wp-json\/wp\/v2\/product\/85419","targetHints":{"allow":["GET"]}}],"collection":[{"href":"https:\/\/www.oslomyntgalleri.no\/en\/wp-json\/wp\/v2\/product"}],"about":[{"href":"https:\/\/www.oslomyntgalleri.no\/en\/wp-json\/wp\/v2\/types\/product"}],"wp:featuredmedia":[{"embeddable":true,"href":"https:\/\/www.oslomyntgalleri.no\/en\/wp-json\/wp\/v2\/media\/137923"}],"wp:attachment":[{"href":"https:\/\/www.oslomyntgalleri.no\/en\/wp-json\/wp\/v2\/media?parent=85419"}],"wp:term":[{"taxonomy":"product_brand","embeddable":true,"href":"https:\/\/www.oslomyntgalleri.no\/en\/wp-json\/wp\/v2\/product_brand?post=85419"},{"taxonomy":"product_cat","embeddable":true,"href":"https:\/\/www.oslomyntgalleri.no\/en\/wp-json\/wp\/v2\/product_cat?post=85419"},{"taxonomy":"product_tag","embeddable":true,"href":"https:\/\/www.oslomyntgalleri.no\/en\/wp-json\/wp\/v2\/product_tag?post=85419"}],"curies":[{"name":"wp","href":"https:\/\/api.w.org\/{rel}","templated":true}]}}