{"id":84414,"date":"2026-05-16T09:01:31","date_gmt":"2026-05-16T07:01:31","guid":{"rendered":"https:\/\/www.oslomyntgalleri.no\/?post_type=product&#038;p=84414"},"modified":"2026-05-11T22:45:47","modified_gmt":"2026-05-11T20:45:47","slug":"34-37-e-kr-divus-augustus-aeass-1143-g-preget-under-tiberius-roma-1-01","status":"publish","type":"product","link":"https:\/\/www.oslomyntgalleri.no\/en\/produkt\/34-37-e-kr-divus-augustus-aeass-1143-g-preget-under-tiberius-roma-1-01\/","title":{"rendered":"34-37 e.Kr. \u00c6 ass Divus Augustus, 11,43 g, preget under Tiberius, Roma, 1+\/01"},"content":{"rendered":"","protected":false},"excerpt":{"rendered":"<p class=\"font-claude-response-body break-words whitespace-normal leading-[1.7]\"><strong>Divus Augustus, as, Roma, ca. 34\u201337 e.Kr. \u2014 RIC I (Tiberius) 82<\/strong><\/p>\n<p class=\"font-claude-response-body break-words whitespace-normal leading-[1.7]\">Portrettsiden viser Divus Augustus med str\u00e5lekrone mot venstre. P\u00e5 baksiden st\u00e5r en \u00f8rn vendt mot h\u00f8yre, p\u00e5 en globus.<br \/>\nMynten er preget under Tiberius, trolig i de siste \u00e5rene av hans regjeringstid, som del av den posthume \u00e6ringen av Augustus etter hans d\u00f8d i 14 e.Kr. Det er verdt \u00e5 merke seg at Tiberius \u2014 som aldri syntes \u00e5 s\u00f8ke popularitet, og som trakk seg tilbake til Capri i 26 e.Kr. \u2014 likevel fant det n\u00f8dvendig \u00e5 knytte sitt navn til forgjengeren gjennom slike utgivelser. Behovet for \u00e5 legitimere makten gjennom Augustus var tydeligvis sterkere enn personligheten som bar den.<br \/>\nAssen var \u00e9n st\u00f8rrelse innenfor det romerske bronsehierarkiet \u2014 sestertius, dupondius, as \u2014 en hverdagsmynt beregnet p\u00e5 bred sirkulasjon. \u00d8rnen p\u00e5 baksiden gjenkjennes fra legionenes felttegn \u2014 aquila \u2014 og b\u00e6rer her den samme betydningen l\u00f8ftet til kosmisk niv\u00e5: verdensherred\u00f8mme forankret i guddommelig orden.<\/p>\n<p class=\"font-claude-response-body break-words whitespace-pre-wrap leading-[1.7]\">Romerriket<br \/>\nTiberius, 14-37 e.Kr<br \/>\nRoma As,<br \/>\nDivus Augustus \u2014 preget under Tiberius<br \/>\nBronse \/ 11,43 g \/ 27 mm<br \/>\nRoma<br \/>\nKv. VF+<br \/>\nRIC II 82 \/ BMC 144<\/p>\n<p> <a href=\"https:\/\/www.oslomyntgalleri.no\/en\/produkt\/34-37-e-kr-divus-augustus-aeass-1143-g-preget-under-tiberius-roma-1-01\/\"><\/a><\/p>\n","protected":false},"featured_media":138203,"template":"","meta":{"_acf_changed":false},"product_brand":[],"product_cat":[89,22],"product_tag":[],"class_list":{"0":"post-84414","1":"product","2":"type-product","3":"status-publish","4":"has-post-thumbnail","6":"product_cat-romersk-keisertid","7":"product_cat-romerske-mynter","9":"first","10":"instock","11":"shipping-taxable","12":"purchasable","13":"product-type-simple"},"acf":[],"_links":{"self":[{"href":"https:\/\/www.oslomyntgalleri.no\/en\/wp-json\/wp\/v2\/product\/84414","targetHints":{"allow":["GET"]}}],"collection":[{"href":"https:\/\/www.oslomyntgalleri.no\/en\/wp-json\/wp\/v2\/product"}],"about":[{"href":"https:\/\/www.oslomyntgalleri.no\/en\/wp-json\/wp\/v2\/types\/product"}],"wp:featuredmedia":[{"embeddable":true,"href":"https:\/\/www.oslomyntgalleri.no\/en\/wp-json\/wp\/v2\/media\/138203"}],"wp:attachment":[{"href":"https:\/\/www.oslomyntgalleri.no\/en\/wp-json\/wp\/v2\/media?parent=84414"}],"wp:term":[{"taxonomy":"product_brand","embeddable":true,"href":"https:\/\/www.oslomyntgalleri.no\/en\/wp-json\/wp\/v2\/product_brand?post=84414"},{"taxonomy":"product_cat","embeddable":true,"href":"https:\/\/www.oslomyntgalleri.no\/en\/wp-json\/wp\/v2\/product_cat?post=84414"},{"taxonomy":"product_tag","embeddable":true,"href":"https:\/\/www.oslomyntgalleri.no\/en\/wp-json\/wp\/v2\/product_tag?post=84414"}],"curies":[{"name":"wp","href":"https:\/\/api.w.org\/{rel}","templated":true}]}}