{"id":75435,"date":"2022-12-08T09:01:00","date_gmt":"2022-12-08T08:01:00","guid":{"rendered":"https:\/\/www.oslomyntgalleri.no\/?post_type=product&#038;p=75435"},"modified":"2023-03-27T13:32:52","modified_gmt":"2023-03-27T11:32:52","slug":"1928-frankrike-latham-medaljen-bronse-50-mm-01","status":"publish","type":"product","link":"https:\/\/www.oslomyntgalleri.no\/en\/produkt\/1928-frankrike-latham-medaljen-bronse-50-mm-01\/","title":{"rendered":"1928 Frankrike Latham medaljen, bronse, 50 mm, 01"},"content":{"rendered":"","protected":false},"excerpt":{"rendered":"<p>Umberto Nobile het en av Italias dyktigste luftskipsingeni\u00f8rer. Han bygget luftskipet Norge som var det f\u00f8rste som fl\u00f8y over Nordpolen i 1926. Med p\u00e5 denne turen var det totalt 16 menn, deriblant luftskipsf\u00f8rer Umberto Nobile og ekspedisjonsleder Roald Amundsen. Etter turen ble Nobile og Amundsen uvenner om hvem som hadde \u00e6ren for bragden. I 1928 var Nobile p\u00e5 vei til Nordpolen igjen, denne gangen i luftskipet Italia. Turen til Nordpolen gikk fint men p\u00e5 tilbaketuren forulykket luftskipet. Det ble satt i gang en stor redningsaksjon med deltakelse fra 7 forskjellige land. Roald Amundsen ville ogs\u00e5 v\u00e6re med og reiste ut fra Troms\u00f8 i flyet Latham sammen med Rene Guilbaud og fire andre. Flyet kom aldri fram til Svalbard slik det skulle og det ble satt i gang enda en leteaksjon. Denne gang etter Amundsen, Guilbaud og de fire andre som var besetning p\u00e5 Latham. Med Nobile og hans mannskap gikk det bra, de n\u00f8dlandet p\u00e5 isen og ble reddet derfra. Med Roald Amundsen og de andre som var ombord p\u00e5 Latham gikk det som kjent ikke bra, de forulykket et ukjent sted mellom Troms\u00f8 og Svalbard.<\/p>\n<p>Medaljen er delt ut av Marine Francaise til deltagere i denne leteaksjonen. Adversen er modellert av den kjente franske medaljegrav\u00f8ren Louis Bottee og er utf\u00f8rt i en flott og h\u00f8yt relieff. <a href=\"https:\/\/www.oslomyntgalleri.no\/en\/produkt\/1928-frankrike-latham-medaljen-bronse-50-mm-01\/\"><\/a><\/p>\n","protected":false},"featured_media":75361,"template":"","meta":{"_acf_changed":false},"product_brand":[],"product_cat":[147],"product_tag":[],"class_list":{"0":"post-75435","1":"product","2":"type-product","3":"status-publish","4":"has-post-thumbnail","6":"product_cat-medaljer-verden-en","8":"first","9":"instock","10":"shipping-taxable","11":"purchasable","12":"product-type-simple"},"acf":[],"_links":{"self":[{"href":"https:\/\/www.oslomyntgalleri.no\/en\/wp-json\/wp\/v2\/product\/75435","targetHints":{"allow":["GET"]}}],"collection":[{"href":"https:\/\/www.oslomyntgalleri.no\/en\/wp-json\/wp\/v2\/product"}],"about":[{"href":"https:\/\/www.oslomyntgalleri.no\/en\/wp-json\/wp\/v2\/types\/product"}],"wp:featuredmedia":[{"embeddable":true,"href":"https:\/\/www.oslomyntgalleri.no\/en\/wp-json\/wp\/v2\/media\/75361"}],"wp:attachment":[{"href":"https:\/\/www.oslomyntgalleri.no\/en\/wp-json\/wp\/v2\/media?parent=75435"}],"wp:term":[{"taxonomy":"product_brand","embeddable":true,"href":"https:\/\/www.oslomyntgalleri.no\/en\/wp-json\/wp\/v2\/product_brand?post=75435"},{"taxonomy":"product_cat","embeddable":true,"href":"https:\/\/www.oslomyntgalleri.no\/en\/wp-json\/wp\/v2\/product_cat?post=75435"},{"taxonomy":"product_tag","embeddable":true,"href":"https:\/\/www.oslomyntgalleri.no\/en\/wp-json\/wp\/v2\/product_tag?post=75435"}],"curies":[{"name":"wp","href":"https:\/\/api.w.org\/{rel}","templated":true}]}}