{"id":68067,"date":"2022-08-06T09:00:50","date_gmt":"2022-08-06T07:00:50","guid":{"rendered":"https:\/\/www.oslomyntgalleri.no\/?post_type=product&#038;p=68067"},"modified":"2026-05-03T16:52:58","modified_gmt":"2026-05-03T14:52:58","slug":"41-f-kr-ar-denarius-marcus-antonius-octavian-ephesus-1-01","status":"publish","type":"product","link":"https:\/\/www.oslomyntgalleri.no\/en\/produkt\/41-f-kr-ar-denarius-marcus-antonius-octavian-ephesus-1-01\/","title":{"rendered":"41 f. Kr. AR denarius Marcus Antonius &#038; Octavian, Ephesos, 1+\/01"},"content":{"rendered":"","protected":false},"excerpt":{"rendered":"<p class=\"font-claude-response-body break-words whitespace-normal leading-[1.7]\"><strong>AR denarius, Marcus Antonius &amp; Octavian, Efesos, 41 f. Kr.\u00a0<\/strong><\/p>\n<p class=\"font-claude-response-body break-words whitespace-normal leading-[1.7]\"><em>Plassert under provinsmynter av praktiske hensyn \u2014 mynten tilh\u00f8rer den imperatoriske perioden og er preget av triumvirene utenfor Roma.<\/em><\/p>\n<p class=\"font-claude-response-body break-words whitespace-normal leading-[1.7]\">Forsiden viser Marcus Antonius mot h\u00f8yre, baksiden Octavian \u2014 to menn som delte verden mellom seg etter seieren over Brutus og Cassius ved Filippi \u00e5ret f\u00f8r. Mynten ble preget i Efesos, i hjertet av Antonius&#8217; \u00f8stlige maktsf\u00e6re, mens forberedelsene til det store Partherfelttog var i gang.<\/p>\n<p class=\"font-claude-response-body break-words whitespace-normal leading-[1.7]\">Efesos var ingen tilfeldig pregersted. Byen l\u00e5 ved enden av den store handelsruten mot \u00f8st, med en av Middelhavets viktigste havner og et kulturliv som knapt hadde sidestykke utenfor Roma \u2014 en fri by med egne lover og en gresk arv intakt under romersk overh\u00f8yhet. Marmorgater, filosofskoler, et av verdens st\u00f8rste teatre og Artemis-templet, regnet blant antikkens syv underverker, ga byen en glans som tiltrakk seg makt og mennesker fra hele den kjente verden. Det var her Antonius bygde sin \u00f8stlige maktbase, og det var i Tarsus, ikke langt unna, at Kleopatra ankom med en prangende fl\u00e5te for \u00e5 m\u00f8te ham for f\u00f8rste gang p\u00e5 like fot \u2014 et m\u00f8te som innledet b\u00e5de et politisk forbund og et forhold som skulle prege det \u00f8stlige Middelhavet i et ti\u00e5r. Under beskyttelse av det samme Artemis-templet levde samtidig Kleopatras halvs\u00f8ster Arsinoe i eksil. P\u00e5 Kleopatras anmodning beordret Antonius hennes henrettelse \u2014 hun ble drept p\u00e5 tempelterskelen i Efesos. De to portrettene p\u00e5 mynten utstr\u00e5ler myndighet og samhold. Innen ti \u00e5r ville en av dem ha eliminert den andre.<\/p>\n<p>Romersk imperatoriske perioden<br \/>\nMoneyer M. Barbatius Pollio<br \/>\nMarcus Antonius &amp; Octavian<br \/>\nDenarius 41 f.Kr.<br \/>\nMint Ephesos<br \/>\nKv. 1+\/01<\/p>\n<p>Crawford 517\/2 \/ Sear 1504<\/p>\n<p> <a href=\"https:\/\/www.oslomyntgalleri.no\/en\/produkt\/41-f-kr-ar-denarius-marcus-antonius-octavian-ephesus-1-01\/\"><\/a><\/p>\n","protected":false},"featured_media":67963,"template":"","meta":{"_acf_changed":false},"product_brand":[],"product_cat":[180,182],"product_tag":[],"class_list":{"0":"post-68067","1":"product","2":"type-product","3":"status-publish","4":"has-post-thumbnail","6":"product_cat-romerske-mynter-en","7":"product_cat-romersk-provinsmynt-en","9":"first","10":"instock","11":"shipping-taxable","12":"purchasable","13":"product-type-simple"},"acf":[],"_links":{"self":[{"href":"https:\/\/www.oslomyntgalleri.no\/en\/wp-json\/wp\/v2\/product\/68067","targetHints":{"allow":["GET"]}}],"collection":[{"href":"https:\/\/www.oslomyntgalleri.no\/en\/wp-json\/wp\/v2\/product"}],"about":[{"href":"https:\/\/www.oslomyntgalleri.no\/en\/wp-json\/wp\/v2\/types\/product"}],"wp:featuredmedia":[{"embeddable":true,"href":"https:\/\/www.oslomyntgalleri.no\/en\/wp-json\/wp\/v2\/media\/67963"}],"wp:attachment":[{"href":"https:\/\/www.oslomyntgalleri.no\/en\/wp-json\/wp\/v2\/media?parent=68067"}],"wp:term":[{"taxonomy":"product_brand","embeddable":true,"href":"https:\/\/www.oslomyntgalleri.no\/en\/wp-json\/wp\/v2\/product_brand?post=68067"},{"taxonomy":"product_cat","embeddable":true,"href":"https:\/\/www.oslomyntgalleri.no\/en\/wp-json\/wp\/v2\/product_cat?post=68067"},{"taxonomy":"product_tag","embeddable":true,"href":"https:\/\/www.oslomyntgalleri.no\/en\/wp-json\/wp\/v2\/product_tag?post=68067"}],"curies":[{"name":"wp","href":"https:\/\/api.w.org\/{rel}","templated":true}]}}