{"id":50071,"date":"2021-06-22T09:07:04","date_gmt":"2021-06-22T07:07:04","guid":{"rendered":"https:\/\/www.oslomyntgalleri.no\/?post_type=product&#038;p=50071"},"modified":"2021-06-28T11:25:18","modified_gmt":"2021-06-28T09:25:18","slug":"114-116-ae-dupondius-trajan-98-117-roma-1-01","status":"publish","type":"product","link":"https:\/\/www.oslomyntgalleri.no\/en\/produkt\/114-116-ae-dupondius-trajan-98-117-roma-1-01\/","title":{"rendered":"114-116 AE dupondius Trajan 98-117, Roma, 1+\/01 &#8211; TRAJANS\u00d8YLEN"},"content":{"rendered":"","protected":false},"excerpt":{"rendered":"<p>Trajans\u00f8ylen er et av f\u00e5 storsl\u00e5tte byggverk i Roma som har overlevd tidens tann s\u00e5 og si intakt. S\u00f8ylen ble reist av Trajan etter triumfen mot Dakia og er kledd med et detaljert spiralformet figurrelieff som framstiller ulike slagscener og andre viktige hendelser fra krigen. S\u00f8ylen tilh\u00f8rer Trajans forum og var sannsynligvis malt i ulike farger og dekortert med ulike bronsegjenstander som gjorde relieffene sv\u00e6rt &#8220;levende&#8221; og lette \u00e5 beskue fra avstand. S\u00f8ylen var omkranset av to biblioteker og Basilica Ulpia som det i dag bare finnes sm\u00e5 rester igjen av. Statuen av Trajan ble byttet ut med en statue av apostelen Peter i 1587 som st\u00e5r der fortsatt. <a href=\"https:\/\/www.oslomyntgalleri.no\/en\/produkt\/114-116-ae-dupondius-trajan-98-117-roma-1-01\/\"><\/a><\/p>\n","protected":false},"featured_media":49768,"template":"","meta":{"_acf_changed":false},"product_brand":[],"product_cat":[180,181],"product_tag":[],"class_list":{"0":"post-50071","1":"product","2":"type-product","3":"status-publish","4":"has-post-thumbnail","6":"product_cat-romerske-mynter-en","7":"product_cat-romersk-keisertid-en","9":"first","10":"instock","11":"shipping-taxable","12":"purchasable","13":"product-type-simple"},"acf":[],"_links":{"self":[{"href":"https:\/\/www.oslomyntgalleri.no\/en\/wp-json\/wp\/v2\/product\/50071","targetHints":{"allow":["GET"]}}],"collection":[{"href":"https:\/\/www.oslomyntgalleri.no\/en\/wp-json\/wp\/v2\/product"}],"about":[{"href":"https:\/\/www.oslomyntgalleri.no\/en\/wp-json\/wp\/v2\/types\/product"}],"wp:featuredmedia":[{"embeddable":true,"href":"https:\/\/www.oslomyntgalleri.no\/en\/wp-json\/wp\/v2\/media\/49768"}],"wp:attachment":[{"href":"https:\/\/www.oslomyntgalleri.no\/en\/wp-json\/wp\/v2\/media?parent=50071"}],"wp:term":[{"taxonomy":"product_brand","embeddable":true,"href":"https:\/\/www.oslomyntgalleri.no\/en\/wp-json\/wp\/v2\/product_brand?post=50071"},{"taxonomy":"product_cat","embeddable":true,"href":"https:\/\/www.oslomyntgalleri.no\/en\/wp-json\/wp\/v2\/product_cat?post=50071"},{"taxonomy":"product_tag","embeddable":true,"href":"https:\/\/www.oslomyntgalleri.no\/en\/wp-json\/wp\/v2\/product_tag?post=50071"}],"curies":[{"name":"wp","href":"https:\/\/api.w.org\/{rel}","templated":true}]}}