{"id":49584,"date":"2022-12-01T09:00:25","date_gmt":"2022-12-01T08:00:25","guid":{"rendered":"https:\/\/www.oslomyntgalleri.no\/?post_type=product&#038;p=49584"},"modified":"2022-12-01T09:00:26","modified_gmt":"2022-12-01T08:00:26","slug":"1704-frederik-iv-besok-pa-kongsberg-ukjent-medaljor-solv-43-mm-1","status":"publish","type":"product","link":"https:\/\/www.oslomyntgalleri.no\/en\/produkt\/1704-frederik-iv-besok-pa-kongsberg-ukjent-medaljor-solv-43-mm-1\/","title":{"rendered":"1704 Frederik IV Bes\u00f8k p\u00e5 Kongsberg, ukjent medalj\u00f8r, s\u00f8lv, 43 mm, 1+"},"content":{"rendered":"","protected":false},"excerpt":{"rendered":"","protected":false},"featured_media":49580,"template":"","meta":{"_acf_changed":false},"product_brand":[],"product_cat":[146],"product_tag":[],"class_list":{"0":"post-49584","1":"product","2":"type-product","3":"status-publish","4":"has-post-thumbnail","6":"product_cat-medaljer-norge-en","8":"first","9":"instock","10":"shipping-taxable","11":"purchasable","12":"product-type-simple"},"acf":[],"_links":{"self":[{"href":"https:\/\/www.oslomyntgalleri.no\/en\/wp-json\/wp\/v2\/product\/49584","targetHints":{"allow":["GET"]}}],"collection":[{"href":"https:\/\/www.oslomyntgalleri.no\/en\/wp-json\/wp\/v2\/product"}],"about":[{"href":"https:\/\/www.oslomyntgalleri.no\/en\/wp-json\/wp\/v2\/types\/product"}],"wp:featuredmedia":[{"embeddable":true,"href":"https:\/\/www.oslomyntgalleri.no\/en\/wp-json\/wp\/v2\/media\/49580"}],"wp:attachment":[{"href":"https:\/\/www.oslomyntgalleri.no\/en\/wp-json\/wp\/v2\/media?parent=49584"}],"wp:term":[{"taxonomy":"product_brand","embeddable":true,"href":"https:\/\/www.oslomyntgalleri.no\/en\/wp-json\/wp\/v2\/product_brand?post=49584"},{"taxonomy":"product_cat","embeddable":true,"href":"https:\/\/www.oslomyntgalleri.no\/en\/wp-json\/wp\/v2\/product_cat?post=49584"},{"taxonomy":"product_tag","embeddable":true,"href":"https:\/\/www.oslomyntgalleri.no\/en\/wp-json\/wp\/v2\/product_tag?post=49584"}],"curies":[{"name":"wp","href":"https:\/\/api.w.org\/{rel}","templated":true}]}}