{"id":47245,"date":"2016-11-15T12:21:02","date_gmt":"2016-11-15T11:21:02","guid":{"rendered":"https:\/\/www.oslomyntgalleri.no\/product\/ioann-bruun-og-flemming-weye-smor-og-monter\/"},"modified":"2025-05-08T10:15:00","modified_gmt":"2025-05-08T08:15:00","slug":"ioann-bruun-og-flemming-weye-smor-og-monter","status":"publish","type":"product","link":"https:\/\/www.oslomyntgalleri.no\/en\/produkt\/ioann-bruun-og-flemming-weye-smor-og-monter\/","title":{"rendered":"Ioann Bruun og Flemming Weye : Sm\u00f8r og m\u00f8nter"},"content":{"rendered":"","protected":false},"excerpt":{"rendered":"<p>Historien om stork\u00f8bmanden og m\u00f8ntsamleren Lars Emil Bruun. <a href=\"https:\/\/www.oslomyntgalleri.no\/en\/produkt\/ioann-bruun-og-flemming-weye-smor-og-monter\/\"><\/a><\/p>\n","protected":false},"featured_media":47247,"template":"","meta":{"_acf_changed":false},"product_brand":[],"product_cat":[145],"product_tag":[],"class_list":{"0":"post-47245","1":"product","2":"type-product","3":"status-publish","4":"has-post-thumbnail","6":"product_cat-litteratur-en","8":"first","9":"instock","10":"shipping-taxable","11":"purchasable","12":"product-type-simple"},"acf":[],"_links":{"self":[{"href":"https:\/\/www.oslomyntgalleri.no\/en\/wp-json\/wp\/v2\/product\/47245","targetHints":{"allow":["GET"]}}],"collection":[{"href":"https:\/\/www.oslomyntgalleri.no\/en\/wp-json\/wp\/v2\/product"}],"about":[{"href":"https:\/\/www.oslomyntgalleri.no\/en\/wp-json\/wp\/v2\/types\/product"}],"wp:featuredmedia":[{"embeddable":true,"href":"https:\/\/www.oslomyntgalleri.no\/en\/wp-json\/wp\/v2\/media\/47247"}],"wp:attachment":[{"href":"https:\/\/www.oslomyntgalleri.no\/en\/wp-json\/wp\/v2\/media?parent=47245"}],"wp:term":[{"taxonomy":"product_brand","embeddable":true,"href":"https:\/\/www.oslomyntgalleri.no\/en\/wp-json\/wp\/v2\/product_brand?post=47245"},{"taxonomy":"product_cat","embeddable":true,"href":"https:\/\/www.oslomyntgalleri.no\/en\/wp-json\/wp\/v2\/product_cat?post=47245"},{"taxonomy":"product_tag","embeddable":true,"href":"https:\/\/www.oslomyntgalleri.no\/en\/wp-json\/wp\/v2\/product_tag?post=47245"}],"curies":[{"name":"wp","href":"https:\/\/api.w.org\/{rel}","templated":true}]}}