{"id":46317,"date":"2022-12-25T09:00:19","date_gmt":"2022-12-25T08:00:19","guid":{"rendered":"https:\/\/www.oslomyntgalleri.no\/product\/181-commodus-177-192-aeas-roma-101\/"},"modified":"2022-12-25T09:00:23","modified_gmt":"2022-12-25T08:00:23","slug":"181-commodus-177-192-aeas-roma-101","status":"publish","type":"product","link":"https:\/\/www.oslomyntgalleri.no\/en\/produkt\/181-commodus-177-192-aeas-roma-101\/","title":{"rendered":"181  \u00c6as Commodus (177-192), Roma, 1+\/01"},"content":{"rendered":"","protected":false},"excerpt":{"rendered":"<p>Commodus (177-192 e.Kr.). \u00c6 ass, Roma 181 e.Kr. 11,24 g. Byste av Keiseren mot h\u00f8yre, if\u00f8rt laurb\u00e6rkrans \/ Keiseren kj\u00f8rende i triumfkvadriga mot venstre, holder septer med \u00f8rnefigur. Sear 5889. Brun patina med lysegr\u00f8nne sjatteringer. Noe glattet og enkelte detaljer er litt oppgravert. 1+\/01. Brown patina with green deposits. Gently smoothed and some tooling of a few details. Extremely fine. <a href=\"https:\/\/www.oslomyntgalleri.no\/en\/produkt\/181-commodus-177-192-aeas-roma-101\/\"><\/a><\/p>\n","protected":false},"featured_media":76396,"template":"","meta":{"_acf_changed":false},"product_brand":[],"product_cat":[180,181],"product_tag":[],"class_list":{"0":"post-46317","1":"product","2":"type-product","3":"status-publish","4":"has-post-thumbnail","6":"product_cat-romerske-mynter-en","7":"product_cat-romersk-keisertid-en","9":"first","10":"instock","11":"shipping-taxable","12":"purchasable","13":"product-type-simple"},"acf":[],"_links":{"self":[{"href":"https:\/\/www.oslomyntgalleri.no\/en\/wp-json\/wp\/v2\/product\/46317","targetHints":{"allow":["GET"]}}],"collection":[{"href":"https:\/\/www.oslomyntgalleri.no\/en\/wp-json\/wp\/v2\/product"}],"about":[{"href":"https:\/\/www.oslomyntgalleri.no\/en\/wp-json\/wp\/v2\/types\/product"}],"wp:featuredmedia":[{"embeddable":true,"href":"https:\/\/www.oslomyntgalleri.no\/en\/wp-json\/wp\/v2\/media\/76396"}],"wp:attachment":[{"href":"https:\/\/www.oslomyntgalleri.no\/en\/wp-json\/wp\/v2\/media?parent=46317"}],"wp:term":[{"taxonomy":"product_brand","embeddable":true,"href":"https:\/\/www.oslomyntgalleri.no\/en\/wp-json\/wp\/v2\/product_brand?post=46317"},{"taxonomy":"product_cat","embeddable":true,"href":"https:\/\/www.oslomyntgalleri.no\/en\/wp-json\/wp\/v2\/product_cat?post=46317"},{"taxonomy":"product_tag","embeddable":true,"href":"https:\/\/www.oslomyntgalleri.no\/en\/wp-json\/wp\/v2\/product_tag?post=46317"}],"curies":[{"name":"wp","href":"https:\/\/api.w.org\/{rel}","templated":true}]}}