{"id":43321,"date":"2020-04-24T09:25:13","date_gmt":"2020-04-24T07:25:13","guid":{"rendered":"https:\/\/www.oslomyntgalleri.no\/product\/171-ad-marcus-aurelius-161-180-ae-sestertius-2250-g-roma-01\/"},"modified":"2020-04-24T09:25:13","modified_gmt":"2020-04-24T07:25:13","slug":"171-ad-marcus-aurelius-161-180-ae-sestertius-2250-g-roma-01","status":"publish","type":"product","link":"https:\/\/www.oslomyntgalleri.no\/en\/produkt\/171-ad-marcus-aurelius-161-180-ae-sestertius-2250-g-roma-01\/","title":{"rendered":"171 AD  Marcus Aurelius (161-180) \u00c6 sestertius (22,50 g), Roma, kantskrape, 1+\/01"},"content":{"rendered":"","protected":false},"excerpt":{"rendered":"<p>Marcus Aurelius (161-180 e.Kr.). \u00c6 sestertius, Roma 171 e.Kr. Byste av keiseren mot h\u00f8yre, if\u00f8rt laurb\u00e6rkans\/PRIMI DECENNALES COS II SC i fem linjer omgitt av eikekrans. Sear 4992.\u00a0M\u00f8rk patina og godt bevarte overflater. Kantskrape og litt korrosjon p\u00e5 reversen. 1+\/01. Dark patina and well preserved surfaces. Edge scuff and some minor corrosion on the reverse. Extremely fine.<\/p>\n<p>&nbsp; <a href=\"https:\/\/www.oslomyntgalleri.no\/en\/produkt\/171-ad-marcus-aurelius-161-180-ae-sestertius-2250-g-roma-01\/\"><\/a><\/p>\n","protected":false},"featured_media":43322,"template":"","meta":{"_acf_changed":false},"product_brand":[],"product_cat":[180,181],"product_tag":[],"class_list":{"0":"post-43321","1":"product","2":"type-product","3":"status-publish","4":"has-post-thumbnail","6":"product_cat-romerske-mynter-en","7":"product_cat-romersk-keisertid-en","9":"first","10":"instock","11":"shipping-taxable","12":"purchasable","13":"product-type-simple"},"acf":[],"_links":{"self":[{"href":"https:\/\/www.oslomyntgalleri.no\/en\/wp-json\/wp\/v2\/product\/43321","targetHints":{"allow":["GET"]}}],"collection":[{"href":"https:\/\/www.oslomyntgalleri.no\/en\/wp-json\/wp\/v2\/product"}],"about":[{"href":"https:\/\/www.oslomyntgalleri.no\/en\/wp-json\/wp\/v2\/types\/product"}],"wp:featuredmedia":[{"embeddable":true,"href":"https:\/\/www.oslomyntgalleri.no\/en\/wp-json\/wp\/v2\/media\/43322"}],"wp:attachment":[{"href":"https:\/\/www.oslomyntgalleri.no\/en\/wp-json\/wp\/v2\/media?parent=43321"}],"wp:term":[{"taxonomy":"product_brand","embeddable":true,"href":"https:\/\/www.oslomyntgalleri.no\/en\/wp-json\/wp\/v2\/product_brand?post=43321"},{"taxonomy":"product_cat","embeddable":true,"href":"https:\/\/www.oslomyntgalleri.no\/en\/wp-json\/wp\/v2\/product_cat?post=43321"},{"taxonomy":"product_tag","embeddable":true,"href":"https:\/\/www.oslomyntgalleri.no\/en\/wp-json\/wp\/v2\/product_tag?post=43321"}],"curies":[{"name":"wp","href":"https:\/\/api.w.org\/{rel}","templated":true}]}}