{"id":43056,"date":"2020-06-03T09:27:04","date_gmt":"2020-06-03T07:27:04","guid":{"rendered":"https:\/\/www.oslomyntgalleri.no\/product\/1644-2-mark-christian-iv-1\/"},"modified":"2025-07-02T11:11:18","modified_gmt":"2025-07-02T09:11:18","slug":"1644-2-mark-christian-iv-1","status":"publish","type":"product","link":"https:\/\/www.oslomyntgalleri.no\/en\/produkt\/1644-2-mark-christian-iv-1\/","title":{"rendered":"1644  2 mark Christian IV., 1+"},"content":{"rendered":"","protected":false},"excerpt":{"rendered":"<p>Ex. Oslo Mynthandel A\/S 26\/227<\/p>\n<p><strong><em>Hebreere<\/em><\/strong><\/p>\n<p><em>I perioden 1644-1647 slo Christian IV norske 1-marker og 2-marker som har en ganske spesiell innskrift p\u00e5 reversen. Her kan man lese \u00abIUSTUS JEHOVA IUDEX\u00bb hvor Jehova er skrevet med hebraiske bokstaver, derav navnet Hebreer. Oversatt f\u00e5r man setningen \u00abGud er rettferdig dommer\u00bb. Christian m\u00f8tte stor motgang i krigen mot Sverige som br\u00f8t ut i 1643, og i sin bitterhet h\u00e5pet han kanskje p\u00e5 en guddommelig intervensjon som skulle straffe svenskene? Myntene skulle i hovedsak brukes til \u00e5 betale soldater som kriget for Danmark og kanskje skulle formaningen om rettferdighet fra Gud ogs\u00e5 gi moralsk st\u00f8tte til soldatene? Kongens b\u00f8nner ble uansett ikke h\u00f8rt og det endte med at svenskene vant krigen og Danmark m\u00e5tte avst\u00e5 store landomr\u00e5der til Sverige under freden i Br\u00f6msebro i 1645. Det lave s\u00f8lvinnholdet i hebreermyntene gjenspeiler pengen\u00f8den som Danmark led under i denne perioden. Markmyntene er klart underl\u00f8dige og i 1648 ble myntene satt ned fra henholdsvis 32 skilling og 16 skilling til 28 skilling og 14 skilling.<\/em> <a href=\"https:\/\/www.oslomyntgalleri.no\/en\/produkt\/1644-2-mark-christian-iv-1\/\"><\/a><\/p>\n","protected":false},"featured_media":43057,"template":"","meta":{"_acf_changed":false},"product_brand":[],"product_cat":[149,153],"product_tag":[],"class_list":{"0":"post-43056","1":"product","2":"type-product","3":"status-publish","4":"has-post-thumbnail","6":"product_cat-norge-for-1874-en","7":"product_cat-christian-iv-en","9":"first","10":"instock","11":"shipping-taxable","12":"purchasable","13":"product-type-simple"},"acf":[],"_links":{"self":[{"href":"https:\/\/www.oslomyntgalleri.no\/en\/wp-json\/wp\/v2\/product\/43056","targetHints":{"allow":["GET"]}}],"collection":[{"href":"https:\/\/www.oslomyntgalleri.no\/en\/wp-json\/wp\/v2\/product"}],"about":[{"href":"https:\/\/www.oslomyntgalleri.no\/en\/wp-json\/wp\/v2\/types\/product"}],"wp:featuredmedia":[{"embeddable":true,"href":"https:\/\/www.oslomyntgalleri.no\/en\/wp-json\/wp\/v2\/media\/43057"}],"wp:attachment":[{"href":"https:\/\/www.oslomyntgalleri.no\/en\/wp-json\/wp\/v2\/media?parent=43056"}],"wp:term":[{"taxonomy":"product_brand","embeddable":true,"href":"https:\/\/www.oslomyntgalleri.no\/en\/wp-json\/wp\/v2\/product_brand?post=43056"},{"taxonomy":"product_cat","embeddable":true,"href":"https:\/\/www.oslomyntgalleri.no\/en\/wp-json\/wp\/v2\/product_cat?post=43056"},{"taxonomy":"product_tag","embeddable":true,"href":"https:\/\/www.oslomyntgalleri.no\/en\/wp-json\/wp\/v2\/product_tag?post=43056"}],"curies":[{"name":"wp","href":"https:\/\/api.w.org\/{rel}","templated":true}]}}