{"id":42479,"date":"2020-11-18T09:15:04","date_gmt":"2020-11-18T08:15:04","guid":{"rendered":"https:\/\/www.oslomyntgalleri.no\/product\/1897-sverige-oscar-ii-25-ars-regjering-01\/"},"modified":"2020-11-18T09:15:04","modified_gmt":"2020-11-18T08:15:04","slug":"1897-sverige-oscar-ii-25-ars-regjering-01","status":"publish","type":"product","link":"https:\/\/www.oslomyntgalleri.no\/en\/produkt\/1897-sverige-oscar-ii-25-ars-regjering-01\/","title":{"rendered":"1897 Sverige Oscar II 25 \u00e5rs regjering, lys bl\u00e5 emalje, 01"},"content":{"rendered":"<p>30&#215;52 mm, lys bl\u00e5 emalje<\/p>\n","protected":false},"excerpt":{"rendered":"<p>30&#215;52 mm, lys bl\u00e5 emalje<\/p>\n","protected":false},"featured_media":36069,"template":"","meta":{"_acf_changed":false},"product_brand":[],"product_cat":[147],"product_tag":[],"class_list":{"0":"post-42479","1":"product","2":"type-product","3":"status-publish","4":"has-post-thumbnail","6":"product_cat-medaljer-verden-en","8":"first","9":"instock","10":"shipping-taxable","11":"purchasable","12":"product-type-simple"},"acf":[],"_links":{"self":[{"href":"https:\/\/www.oslomyntgalleri.no\/en\/wp-json\/wp\/v2\/product\/42479","targetHints":{"allow":["GET"]}}],"collection":[{"href":"https:\/\/www.oslomyntgalleri.no\/en\/wp-json\/wp\/v2\/product"}],"about":[{"href":"https:\/\/www.oslomyntgalleri.no\/en\/wp-json\/wp\/v2\/types\/product"}],"wp:featuredmedia":[{"embeddable":true,"href":"https:\/\/www.oslomyntgalleri.no\/en\/wp-json\/wp\/v2\/media\/36069"}],"wp:attachment":[{"href":"https:\/\/www.oslomyntgalleri.no\/en\/wp-json\/wp\/v2\/media?parent=42479"}],"wp:term":[{"taxonomy":"product_brand","embeddable":true,"href":"https:\/\/www.oslomyntgalleri.no\/en\/wp-json\/wp\/v2\/product_brand?post=42479"},{"taxonomy":"product_cat","embeddable":true,"href":"https:\/\/www.oslomyntgalleri.no\/en\/wp-json\/wp\/v2\/product_cat?post=42479"},{"taxonomy":"product_tag","embeddable":true,"href":"https:\/\/www.oslomyntgalleri.no\/en\/wp-json\/wp\/v2\/product_tag?post=42479"}],"curies":[{"name":"wp","href":"https:\/\/api.w.org\/{rel}","templated":true}]}}