{"id":42428,"date":"2020-12-01T09:00:00","date_gmt":"2020-12-01T08:00:00","guid":{"rendered":"https:\/\/www.oslomyntgalleri.no\/product\/1689-12-skilling-sommerschydtz-christian-v-boyd-1-01\/"},"modified":"2025-07-03T10:43:30","modified_gmt":"2025-07-03T08:43:30","slug":"1689-12-skilling-sommerschydtz-christian-v-boyd-1-01","status":"publish","type":"product","link":"https:\/\/www.oslomyntgalleri.no\/en\/produkt\/1689-12-skilling-sommerschydtz-christian-v-boyd-1-01\/","title":{"rendered":"1689  12 skilling Sommerschydtz Christian V., b\u00f8yd, 1+\/01"},"content":{"rendered":"","protected":false},"excerpt":{"rendered":"<p>Christian V. 12 skilling Sommerschydtz, Christiania 1689. S.19, NMD.127. Noe b\u00f8yd blankett. Pent eksemplar med noen jordavsetninger og enkelte sm\u00e5 riper. Kvalitet 1+\/01.<\/p>\n<p><em>Denne mynten er preget i Christiania etter at myntmester Peter Gr\u00fcner f.o.m. 1687 hadde begynt \u00e5 drive myntverket der for egen regning, som s\u00e5kalt forpaktningsmynt. Landets hovedmyntverksted ble i 1686 flyttet fra Christiania til Kongsberg. I \u00e5rene fra 1687 til 1695, da mynten i Kristiania ble drevet som privat virksomhet, ble det hvert \u00e5r utmyntet 4-marker. Eneste unntaket fra denne regelen er \u00e5ret 1689 da det ogs\u00e5 ble sl\u00e5tt 8 skillinger og de to merkelige myntene med innskrift XVI WINTER SCHYDTZ P og XII SOMMER SCHYDTZ P. \u00a0Disse var brukt ved reiser i Norge, den ene utgjorde betaling for skyss om sommeren og den andre for samme lengde om vinteren. I katalogen over Krebers samlig (1841) blir bokstaven P i innskriften p\u00e5 myntene tolket som forkortelse for ordet &#8220;post&#8221;. Det er ikke klart hvor denne tolkningen er tatt fra, men faktum er at myntmester Gr\u00fcner nettopp i 1689 ble utnevnt til postmester for Kristiania og omegn. I dag tolker de fleste P som forkortelse for &#8220;penge&#8221; slik at innskriften tolkes som 16 skilling vinterskysspenge og 12 skilling sommerskysspenge.<\/em><\/p>\n<p>&nbsp; <a href=\"https:\/\/www.oslomyntgalleri.no\/en\/produkt\/1689-12-skilling-sommerschydtz-christian-v-boyd-1-01\/\"><\/a><\/p>\n","protected":false},"featured_media":36262,"template":"","meta":{"_acf_changed":false},"product_brand":[],"product_cat":[154,149],"product_tag":[],"class_list":{"0":"post-42428","1":"product","2":"type-product","3":"status-publish","4":"has-post-thumbnail","6":"product_cat-christian-v-en","7":"product_cat-norge-for-1874-en","9":"first","10":"instock","11":"shipping-taxable","12":"purchasable","13":"product-type-simple"},"acf":[],"_links":{"self":[{"href":"https:\/\/www.oslomyntgalleri.no\/en\/wp-json\/wp\/v2\/product\/42428","targetHints":{"allow":["GET"]}}],"collection":[{"href":"https:\/\/www.oslomyntgalleri.no\/en\/wp-json\/wp\/v2\/product"}],"about":[{"href":"https:\/\/www.oslomyntgalleri.no\/en\/wp-json\/wp\/v2\/types\/product"}],"wp:featuredmedia":[{"embeddable":true,"href":"https:\/\/www.oslomyntgalleri.no\/en\/wp-json\/wp\/v2\/media\/36262"}],"wp:attachment":[{"href":"https:\/\/www.oslomyntgalleri.no\/en\/wp-json\/wp\/v2\/media?parent=42428"}],"wp:term":[{"taxonomy":"product_brand","embeddable":true,"href":"https:\/\/www.oslomyntgalleri.no\/en\/wp-json\/wp\/v2\/product_brand?post=42428"},{"taxonomy":"product_cat","embeddable":true,"href":"https:\/\/www.oslomyntgalleri.no\/en\/wp-json\/wp\/v2\/product_cat?post=42428"},{"taxonomy":"product_tag","embeddable":true,"href":"https:\/\/www.oslomyntgalleri.no\/en\/wp-json\/wp\/v2\/product_tag?post=42428"}],"curies":[{"name":"wp","href":"https:\/\/api.w.org\/{rel}","templated":true}]}}