{"id":138357,"date":"2026-05-16T09:00:20","date_gmt":"2026-05-16T07:00:20","guid":{"rendered":"https:\/\/www.oslomyntgalleri.no\/?post_type=product&#038;p=138357"},"modified":"2026-05-16T09:00:22","modified_gmt":"2026-05-16T07:00:22","slug":"1947-mexico-1-peso-01","status":"publish","type":"product","link":"https:\/\/www.oslomyntgalleri.no\/en\/produkt\/1947-mexico-1-peso-01\/","title":{"rendered":"1947 Mexico 1 peso, 01"},"content":{"rendered":"","protected":false},"excerpt":{"rendered":"<p class=\"font-claude-response-body break-words whitespace-normal leading-[1.7]\"><strong>Mexico \u2014 1 peso 1947 \u00b7 Morelos &#8211; frihetskjemperen<br \/>\n<\/strong>Jos\u00e9 Mar\u00eda Morelos y Pav\u00f3n var geistlig og milit\u00e6r leder i den mexicanske uavhengighetskrigen \u2014 henrettet av spanske kolonimyndigheter i 1815, i dag regnet blant landets nasjonalhelter. Kallenavnet <em>Cacheton<\/em> \u2014 tjukkas \u2014 refererer til det runde, fyldige portrettet p\u00e5 reversen, og er den uoffisielle betegnelsen samlere bruker om denne typen.<\/p>\n<p class=\"font-claude-response-body break-words whitespace-pre-wrap leading-[1.7]\">Mexico<br \/>\nForente mexikanske stater<br \/>\n1 peso 1947<br \/>\nS\u00f8lv \/ 14 g \/ .500 \/ 32 mm<br \/>\nMexico City (Mo)<br \/>\nKv. 1+\/01<\/p>\n<p><em>KM. 456<\/em><\/p>\n<p> <a href=\"https:\/\/www.oslomyntgalleri.no\/en\/produkt\/1947-mexico-1-peso-01\/\"><\/a><\/p>\n","protected":false},"featured_media":138358,"template":"","meta":{"_acf_changed":false},"product_brand":[],"product_cat":[189,188],"product_tag":[],"class_list":{"0":"post-138357","1":"product","2":"type-product","3":"status-publish","4":"has-post-thumbnail","6":"product_cat-europa-en","7":"product_cat-verden-en","9":"first","10":"instock","11":"shipping-taxable","12":"purchasable","13":"product-type-simple"},"acf":[],"_links":{"self":[{"href":"https:\/\/www.oslomyntgalleri.no\/en\/wp-json\/wp\/v2\/product\/138357","targetHints":{"allow":["GET"]}}],"collection":[{"href":"https:\/\/www.oslomyntgalleri.no\/en\/wp-json\/wp\/v2\/product"}],"about":[{"href":"https:\/\/www.oslomyntgalleri.no\/en\/wp-json\/wp\/v2\/types\/product"}],"wp:featuredmedia":[{"embeddable":true,"href":"https:\/\/www.oslomyntgalleri.no\/en\/wp-json\/wp\/v2\/media\/138358"}],"wp:attachment":[{"href":"https:\/\/www.oslomyntgalleri.no\/en\/wp-json\/wp\/v2\/media?parent=138357"}],"wp:term":[{"taxonomy":"product_brand","embeddable":true,"href":"https:\/\/www.oslomyntgalleri.no\/en\/wp-json\/wp\/v2\/product_brand?post=138357"},{"taxonomy":"product_cat","embeddable":true,"href":"https:\/\/www.oslomyntgalleri.no\/en\/wp-json\/wp\/v2\/product_cat?post=138357"},{"taxonomy":"product_tag","embeddable":true,"href":"https:\/\/www.oslomyntgalleri.no\/en\/wp-json\/wp\/v2\/product_tag?post=138357"}],"curies":[{"name":"wp","href":"https:\/\/api.w.org\/{rel}","templated":true}]}}