{"id":138353,"date":"2026-05-16T09:00:24","date_gmt":"2026-05-16T07:00:24","guid":{"rendered":"https:\/\/www.oslomyntgalleri.no\/?post_type=product&#038;p=138353"},"modified":"2026-05-16T09:00:26","modified_gmt":"2026-05-16T07:00:26","slug":"1888-mexico-8-reales-mo-mh-1-1","status":"publish","type":"product","link":"https:\/\/www.oslomyntgalleri.no\/en\/produkt\/1888-mexico-8-reales-mo-mh-1-1\/","title":{"rendered":"1888 Mexico 8 reales Libertad, 1+"},"content":{"rendered":"","protected":false},"excerpt":{"rendered":"<div class=\"flex-1 flex flex-col px-4 max-w-3xl mx-auto w-full pt-1\">\n<div data-test-render-count=\"1\">\n<div class=\"group\">\n<div class=\"contents\">\n<div class=\"group relative relative pb-3\" data-is-streaming=\"false\">\n<div class=\"font-claude-response relative leading-[1.65rem] [&amp;_pre&gt;div]:bg-bg-000\/50 [&amp;_pre&gt;div]:border-0.5 [&amp;_pre&gt;div]:border-border-400 [&amp;_.ignore-pre-bg&gt;div]:bg-transparent [&amp;_.standard-markdown_:is(p,blockquote,h1,h2,h3,h4,h5,h6)]:pl-2 [&amp;_.standard-markdown_:is(p,blockquote,ul,ol,h1,h2,h3,h4,h5,h6)]:pr-8 [&amp;_.progressive-markdown_:is(p,blockquote,h1,h2,h3,h4,h5,h6)]:pl-2 [&amp;_.progressive-markdown_:is(p,blockquote,ul,ol,h1,h2,h3,h4,h5,h6)]:pr-8\">\n<div class=\"standard-markdown grid-cols-1 grid [&amp;_&gt;_*]:min-w-0 gap-3 standard-markdown\">\n<p class=\"font-claude-response-body break-words whitespace-normal leading-[1.7]\"><strong>Mexico \u2014 8 reales 1888 \u00b7 Mexico City \u00b7\u00a0<\/strong><\/p>\n<p class=\"font-claude-response-body break-words whitespace-normal leading-[1.7]\">S\u00f8lvet fra de mexicanske gruvene \u2014 s\u00e6rlig fra Guanajuato og Zacatecas \u2014 var i tre \u00e5rhundrer selve grunnlaget for den spanske kolonial\u00f8konomien, og 8 reales var verdensmyntenheten i sin tid: brukt fra Manila til Amsterdam, fra Kant\u00f3n til Boston. Den mexicanske republikken videref\u00f8rte typen etter uavhengigheten i 1821, med \u00f8rnen p\u00e5 kaktus som erstattet det spanske kongev\u00e5penet \u2014 men s\u00f8lvinnholdet og formatet forble gjenkjennelig for handelsmenn over hele verden.<\/p>\n<p class=\"font-claude-response-body break-words whitespace-normal leading-[1.7]\">Reversen b\u00e6rer frygisk lue med str\u00e5ler \u2014 frihetssymbolet \u2014 over innskriften <em>LIBERTAD<\/em>. Myntstedsangivelsen <em>MO <\/em>identifiserer Mexico City, og assay\u00f8r initialen <em>MH<\/em> knytter mynten til den ansvarlige pr\u00f8vestempleren ved mynten det aktuelle \u00e5ret.<\/p>\n<p class=\"font-claude-response-body break-words whitespace-pre-wrap leading-[1.7]\">Mexico<br \/>\nF\u00f8derale republikken 1823-1905<br \/>\n8 reales 1888<br \/>\nS\u00f8lv \/ 27,07 g \/ .903 \/ 38,9 mm<br \/>\nMexico City (MO)<br \/>\nKv. 1+<br \/>\nKM. 377.10<\/p>\n<\/div>\n<\/div>\n<\/div>\n<\/div>\n<\/div>\n<\/div>\n<\/div>\n<p> <a href=\"https:\/\/www.oslomyntgalleri.no\/en\/produkt\/1888-mexico-8-reales-mo-mh-1-1\/\"><\/a><\/p>\n","protected":false},"featured_media":138354,"template":"","meta":{"_acf_changed":false},"product_brand":[],"product_cat":[189,188],"product_tag":[],"class_list":{"0":"post-138353","1":"product","2":"type-product","3":"status-publish","4":"has-post-thumbnail","6":"product_cat-europa-en","7":"product_cat-verden-en","9":"first","10":"outofstock","11":"shipping-taxable","12":"purchasable","13":"product-type-simple"},"acf":[],"_links":{"self":[{"href":"https:\/\/www.oslomyntgalleri.no\/en\/wp-json\/wp\/v2\/product\/138353","targetHints":{"allow":["GET"]}}],"collection":[{"href":"https:\/\/www.oslomyntgalleri.no\/en\/wp-json\/wp\/v2\/product"}],"about":[{"href":"https:\/\/www.oslomyntgalleri.no\/en\/wp-json\/wp\/v2\/types\/product"}],"wp:featuredmedia":[{"embeddable":true,"href":"https:\/\/www.oslomyntgalleri.no\/en\/wp-json\/wp\/v2\/media\/138354"}],"wp:attachment":[{"href":"https:\/\/www.oslomyntgalleri.no\/en\/wp-json\/wp\/v2\/media?parent=138353"}],"wp:term":[{"taxonomy":"product_brand","embeddable":true,"href":"https:\/\/www.oslomyntgalleri.no\/en\/wp-json\/wp\/v2\/product_brand?post=138353"},{"taxonomy":"product_cat","embeddable":true,"href":"https:\/\/www.oslomyntgalleri.no\/en\/wp-json\/wp\/v2\/product_cat?post=138353"},{"taxonomy":"product_tag","embeddable":true,"href":"https:\/\/www.oslomyntgalleri.no\/en\/wp-json\/wp\/v2\/product_tag?post=138353"}],"curies":[{"name":"wp","href":"https:\/\/api.w.org\/{rel}","templated":true}]}}