{"id":138345,"date":"2026-05-14T09:01:22","date_gmt":"2026-05-14T07:01:22","guid":{"rendered":"https:\/\/www.oslomyntgalleri.no\/?post_type=product&#038;p=138345"},"modified":"2026-05-14T12:31:14","modified_gmt":"2026-05-14T10:31:14","slug":"2005-samoa-10-tala-jan-paul-ii-0","status":"publish","type":"product","link":"https:\/\/www.oslomyntgalleri.no\/en\/produkt\/2005-samoa-10-tala-jan-paul-ii-0\/","title":{"rendered":"2005 Samoa 10 tala Jan Paul II, 0"},"content":{"rendered":"","protected":false},"excerpt":{"rendered":"<p class=\"font-claude-response-body break-words whitespace-normal leading-[1.7]\"><strong>Samoa \u2014 10 tala 2005 \u00b7 Johannes Paul II<br \/>\n<\/strong>Johannes Paul II d\u00f8de 2. april 2005 etter et pontifikat p\u00e5 nesten 27 \u00e5r \u2014 et av de lengste i moderne tid.<br \/>\nDen polskf\u00f8dte Karol Wojty\u0142a var det f\u00f8rste ikke-italienske pavevalget siden 1523. Han bes\u00f8kte over 120 land, men det som preget ham like mye som rekkevidden var m\u00e5ten han reiste p\u00e5 \u2014 han opps\u00f8kte slumomr\u00e5der, fengsler og sykehus, og m\u00f8tte mennesker langt utenfor de privilegerte kretsene som vanligvis omgir statsledere.<br \/>\nI Latin-Amerika, Afrika og Asia ble han m\u00f8tt med en entusiasme som oversteg det rent religi\u00f8se.<\/p>\n<p>For mange representerte han noe sjeldent: en mektig stemme som konsekvent talte p\u00e5 vegne av dem uten stemme.<\/p>\n<p class=\"font-claude-response-body break-words whitespace-pre-wrap leading-[1.7]\">Samoa<br \/>\n10 tala 2005<br \/>\nJohannes Paul II<br \/>\nGull \/ 1,24 g \/ .999 \/ 13,92 mm<br \/>\nKv. Prf.<br \/>\nOpplag: 15.000 eks.<\/p>\n<p>Fr. 42 \/ KM. 142<\/p>\n<p> <a href=\"https:\/\/www.oslomyntgalleri.no\/en\/produkt\/2005-samoa-10-tala-jan-paul-ii-0\/\"><\/a><\/p>\n","protected":false},"featured_media":138180,"template":"","meta":{"_acf_changed":false},"product_brand":[],"product_cat":[56,45,18],"product_tag":[],"class_list":{"0":"post-138345","1":"product","2":"type-product","3":"status-publish","4":"has-post-thumbnail","6":"product_cat-europa","7":"product_cat-gullmynter-2","8":"product_cat-verden","10":"first","11":"outofstock","12":"shipping-taxable","13":"purchasable","14":"product-type-simple"},"acf":[],"_links":{"self":[{"href":"https:\/\/www.oslomyntgalleri.no\/en\/wp-json\/wp\/v2\/product\/138345","targetHints":{"allow":["GET"]}}],"collection":[{"href":"https:\/\/www.oslomyntgalleri.no\/en\/wp-json\/wp\/v2\/product"}],"about":[{"href":"https:\/\/www.oslomyntgalleri.no\/en\/wp-json\/wp\/v2\/types\/product"}],"wp:featuredmedia":[{"embeddable":true,"href":"https:\/\/www.oslomyntgalleri.no\/en\/wp-json\/wp\/v2\/media\/138180"}],"wp:attachment":[{"href":"https:\/\/www.oslomyntgalleri.no\/en\/wp-json\/wp\/v2\/media?parent=138345"}],"wp:term":[{"taxonomy":"product_brand","embeddable":true,"href":"https:\/\/www.oslomyntgalleri.no\/en\/wp-json\/wp\/v2\/product_brand?post=138345"},{"taxonomy":"product_cat","embeddable":true,"href":"https:\/\/www.oslomyntgalleri.no\/en\/wp-json\/wp\/v2\/product_cat?post=138345"},{"taxonomy":"product_tag","embeddable":true,"href":"https:\/\/www.oslomyntgalleri.no\/en\/wp-json\/wp\/v2\/product_tag?post=138345"}],"curies":[{"name":"wp","href":"https:\/\/api.w.org\/{rel}","templated":true}]}}