{"id":138339,"date":"2026-05-14T09:00:18","date_gmt":"2026-05-14T07:00:18","guid":{"rendered":"https:\/\/www.oslomyntgalleri.no\/?post_type=product&#038;p=138339"},"modified":"2026-05-14T09:00:20","modified_gmt":"2026-05-14T07:00:20","slug":"1912j-tysk-ost-afrika-rupie-wilhelm-ii-1","status":"publish","type":"product","link":"https:\/\/www.oslomyntgalleri.no\/en\/produkt\/1912j-tysk-ost-afrika-rupie-wilhelm-ii-1\/","title":{"rendered":"1912J Tysk \u00d8st-Afrika rupie Wilhelm II, 1+"},"content":{"rendered":"","protected":false},"excerpt":{"rendered":"<p class=\"font-claude-response-body break-words whitespace-normal leading-[1.7]\"><strong>Tysk \u00d8st-Afrika \u2014 1 rupie 1912 \u00b7 Wilhelm II \u00b7 KM. 10<\/strong><\/p>\n<p class=\"font-claude-response-body break-words whitespace-normal leading-[1.7]\">Som de fleste europeiske stormakter etablerte ogs\u00e5 Tyskland kolonier i Afrika \u2014 om enn i kortere tid og med mindre omfang enn Storbritannia eller Frankrike.<br \/>\nTysk \u00d8st-Afrika, det som i dag tilsvarer Tanzania, Rwanda og Burundi, var Tysklands st\u00f8rste koloniale besittelse. Tapet av f\u00f8rste verdenskrig avsluttet det tyske kolonistyret i 1919. Kolonien f\u00f8rte sin egen valuta \u2014 rupeen, tilpasset den \u00f8stafrikanske handels\u00f8konomien \u2014 uavhengig av mark og pfennig som gjaldt hjemme i Tyskland.<\/p>\n<p class=\"font-claude-response-body break-words whitespace-normal leading-[1.7]\">Her vises keiseren i halvfigur, if\u00f8rt kyrasseruniform med hjelm \u2014 den tunge kavalleriuniformen som Wilhelm II foretrakk ved offisielle anledninger, og som ble et gjenkjennelig element i hans selviscenesettelse som milit\u00e6r hersker. Emil Weigands stikk gir mynten en mer monumental karakter enn det enkle brystbildet fra de tidligere utgavene av samme serie.<\/p>\n<p class=\"font-claude-response-body break-words whitespace-pre-wrap leading-[1.7]\">Tysk \u00d8st-Afrika<br \/>\n1 rupie 1912<br \/>\nS\u00f8lv \/ 11,66 g \/ .917 \/ 30,5 mm<br \/>\nHamburg (J)<br \/>\nKv. 1+<br \/>\nOpplag: 300.000 eks<br \/>\nKM. 10 \/ Sch\u00f6n. 13<\/p>\n<p> <a href=\"https:\/\/www.oslomyntgalleri.no\/en\/produkt\/1912j-tysk-ost-afrika-rupie-wilhelm-ii-1\/\"><\/a><\/p>\n","protected":false},"featured_media":138340,"template":"","meta":{"_acf_changed":false},"product_brand":[],"product_cat":[193,189,188],"product_tag":[],"class_list":{"0":"post-138339","1":"product","2":"type-product","3":"status-publish","4":"has-post-thumbnail","6":"product_cat-tyskland-en","7":"product_cat-europa-en","8":"product_cat-verden-en","10":"first","11":"outofstock","12":"shipping-taxable","13":"purchasable","14":"product-type-simple"},"acf":[],"_links":{"self":[{"href":"https:\/\/www.oslomyntgalleri.no\/en\/wp-json\/wp\/v2\/product\/138339","targetHints":{"allow":["GET"]}}],"collection":[{"href":"https:\/\/www.oslomyntgalleri.no\/en\/wp-json\/wp\/v2\/product"}],"about":[{"href":"https:\/\/www.oslomyntgalleri.no\/en\/wp-json\/wp\/v2\/types\/product"}],"wp:featuredmedia":[{"embeddable":true,"href":"https:\/\/www.oslomyntgalleri.no\/en\/wp-json\/wp\/v2\/media\/138340"}],"wp:attachment":[{"href":"https:\/\/www.oslomyntgalleri.no\/en\/wp-json\/wp\/v2\/media?parent=138339"}],"wp:term":[{"taxonomy":"product_brand","embeddable":true,"href":"https:\/\/www.oslomyntgalleri.no\/en\/wp-json\/wp\/v2\/product_brand?post=138339"},{"taxonomy":"product_cat","embeddable":true,"href":"https:\/\/www.oslomyntgalleri.no\/en\/wp-json\/wp\/v2\/product_cat?post=138339"},{"taxonomy":"product_tag","embeddable":true,"href":"https:\/\/www.oslomyntgalleri.no\/en\/wp-json\/wp\/v2\/product_tag?post=138339"}],"curies":[{"name":"wp","href":"https:\/\/api.w.org\/{rel}","templated":true}]}}