{"id":138335,"date":"2026-05-14T09:00:52","date_gmt":"2026-05-14T07:00:52","guid":{"rendered":"https:\/\/www.oslomyntgalleri.no\/?post_type=product&#038;p=138335"},"modified":"2026-05-14T09:00:59","modified_gmt":"2026-05-14T07:00:59","slug":"1901-tysk-ost-afrika-rupie-wilhelm-ii-1","status":"publish","type":"product","link":"https:\/\/www.oslomyntgalleri.no\/en\/produkt\/1901-tysk-ost-afrika-rupie-wilhelm-ii-1\/","title":{"rendered":"1901 Tysk \u00d8st-Afrika rupie Wilhelm II, 1+"},"content":{"rendered":"","protected":false},"excerpt":{"rendered":"<p class=\"font-claude-response-body break-words whitespace-normal leading-[1.7]\"><strong>Tysk \u00d8st-Afrika \u2014 1 rupee 1901 \u00b7 Wilhelm II<br \/>\n<\/strong><\/p>\n<p class=\"font-claude-response-body break-words whitespace-normal leading-[1.7]\">Som de fleste europeiske stormakter etablerte ogs\u00e5 Tyskland kolonier i Afrika \u2014 om enn i kortere tid og med mindre omfang enn Storbritannia eller Frankrike.<br \/>\nTysk \u00d8st-Afrika, det som i dag tilsvarer Tanzania, Rwanda og Burundi, var Tysklands st\u00f8rste koloniale besittelse. Tapet av f\u00f8rste verdenskrig avsluttet det tyske kolonistyret i 1919.<\/p>\n<p class=\"font-claude-response-body break-words whitespace-normal leading-[1.7]\">Kolonien f\u00f8rte sin egen valuta \u2014 rupeen, tilpasset den \u00f8stafrikanske handels\u00f8konomien \u2014 uavhengig av mark og pfennig som gjaldt hjemme i Tyskland.<\/p>\n<p class=\"font-claude-response-body break-words whitespace-normal leading-[1.7]\">Reversen b\u00e6rer ikke den tyske statens v\u00e5pen, men Den tyske \u00f8stafrikanske kompaniets \u2014 selskapet som opprinnelig administrerte territoriet p\u00e5 vegne av keiseren, etter en modell kjent fra andre europeiske kolonimakter.<br \/>\nInnskriften <em>GUILELMUS II IMPERATOR<\/em> p\u00e5 adversen knytter mynten eksplisitt til Wilhelm II, som abdiserte i november 1918.<\/p>\n<p class=\"font-claude-response-body break-words whitespace-pre-wrap leading-[1.7]\">Tysk \u00d8st-Afrika<br \/>\n1 rupee 1901<br \/>\nS\u00f8lv \/ 11,66 g \/ .917 \/ 30 mm<br \/>\nBerlin<br \/>\nKv. 1+<br \/>\nOpplag: 319022 eks<\/p>\n<p>KM. 2 \/ Sch\u00f6n. 4<\/p>\n<p> <a href=\"https:\/\/www.oslomyntgalleri.no\/en\/produkt\/1901-tysk-ost-afrika-rupie-wilhelm-ii-1\/\"><\/a><\/p>\n","protected":false},"featured_media":138336,"template":"","meta":{"_acf_changed":false},"product_brand":[],"product_cat":[193,188],"product_tag":[],"class_list":{"0":"post-138335","1":"product","2":"type-product","3":"status-publish","4":"has-post-thumbnail","6":"product_cat-tyskland-en","7":"product_cat-verden-en","9":"first","10":"outofstock","11":"shipping-taxable","12":"purchasable","13":"product-type-simple"},"acf":[],"_links":{"self":[{"href":"https:\/\/www.oslomyntgalleri.no\/en\/wp-json\/wp\/v2\/product\/138335","targetHints":{"allow":["GET"]}}],"collection":[{"href":"https:\/\/www.oslomyntgalleri.no\/en\/wp-json\/wp\/v2\/product"}],"about":[{"href":"https:\/\/www.oslomyntgalleri.no\/en\/wp-json\/wp\/v2\/types\/product"}],"wp:featuredmedia":[{"embeddable":true,"href":"https:\/\/www.oslomyntgalleri.no\/en\/wp-json\/wp\/v2\/media\/138336"}],"wp:attachment":[{"href":"https:\/\/www.oslomyntgalleri.no\/en\/wp-json\/wp\/v2\/media?parent=138335"}],"wp:term":[{"taxonomy":"product_brand","embeddable":true,"href":"https:\/\/www.oslomyntgalleri.no\/en\/wp-json\/wp\/v2\/product_brand?post=138335"},{"taxonomy":"product_cat","embeddable":true,"href":"https:\/\/www.oslomyntgalleri.no\/en\/wp-json\/wp\/v2\/product_cat?post=138335"},{"taxonomy":"product_tag","embeddable":true,"href":"https:\/\/www.oslomyntgalleri.no\/en\/wp-json\/wp\/v2\/product_tag?post=138335"}],"curies":[{"name":"wp","href":"https:\/\/api.w.org\/{rel}","templated":true}]}}