{"id":138315,"date":"2026-05-12T09:00:34","date_gmt":"2026-05-12T07:00:34","guid":{"rendered":"https:\/\/www.oslomyntgalleri.no\/?post_type=product&#038;p=138315"},"modified":"2026-05-12T09:00:46","modified_gmt":"2026-05-12T07:00:46","slug":"1899-russland-rubel-nikolai-ii-brussel-1","status":"publish","type":"product","link":"https:\/\/www.oslomyntgalleri.no\/en\/produkt\/1899-russland-rubel-nikolai-ii-brussel-1\/","title":{"rendered":"1899 Russland rubel, Nikolai II, Brussel, 1+"},"content":{"rendered":"","protected":false},"excerpt":{"rendered":"<p class=\"font-claude-response-body break-words whitespace-normal leading-[1.7]\"><strong>Russland, Nikolai II, 1 Rubel s\u00f8lv 1899 Brussel<br \/>\n<\/strong>Nikolai II besteg tronen i 1894 som hersker over et imperium som strakte seg over en sjettedel av jordens landoverflate \u2014 og ble i sin tid betraktet som en av verdens rikeste menn, selv om formuen i realiteten tilh\u00f8rte staten snarere enn personen. Han regjerte som eneveldig autokrat frem til revolusjonen i 1917 tvang ham til abdikasjon \u2014 og med det falt ikke bare dynastiet, n\u00e6r fire hundre \u00e5rs russisk tsarstyre forsvant for alltid. \u00c5ret etter ble han skutt med sin familie i Jekaterinburg.<\/p>\n<p>Russland<br \/>\nNikolai II 1894-1917<br \/>\n1 rubel 1899<br \/>\nBrussel<br \/>\nS\u00f8lv 20 g. \/ 0,900 \/ 33,65 mm<br \/>\nKv. 1+<\/p>\n<p>Y.59.1<\/p>\n<p class=\"font-claude-response-body break-words whitespace-normal leading-[1.7]\"><strong>Hvorfor Brussel ?<br \/>\n<\/strong>Da Russland innf\u00f8rte gullstandarden i 1897, fikk myntverket i St. Petersburg i oppgave \u00e5 prege en enorm mengde nye gullmynter i l\u00f8pet av kort tid. Kapasiteten strakk ikke til for s\u00f8lvmyntingen i tillegg. L\u00f8sningen var \u00e5 sette ut produksjonen av s\u00f8lvrubler til myntverk i Brussel og Paris i perioden 1896\u20131899. Russerne leverte selv stempler og stempel-nav, slik at myntene ble teknisk identiske med de hjemmepregede \u2014 bortsett fra et lite merke i kanten: \u00e9n stjerne for Paris, to stjerner for Brussel.<\/p>\n<p> <a href=\"https:\/\/www.oslomyntgalleri.no\/en\/produkt\/1899-russland-rubel-nikolai-ii-brussel-1\/\"><\/a><\/p>\n","protected":false},"featured_media":138316,"template":"","meta":{"_acf_changed":false},"product_brand":[],"product_cat":[192,188],"product_tag":[],"class_list":{"0":"post-138315","1":"product","2":"type-product","3":"status-publish","4":"has-post-thumbnail","6":"product_cat-russland-en","7":"product_cat-verden-en","9":"first","10":"instock","11":"shipping-taxable","12":"purchasable","13":"product-type-simple"},"acf":[],"_links":{"self":[{"href":"https:\/\/www.oslomyntgalleri.no\/en\/wp-json\/wp\/v2\/product\/138315","targetHints":{"allow":["GET"]}}],"collection":[{"href":"https:\/\/www.oslomyntgalleri.no\/en\/wp-json\/wp\/v2\/product"}],"about":[{"href":"https:\/\/www.oslomyntgalleri.no\/en\/wp-json\/wp\/v2\/types\/product"}],"wp:featuredmedia":[{"embeddable":true,"href":"https:\/\/www.oslomyntgalleri.no\/en\/wp-json\/wp\/v2\/media\/138316"}],"wp:attachment":[{"href":"https:\/\/www.oslomyntgalleri.no\/en\/wp-json\/wp\/v2\/media?parent=138315"}],"wp:term":[{"taxonomy":"product_brand","embeddable":true,"href":"https:\/\/www.oslomyntgalleri.no\/en\/wp-json\/wp\/v2\/product_brand?post=138315"},{"taxonomy":"product_cat","embeddable":true,"href":"https:\/\/www.oslomyntgalleri.no\/en\/wp-json\/wp\/v2\/product_cat?post=138315"},{"taxonomy":"product_tag","embeddable":true,"href":"https:\/\/www.oslomyntgalleri.no\/en\/wp-json\/wp\/v2\/product_tag?post=138315"}],"curies":[{"name":"wp","href":"https:\/\/api.w.org\/{rel}","templated":true}]}}