{"id":138106,"date":"2026-05-10T09:00:07","date_gmt":"2026-05-10T07:00:07","guid":{"rendered":"https:\/\/www.oslomyntgalleri.no\/?post_type=product&#038;p=138106"},"modified":"2026-05-10T22:23:58","modified_gmt":"2026-05-10T20:23:58","slug":"1873-belgia-5-francs-leopold-ii-1","status":"publish","type":"product","link":"https:\/\/www.oslomyntgalleri.no\/en\/produkt\/1873-belgia-5-francs-leopold-ii-1\/","title":{"rendered":"1873 Belgia 5 Francs Leopold II, 1+"},"content":{"rendered":"","protected":false},"excerpt":{"rendered":"<p class=\"font-claude-response-body break-words whitespace-normal leading-[1.7]\"><strong>Belgia \u2014 5 francs 1871 \u00b7 Leopold II<br \/>\n<\/strong>Leopold II regjerte som Belgias konge fra 1865 til sin d\u00f8d i 1909. Ved siden av kongeembetet ble han i 1885 eneeier av Kongo-fristaten \u2014 et territorium seksti ganger Belgias st\u00f8rrelse \u2014 og de verdiene som ble utvunnet der tilfalt ham personlig. Det var dette regimet Joseph Conrad later beskrev i <em>Heart of Darkness<\/em>, en av verdensitteraturens mest kjente romaner.<\/p>\n<p class=\"font-claude-response-body break-words whitespace-normal leading-[1.7]\">Forsiden b\u00e6rer L\u00e9opold Wieners portrett av kongen, baksiden det belgiske riksv\u00e5penet med valgspr\u00e5ket <em>L&#8217;union fait la force<\/em> \u2014 enhet skaper styrke. Kanten b\u00e6rer innskriften <em>Dieu prot\u00e8ge la Belgique<\/em>.<\/p>\n<p class=\"font-claude-response-body break-words whitespace-pre-wrap leading-[1.7]\">Belgia<br \/>\n5 francs 1871<br \/>\nS\u00f8lv \/ 25 g \/ .900 \/ 37 mm<br \/>\nRoyal Mint of Belgium, Brussel<br \/>\nKv. 1+<br \/>\nOpplag: 22\u202f340\u202f959<br \/>\nKM. 24<\/p>\n<p>Tilleggsnotat<\/p>\n<p><strong>Leopold II og Norge<br \/>\n<\/strong>Leopold II ble 13. juli 1897 utnevnt til storkors av St. Olavs Orden. Norge var et av hans favorittreisem\u00e5l, og han ferierte her fire ganger mellom 1896 og 1904.<br \/>\nDen sentrale mellommannen var den norske arkitekten og industripioneren Christian Thams:<br \/>\nLeopold bes\u00f8kte Thams og skal ha g\u00e5tt p\u00e5 hjortejakt med ham. Thams fikk i oppdrag \u00e5 tegne Kongostatens hovedkontor i Brussel \u2014 han delegerte dette til arkitekt Finn Knudsen \u2014 og fikk ogs\u00e5 oppdraget med \u00e5 tegne kongens villa i Oostende. Thams stod dessuten for restaureringen av domkirken i Laeken, der den belgiske kongefamilien ligger begravd.<br \/>\nDet finnes ogs\u00e5 en mer ubehagelig kobling: Leopold var begeistret for dragestilen som var p\u00e5 mote i Norge, og penger tjent p\u00e5 grusomhetene i Kongo fant veien til Orkdal som betaling til t\u00f8mrere, snekkere og treskj\u00e6rere som arbeidet p\u00e5 kongens prosjekter.<\/p>\n<p class=\"font-claude-response-body break-words whitespace-normal leading-[1.7]\">\n<p> <a href=\"https:\/\/www.oslomyntgalleri.no\/en\/produkt\/1873-belgia-5-francs-leopold-ii-1\/\"><\/a><\/p>\n","protected":false},"featured_media":138113,"template":"","meta":{"_acf_changed":false},"product_brand":[],"product_cat":[56,18],"product_tag":[],"class_list":{"0":"post-138106","1":"product","2":"type-product","3":"status-publish","4":"has-post-thumbnail","6":"product_cat-europa","7":"product_cat-verden","9":"first","10":"outofstock","11":"shipping-taxable","12":"purchasable","13":"product-type-simple"},"acf":[],"_links":{"self":[{"href":"https:\/\/www.oslomyntgalleri.no\/en\/wp-json\/wp\/v2\/product\/138106","targetHints":{"allow":["GET"]}}],"collection":[{"href":"https:\/\/www.oslomyntgalleri.no\/en\/wp-json\/wp\/v2\/product"}],"about":[{"href":"https:\/\/www.oslomyntgalleri.no\/en\/wp-json\/wp\/v2\/types\/product"}],"wp:featuredmedia":[{"embeddable":true,"href":"https:\/\/www.oslomyntgalleri.no\/en\/wp-json\/wp\/v2\/media\/138113"}],"wp:attachment":[{"href":"https:\/\/www.oslomyntgalleri.no\/en\/wp-json\/wp\/v2\/media?parent=138106"}],"wp:term":[{"taxonomy":"product_brand","embeddable":true,"href":"https:\/\/www.oslomyntgalleri.no\/en\/wp-json\/wp\/v2\/product_brand?post=138106"},{"taxonomy":"product_cat","embeddable":true,"href":"https:\/\/www.oslomyntgalleri.no\/en\/wp-json\/wp\/v2\/product_cat?post=138106"},{"taxonomy":"product_tag","embeddable":true,"href":"https:\/\/www.oslomyntgalleri.no\/en\/wp-json\/wp\/v2\/product_tag?post=138106"}],"curies":[{"name":"wp","href":"https:\/\/api.w.org\/{rel}","templated":true}]}}