{"id":138105,"date":"2026-05-10T09:00:39","date_gmt":"2026-05-10T07:00:39","guid":{"rendered":"https:\/\/www.oslomyntgalleri.no\/?post_type=product&#038;p=138105"},"modified":"2026-05-10T09:00:58","modified_gmt":"2026-05-10T07:00:58","slug":"1811-a-frankrike-20-francs-napoleon-i-bonaparte-1-2","status":"publish","type":"product","link":"https:\/\/www.oslomyntgalleri.no\/en\/produkt\/1811-a-frankrike-20-francs-napoleon-i-bonaparte-1-2\/","title":{"rendered":"1811 A  Frankrike 20 francs Napoleon I Bonaparte, 1"},"content":{"rendered":"","protected":false},"excerpt":{"rendered":"<p class=\"font-claude-response-body break-words whitespace-normal leading-[1.7]\"><strong>Frankrike \u2014 20 francs 1814 \u00b7 Napoleon I \u00b7<\/strong><\/p>\n<p class=\"font-claude-response-body break-words whitespace-normal leading-[1.7]\">1814 er keiserd\u00f8mmets siste hele mynt\u00e5r f\u00f8r abdisasjonen i april.<br \/>\nInnskriften <em>EMPIRE FRAN\u00c7AIS<\/em> p\u00e5 reversen etterlater ingen tvetydighet om styreformen \u2014 republikkens tid er over.<br \/>\nPregested Paris, identifisert ved bokstaven A.<\/p>\n<p class=\"font-claude-response-body break-words whitespace-pre-wrap leading-[1.7]\">Frankrike<br \/>\n20 francs 1814<br \/>\nGull \/ 6,45 g \/ .900 \/ 21 mm<br \/>\nParis ( A )<br \/>\nKv. 1<\/p>\n<p>KM. 695.1 \/ Fr. 511<\/p>\n<p> <a href=\"https:\/\/www.oslomyntgalleri.no\/en\/produkt\/1811-a-frankrike-20-francs-napoleon-i-bonaparte-1-2\/\"><\/a><\/p>\n","protected":false},"featured_media":138121,"template":"","meta":{"_acf_changed":false},"product_brand":[],"product_cat":[191,143,188],"product_tag":[],"class_list":{"0":"post-138105","1":"product","2":"type-product","3":"status-publish","4":"has-post-thumbnail","6":"product_cat-frankrike-en","7":"product_cat-gullmynter-2-en","8":"product_cat-verden-en","10":"first","11":"instock","12":"shipping-taxable","13":"purchasable","14":"product-type-simple"},"acf":[],"_links":{"self":[{"href":"https:\/\/www.oslomyntgalleri.no\/en\/wp-json\/wp\/v2\/product\/138105","targetHints":{"allow":["GET"]}}],"collection":[{"href":"https:\/\/www.oslomyntgalleri.no\/en\/wp-json\/wp\/v2\/product"}],"about":[{"href":"https:\/\/www.oslomyntgalleri.no\/en\/wp-json\/wp\/v2\/types\/product"}],"wp:featuredmedia":[{"embeddable":true,"href":"https:\/\/www.oslomyntgalleri.no\/en\/wp-json\/wp\/v2\/media\/138121"}],"wp:attachment":[{"href":"https:\/\/www.oslomyntgalleri.no\/en\/wp-json\/wp\/v2\/media?parent=138105"}],"wp:term":[{"taxonomy":"product_brand","embeddable":true,"href":"https:\/\/www.oslomyntgalleri.no\/en\/wp-json\/wp\/v2\/product_brand?post=138105"},{"taxonomy":"product_cat","embeddable":true,"href":"https:\/\/www.oslomyntgalleri.no\/en\/wp-json\/wp\/v2\/product_cat?post=138105"},{"taxonomy":"product_tag","embeddable":true,"href":"https:\/\/www.oslomyntgalleri.no\/en\/wp-json\/wp\/v2\/product_tag?post=138105"}],"curies":[{"name":"wp","href":"https:\/\/api.w.org\/{rel}","templated":true}]}}