{"id":138101,"date":"2026-05-10T09:01:40","date_gmt":"2026-05-10T07:01:40","guid":{"rendered":"https:\/\/www.oslomyntgalleri.no\/?post_type=product&#038;p=138101"},"modified":"2026-05-10T12:45:17","modified_gmt":"2026-05-10T10:45:17","slug":"191-190-f-kr-pamfylia-aspendos-teradrakme-alexander-den-store-kontramark-anker-1","status":"publish","type":"product","link":"https:\/\/www.oslomyntgalleri.no\/en\/produkt\/191-190-f-kr-pamfylia-aspendos-teradrakme-alexander-den-store-kontramark-anker-1\/","title":{"rendered":"191-190 f. Kr. PAMFYLIA, Aspendos tetradrakme Alexander den Store, kontrastempel anker, 1"},"content":{"rendered":"","protected":false},"excerpt":{"rendered":"<p class=\"font-claude-response-body break-words whitespace-normal leading-[1.7]\"><strong>Tetradrakme, Aspendos, Pamfylia, 191\u2013190 f.Kr. Price 2901<\/strong><\/p>\n<p class=\"font-claude-response-body break-words whitespace-normal leading-[1.7]\">Aspendos l\u00e5 ved elven Eurymedon i Pamfylia \u2014 regionen langs Lilleasiaskysten mellom Lykia og Kilikia \u2014 og var blant de byene som lenge etter Alexander den stores d\u00f8d fortsatte \u00e5 prege tetradrakmer etter hans type. Forsiden viser det velkjente portrettet av Herakles i l\u00f8veskinn, baksiden Zeus tronende med \u00f8rn og septer.<\/p>\n<p class=\"font-claude-response-body break-words whitespace-normal leading-[1.7]\">Ankeret innstemplet p\u00e5 mynten er ikke en skade, men et kontrastempel p\u00e5f\u00f8rt av seleukidisk administrasjon \u2014 trolig under Antiochos III, som s\u00f8kte \u00e5 befeste sin kontroll over regionen i nettopp disse \u00e5rene, inntil det romerske nederlaget ved Magnesia i 190 f.Kr. satte en definitiv stopper for hans ekspansjon vestover. Kontrastempelet knytter mynten til et bestemt sted og et bestemt \u00f8yeblikk \u2014 noe av det som gj\u00f8r en \u00abbruksmynt\u00bb som denne verdt \u00e5 ha i h\u00e5nden.<\/p>\n<p> <a href=\"https:\/\/www.oslomyntgalleri.no\/en\/produkt\/191-190-f-kr-pamfylia-aspendos-teradrakme-alexander-den-store-kontramark-anker-1\/\"><\/a><\/p>\n","protected":false},"featured_media":137991,"template":"","meta":{"_acf_changed":false},"product_brand":[],"product_cat":[10],"product_tag":[],"class_list":{"0":"post-138101","1":"product","2":"type-product","3":"status-publish","4":"has-post-thumbnail","6":"product_cat-greske-mynter","8":"first","9":"outofstock","10":"shipping-taxable","11":"purchasable","12":"product-type-simple"},"acf":[],"_links":{"self":[{"href":"https:\/\/www.oslomyntgalleri.no\/en\/wp-json\/wp\/v2\/product\/138101","targetHints":{"allow":["GET"]}}],"collection":[{"href":"https:\/\/www.oslomyntgalleri.no\/en\/wp-json\/wp\/v2\/product"}],"about":[{"href":"https:\/\/www.oslomyntgalleri.no\/en\/wp-json\/wp\/v2\/types\/product"}],"wp:featuredmedia":[{"embeddable":true,"href":"https:\/\/www.oslomyntgalleri.no\/en\/wp-json\/wp\/v2\/media\/137991"}],"wp:attachment":[{"href":"https:\/\/www.oslomyntgalleri.no\/en\/wp-json\/wp\/v2\/media?parent=138101"}],"wp:term":[{"taxonomy":"product_brand","embeddable":true,"href":"https:\/\/www.oslomyntgalleri.no\/en\/wp-json\/wp\/v2\/product_brand?post=138101"},{"taxonomy":"product_cat","embeddable":true,"href":"https:\/\/www.oslomyntgalleri.no\/en\/wp-json\/wp\/v2\/product_cat?post=138101"},{"taxonomy":"product_tag","embeddable":true,"href":"https:\/\/www.oslomyntgalleri.no\/en\/wp-json\/wp\/v2\/product_tag?post=138101"}],"curies":[{"name":"wp","href":"https:\/\/api.w.org\/{rel}","templated":true}]}}