{"id":138087,"date":"2026-05-08T08:59:50","date_gmt":"2026-05-08T06:59:50","guid":{"rendered":"https:\/\/www.oslomyntgalleri.no\/?post_type=product&#038;p=138087"},"modified":"2026-05-08T11:38:12","modified_gmt":"2026-05-08T09:38:12","slug":"2013-canada-5-dollars-elizabeth-ii-1-10-oz-999-gull-0","status":"publish","type":"product","link":"https:\/\/www.oslomyntgalleri.no\/en\/produkt\/2013-canada-5-dollars-elizabeth-ii-1-10-oz-999-gull-0\/","title":{"rendered":"2013 Canada 5 dollars Elizabeth II, 1\/10 oz. gull. Pro"},"content":{"rendered":"","protected":false},"excerpt":{"rendered":"<p class=\"font-claude-response-body break-words whitespace-normal leading-[1.7]\"><strong>Canada \u2014 5 dollars 2013 \u00b7 Spekkhogger \u00b7\u00a0<\/strong><\/p>\n<p class=\"font-claude-response-body break-words whitespace-normal leading-[1.7]\">Baksiden viser en spekkhogger \u2014 motivet er hentet fra serien <em>\u00d4 Canada<\/em>, som over to \u00e5r presenterte kanadisk fauna i miniatyrgullformat. Forsiden b\u00e6rer Susanna Blunts portrett av Elizabeth II slik hun fremstod som 77-\u00e5ring.<\/p>\n<p class=\"font-claude-response-body break-words whitespace-pre-wrap leading-[1.7]\">Canada<br \/>\n5 dollars 2013<br \/>\n\u00d4 Canada \u2014 Spekkhogger<br \/>\nGull \/ 3,13 g \/ .9999 \/ 16 mm<br \/>\nRoyal Canadian Mint, Ottawa<br \/>\nKv. Prf<br \/>\nOpplag: 1.852 eks<br \/>\nKM. 1543<\/p>\n<p> <a href=\"https:\/\/www.oslomyntgalleri.no\/en\/produkt\/2013-canada-5-dollars-elizabeth-ii-1-10-oz-999-gull-0\/\"><\/a><\/p>\n","protected":false},"featured_media":138088,"template":"","meta":{"_acf_changed":false},"product_brand":[],"product_cat":[143,189,188],"product_tag":[],"class_list":{"0":"post-138087","1":"product","2":"type-product","3":"status-publish","4":"has-post-thumbnail","6":"product_cat-gullmynter-2-en","7":"product_cat-europa-en","8":"product_cat-verden-en","10":"first","11":"outofstock","12":"shipping-taxable","13":"purchasable","14":"product-type-simple"},"acf":[],"_links":{"self":[{"href":"https:\/\/www.oslomyntgalleri.no\/en\/wp-json\/wp\/v2\/product\/138087","targetHints":{"allow":["GET"]}}],"collection":[{"href":"https:\/\/www.oslomyntgalleri.no\/en\/wp-json\/wp\/v2\/product"}],"about":[{"href":"https:\/\/www.oslomyntgalleri.no\/en\/wp-json\/wp\/v2\/types\/product"}],"wp:featuredmedia":[{"embeddable":true,"href":"https:\/\/www.oslomyntgalleri.no\/en\/wp-json\/wp\/v2\/media\/138088"}],"wp:attachment":[{"href":"https:\/\/www.oslomyntgalleri.no\/en\/wp-json\/wp\/v2\/media?parent=138087"}],"wp:term":[{"taxonomy":"product_brand","embeddable":true,"href":"https:\/\/www.oslomyntgalleri.no\/en\/wp-json\/wp\/v2\/product_brand?post=138087"},{"taxonomy":"product_cat","embeddable":true,"href":"https:\/\/www.oslomyntgalleri.no\/en\/wp-json\/wp\/v2\/product_cat?post=138087"},{"taxonomy":"product_tag","embeddable":true,"href":"https:\/\/www.oslomyntgalleri.no\/en\/wp-json\/wp\/v2\/product_tag?post=138087"}],"curies":[{"name":"wp","href":"https:\/\/api.w.org\/{rel}","templated":true}]}}