{"id":138083,"date":"2026-05-08T08:59:34","date_gmt":"2026-05-08T06:59:34","guid":{"rendered":"https:\/\/www.oslomyntgalleri.no\/?post_type=product&#038;p=138083"},"modified":"2026-05-08T08:59:36","modified_gmt":"2026-05-08T06:59:36","slug":"2005-canada-10-dollars-elizabeth-ii-1-4-oz-999-gull-0-2","status":"publish","type":"product","link":"https:\/\/www.oslomyntgalleri.no\/en\/produkt\/2005-canada-10-dollars-elizabeth-ii-1-4-oz-999-gull-0-2\/","title":{"rendered":"2016 Canada 5 dollars Elizabeth II, 1\/10 oz, Prf."},"content":{"rendered":"","protected":false},"excerpt":{"rendered":"<p class=\"font-claude-response-body break-words whitespace-normal leading-[1.7]\"><strong>Canada \u2014 5 dollars 2016 \u00b7 Gullfraksjonsutgave \u00b7\u00a0<\/strong><\/p>\n<p class=\"font-claude-response-body break-words whitespace-normal leading-[1.7]\">Forsiden b\u00e6rer Arnold Machins portrett av Elizabeth II slik hun fremstod som 37-\u00e5ring \u2014 det samme bildet som ble brukt p\u00e5 britiske frimerker fra 1967 og siden p\u00e5 utallige Commonwealth-mynter. Baksiden viser et l\u00f8nnblad med det kronede kongelige monogrammet EIIR, ved Celia Godkin.<\/p>\n<p class=\"font-claude-response-body break-words whitespace-pre-wrap leading-[1.7]\">Canada<br \/>\n5 dollars 2016 \u00a0fra GML fraksjonssett \u2014 Et historisk regjeringstid<br \/>\nGull \/ 3,14 g \/ .9999 \/ 16 mm<br \/>\nRoyal Canadian Mint, Ottawa<br \/>\nKv. Prf<br \/>\nOpplag: 599 eks.<\/p>\n<p>KM. 2095 \/ RCM 146793 <a href=\"https:\/\/www.oslomyntgalleri.no\/en\/produkt\/2005-canada-10-dollars-elizabeth-ii-1-4-oz-999-gull-0-2\/\"><\/a><\/p>\n","protected":false},"featured_media":138084,"template":"","meta":{"_acf_changed":false},"product_brand":[],"product_cat":[143,189,188],"product_tag":[],"class_list":{"0":"post-138083","1":"product","2":"type-product","3":"status-publish","4":"has-post-thumbnail","6":"product_cat-gullmynter-2-en","7":"product_cat-europa-en","8":"product_cat-verden-en","10":"first","11":"outofstock","12":"shipping-taxable","13":"purchasable","14":"product-type-simple"},"acf":[],"_links":{"self":[{"href":"https:\/\/www.oslomyntgalleri.no\/en\/wp-json\/wp\/v2\/product\/138083","targetHints":{"allow":["GET"]}}],"collection":[{"href":"https:\/\/www.oslomyntgalleri.no\/en\/wp-json\/wp\/v2\/product"}],"about":[{"href":"https:\/\/www.oslomyntgalleri.no\/en\/wp-json\/wp\/v2\/types\/product"}],"wp:featuredmedia":[{"embeddable":true,"href":"https:\/\/www.oslomyntgalleri.no\/en\/wp-json\/wp\/v2\/media\/138084"}],"wp:attachment":[{"href":"https:\/\/www.oslomyntgalleri.no\/en\/wp-json\/wp\/v2\/media?parent=138083"}],"wp:term":[{"taxonomy":"product_brand","embeddable":true,"href":"https:\/\/www.oslomyntgalleri.no\/en\/wp-json\/wp\/v2\/product_brand?post=138083"},{"taxonomy":"product_cat","embeddable":true,"href":"https:\/\/www.oslomyntgalleri.no\/en\/wp-json\/wp\/v2\/product_cat?post=138083"},{"taxonomy":"product_tag","embeddable":true,"href":"https:\/\/www.oslomyntgalleri.no\/en\/wp-json\/wp\/v2\/product_tag?post=138083"}],"curies":[{"name":"wp","href":"https:\/\/api.w.org\/{rel}","templated":true}]}}