{"id":137949,"date":"2026-05-05T08:59:30","date_gmt":"2026-05-05T06:59:30","guid":{"rendered":"https:\/\/www.oslomyntgalleri.no\/?post_type=product&#038;p=137949"},"modified":"2026-05-02T11:26:59","modified_gmt":"2026-05-02T09:26:59","slug":"1996-belarus-rubel-50-ar-fn-proof","status":"publish","type":"product","link":"https:\/\/www.oslomyntgalleri.no\/en\/produkt\/1996-belarus-rubel-50-ar-fn-proof\/","title":{"rendered":"1996 Belarus rubel, 50 \u00e5r FN, s\u00f8lv, proof"},"content":{"rendered":"","protected":false},"excerpt":{"rendered":"<p class=\"font-claude-response-body break-words whitespace-normal leading-[1.7]\"><strong>1 rubel 1996 \u2013 Hviterussland og FN<br \/>\n<\/strong>Hviterussland ble opptatt som ett av de opprinnelige medlemmene av FN i 1945 \u2013 dette til tross for at landet var en sovjetrepublikk uten reell selvstendighet. Det ga Moskva to ekstra stemmer i generalforsamlingen, men innebar ogs\u00e5 at Hviterussland figurerte p\u00e5 det internasjonale kartet p\u00e5 en m\u00e5te de fleste sovjetrepublikker ikke gjorde. Mynten er preget til 50-\u00e5rsjubileet for organisasjonen, og tilh\u00f8rer en serie som markerer Hviterussland som selvstendig akt\u00f8r i verdenssamfunnet etter 1991.<br \/>\nBaksidemotivet kombinerer et kart over Hviterussland med en stork i flukt \u2013 et dyr med sterk symbolikk i hviterussisk tradisjon. FN-emblemet og \u00e5rstallene 1945\u20131995 er plassert i nedre venstre hj\u00f8rne.<\/p>\n<p>Hviterussland<br \/>\nRepublikken siden 1991<br \/>\n1 Rubel 1996<br \/>\n50 \u00e5r FN<br \/>\nS\u00f8lv \/ 30,57 g. \/ .925 \/ 38,61 mm<br \/>\nBritish Royal Mint<br \/>\nKv. Proof<br \/>\nOpplag 20.000 eks.<\/p>\n<p>KM. 6a<\/p>\n<p> <a href=\"https:\/\/www.oslomyntgalleri.no\/en\/produkt\/1996-belarus-rubel-50-ar-fn-proof\/\"><\/a><\/p>\n","protected":false},"featured_media":137751,"template":"","meta":{"_acf_changed":false},"product_brand":[],"product_cat":[56,40,18],"product_tag":[],"class_list":{"0":"post-137949","1":"product","2":"type-product","3":"status-publish","4":"has-post-thumbnail","6":"product_cat-europa","7":"product_cat-solv","8":"product_cat-verden","10":"first","11":"instock","12":"shipping-taxable","13":"purchasable","14":"product-type-simple"},"acf":[],"_links":{"self":[{"href":"https:\/\/www.oslomyntgalleri.no\/en\/wp-json\/wp\/v2\/product\/137949","targetHints":{"allow":["GET"]}}],"collection":[{"href":"https:\/\/www.oslomyntgalleri.no\/en\/wp-json\/wp\/v2\/product"}],"about":[{"href":"https:\/\/www.oslomyntgalleri.no\/en\/wp-json\/wp\/v2\/types\/product"}],"wp:featuredmedia":[{"embeddable":true,"href":"https:\/\/www.oslomyntgalleri.no\/en\/wp-json\/wp\/v2\/media\/137751"}],"wp:attachment":[{"href":"https:\/\/www.oslomyntgalleri.no\/en\/wp-json\/wp\/v2\/media?parent=137949"}],"wp:term":[{"taxonomy":"product_brand","embeddable":true,"href":"https:\/\/www.oslomyntgalleri.no\/en\/wp-json\/wp\/v2\/product_brand?post=137949"},{"taxonomy":"product_cat","embeddable":true,"href":"https:\/\/www.oslomyntgalleri.no\/en\/wp-json\/wp\/v2\/product_cat?post=137949"},{"taxonomy":"product_tag","embeddable":true,"href":"https:\/\/www.oslomyntgalleri.no\/en\/wp-json\/wp\/v2\/product_tag?post=137949"}],"curies":[{"name":"wp","href":"https:\/\/api.w.org\/{rel}","templated":true}]}}