{"id":137943,"date":"2026-05-05T08:59:54","date_gmt":"2026-05-05T06:59:54","guid":{"rendered":"https:\/\/www.oslomyntgalleri.no\/?post_type=product&#038;p=137943"},"modified":"2026-05-02T11:34:15","modified_gmt":"2026-05-02T09:34:15","slug":"1995-russland-3-rubler-50-ar-fn-proof","status":"publish","type":"product","link":"https:\/\/www.oslomyntgalleri.no\/en\/produkt\/1995-russland-3-rubler-50-ar-fn-proof\/","title":{"rendered":"1995  Russland 3 rubler, 50 \u00e5r FN, proof"},"content":{"rendered":"","protected":false},"excerpt":{"rendered":"<p class=\"font-claude-response-body break-words whitespace-normal leading-[1.7]\"><strong>3 rubler 1995 \u2013 Russland og FN<br \/>\n<\/strong>Baksidemotivet viser Yevgeny Vutetchichs skulptur \u00abLa oss smelte sverd til plogskj\u00e6r\u00bb \u2013 en gave fra Sovjetunionen til FN i 1959, i dag plassert utenfor FN-bygningen i New York. Skulpturen er et av de mest gjenkjennelige symbolene p\u00e5 etterkrigstidas fredsretorikk, og valget av nettopp dette motivet til jubileumsmynten er ikke uten en viss historisk ironi: gaven ble overrakt midt under den kalde krigen.<br \/>\nForsiden b\u00e6rer den russiske sentralbankens tohodede \u00f8rn etter Ivan Bilibins design \u2013 et motiv hentet fra f\u00f8r-revolusjon\u00e6r ikonografi, gjeninnf\u00f8rt etter Sovjetunionens oppl\u00f8sning.<\/p>\n<p>Russland<br \/>\n3 rubler 1995<br \/>\n50 \u00e5r FN<br \/>\nS\u00f8lv \/ 33,93 g \/ .925 \/ 39 mm<br \/>\nSt. Petersburg<br \/>\nKv. Proof<br \/>\nOpplag : 20.000 eks.<br \/>\nY. 407<\/p>\n<p>&nbsp; <a href=\"https:\/\/www.oslomyntgalleri.no\/en\/produkt\/1995-russland-3-rubler-50-ar-fn-proof\/\"><\/a><\/p>\n","protected":false},"featured_media":137754,"template":"","meta":{"_acf_changed":false},"product_brand":[],"product_cat":[57,18],"product_tag":[],"class_list":{"0":"post-137943","1":"product","2":"type-product","3":"status-publish","4":"has-post-thumbnail","6":"product_cat-russland","7":"product_cat-verden","9":"first","10":"instock","11":"shipping-taxable","12":"purchasable","13":"product-type-simple"},"acf":[],"_links":{"self":[{"href":"https:\/\/www.oslomyntgalleri.no\/en\/wp-json\/wp\/v2\/product\/137943","targetHints":{"allow":["GET"]}}],"collection":[{"href":"https:\/\/www.oslomyntgalleri.no\/en\/wp-json\/wp\/v2\/product"}],"about":[{"href":"https:\/\/www.oslomyntgalleri.no\/en\/wp-json\/wp\/v2\/types\/product"}],"wp:featuredmedia":[{"embeddable":true,"href":"https:\/\/www.oslomyntgalleri.no\/en\/wp-json\/wp\/v2\/media\/137754"}],"wp:attachment":[{"href":"https:\/\/www.oslomyntgalleri.no\/en\/wp-json\/wp\/v2\/media?parent=137943"}],"wp:term":[{"taxonomy":"product_brand","embeddable":true,"href":"https:\/\/www.oslomyntgalleri.no\/en\/wp-json\/wp\/v2\/product_brand?post=137943"},{"taxonomy":"product_cat","embeddable":true,"href":"https:\/\/www.oslomyntgalleri.no\/en\/wp-json\/wp\/v2\/product_cat?post=137943"},{"taxonomy":"product_tag","embeddable":true,"href":"https:\/\/www.oslomyntgalleri.no\/en\/wp-json\/wp\/v2\/product_tag?post=137943"}],"curies":[{"name":"wp","href":"https:\/\/api.w.org\/{rel}","templated":true}]}}