{"id":137915,"date":"2026-05-04T09:01:04","date_gmt":"2026-05-04T07:01:04","guid":{"rendered":"https:\/\/www.oslomyntgalleri.no\/?post_type=product&#038;p=137915"},"modified":"2026-05-06T10:56:10","modified_gmt":"2026-05-06T08:56:10","slug":"2000-canada-2-dollar-elizabeth-ii-bimetallic-gull-og-solv-proof","status":"publish","type":"product","link":"https:\/\/www.oslomyntgalleri.no\/en\/produkt\/2000-canada-2-dollar-elizabeth-ii-bimetallic-gull-og-solv-proof\/","title":{"rendered":"2000 Canada 2 dollar Elizabeth II, bimetallic &#8211; gull og s\u00f8lv, proof"},"content":{"rendered":"","protected":false},"excerpt":{"rendered":"<p class=\"font-claude-response-body break-words whitespace-normal leading-[1.7]\"><strong>Canada. 2 dollars 2000 \u2014 \u00abKnowledge\u00bb<\/strong><\/p>\n<p class=\"font-claude-response-body break-words whitespace-normal leading-[1.7]\">Et bimetallisk tusen\u00e5rsstykke der b\u00e5de kjerne og ring er i gull \u2014 kjernen i 22 karat, ringen i lavere finhet \u2014 med et totalt gullinnhold p\u00e5 0,17 troy unse, tilsvarende knapt 5,35 gram fingull. Den vanlige 2-dollarmynten fra samme periode har en nikkelring rundt en aluminiumsbronsjekjerne; her er alts\u00e5 begge deler i edelt metall, noe som gj\u00f8r denne utgaven til en annen kategori enn sirkulasjonsmynten den ligner p\u00e5. Opplaget var 5 000 eksemplarer. P\u00e5 reversen Tony Biancos isbj\u00f8rnmor med unger, et motiv som siden 1996 har v\u00e6rt fast p\u00e5 den kanadiske 2-dollarmynten. Dora de P\u00e9dery-Hunts portrett av dronningen p\u00e5 forsiden er det samme som ble brukt p\u00e5 canadiske mynter gjennom 1990-tallet.<\/p>\n<p>Kanada<br \/>\nElisabeth II, 1952-2022<br \/>\n2 dollar 2000<br \/>\nIsb\u00f8r med unger<br \/>\nBimetall gull \/ s\u00f8lv \/ 11,4 g. \/ 0,917 AU \/ 28 mm<br \/>\nOpplag : 5.000 eks.<br \/>\nRoyal Canadian Mint<br \/>\nKv. Proof<\/p>\n<p>KM. 299b <a href=\"https:\/\/www.oslomyntgalleri.no\/en\/produkt\/2000-canada-2-dollar-elizabeth-ii-bimetallic-gull-og-solv-proof\/\"><\/a><\/p>\n","protected":false},"featured_media":137916,"template":"","meta":{"_acf_changed":false},"product_brand":[],"product_cat":[143,189,187,188],"product_tag":[],"class_list":{"0":"post-137915","1":"product","2":"type-product","3":"status-publish","4":"has-post-thumbnail","6":"product_cat-gullmynter-2-en","7":"product_cat-europa-en","8":"product_cat-solv-en","9":"product_cat-verden-en","11":"first","12":"instock","13":"shipping-taxable","14":"purchasable","15":"product-type-simple"},"acf":[],"_links":{"self":[{"href":"https:\/\/www.oslomyntgalleri.no\/en\/wp-json\/wp\/v2\/product\/137915","targetHints":{"allow":["GET"]}}],"collection":[{"href":"https:\/\/www.oslomyntgalleri.no\/en\/wp-json\/wp\/v2\/product"}],"about":[{"href":"https:\/\/www.oslomyntgalleri.no\/en\/wp-json\/wp\/v2\/types\/product"}],"wp:featuredmedia":[{"embeddable":true,"href":"https:\/\/www.oslomyntgalleri.no\/en\/wp-json\/wp\/v2\/media\/137916"}],"wp:attachment":[{"href":"https:\/\/www.oslomyntgalleri.no\/en\/wp-json\/wp\/v2\/media?parent=137915"}],"wp:term":[{"taxonomy":"product_brand","embeddable":true,"href":"https:\/\/www.oslomyntgalleri.no\/en\/wp-json\/wp\/v2\/product_brand?post=137915"},{"taxonomy":"product_cat","embeddable":true,"href":"https:\/\/www.oslomyntgalleri.no\/en\/wp-json\/wp\/v2\/product_cat?post=137915"},{"taxonomy":"product_tag","embeddable":true,"href":"https:\/\/www.oslomyntgalleri.no\/en\/wp-json\/wp\/v2\/product_tag?post=137915"}],"curies":[{"name":"wp","href":"https:\/\/api.w.org\/{rel}","templated":true}]}}