{"id":137911,"date":"2026-05-04T08:59:51","date_gmt":"2026-05-04T06:59:51","guid":{"rendered":"https:\/\/www.oslomyntgalleri.no\/?post_type=product&#038;p=137911"},"modified":"2026-05-04T08:59:52","modified_gmt":"2026-05-04T06:59:52","slug":"2011-belgia-10-euro-r-amundsen-proof","status":"publish","type":"product","link":"https:\/\/www.oslomyntgalleri.no\/en\/produkt\/2011-belgia-10-euro-r-amundsen-proof\/","title":{"rendered":"2011  Belgia 10 euro R. Amundsen, proof"},"content":{"rendered":"","protected":false},"excerpt":{"rendered":"<p class=\"font-claude-response-body break-words whitespace-normal leading-[1.7]\"><strong>Roald Amundsen \u2014 100-\u00e5rsjubileum for Sydpolen, Belgia 2011<br \/>\n<\/strong>Portrettsiden viser Roald Amundsen med innskriften DISCOVERY OF THE SOUTH POLE \/ 1911\u20132011. Baksiden viser et kart over EU-landene i 2011 omgitt av de tolv stjernene fra det europeiske flagget. Myntet er gravert av Luc Luycx \u2014 dataingeni\u00f8r og medalj\u00f8r ved Den kongelige belgiske mynt, og mannen bak fellessiden p\u00e5 alle euromynter fra 1996. Utstedt i s\u00f8lv (.925) av Belgia til minne om hundre\u00e5rsdagen for ekspedisjonen som n\u00e5dde Sydpolen 14. desember 1911.<\/p>\n<p>Belgia<br \/>\n10 Euro 2011<br \/>\n100 \u00e5r oppdagelse av Sydpolen 1911-2011<br \/>\nS\u00f8lv \/ 18,75 g. \/ 0,925 \/ 33 mm<br \/>\nOpplag 15.000 eks.<br \/>\nKM 309 <a href=\"https:\/\/www.oslomyntgalleri.no\/en\/produkt\/2011-belgia-10-euro-r-amundsen-proof\/\"><\/a><\/p>\n","protected":false},"featured_media":137912,"template":"","meta":{"_acf_changed":false},"product_brand":[],"product_cat":[189,187,188],"product_tag":[],"class_list":{"0":"post-137911","1":"product","2":"type-product","3":"status-publish","4":"has-post-thumbnail","6":"product_cat-europa-en","7":"product_cat-solv-en","8":"product_cat-verden-en","10":"first","11":"instock","12":"shipping-taxable","13":"purchasable","14":"product-type-simple"},"acf":[],"_links":{"self":[{"href":"https:\/\/www.oslomyntgalleri.no\/en\/wp-json\/wp\/v2\/product\/137911","targetHints":{"allow":["GET"]}}],"collection":[{"href":"https:\/\/www.oslomyntgalleri.no\/en\/wp-json\/wp\/v2\/product"}],"about":[{"href":"https:\/\/www.oslomyntgalleri.no\/en\/wp-json\/wp\/v2\/types\/product"}],"wp:featuredmedia":[{"embeddable":true,"href":"https:\/\/www.oslomyntgalleri.no\/en\/wp-json\/wp\/v2\/media\/137912"}],"wp:attachment":[{"href":"https:\/\/www.oslomyntgalleri.no\/en\/wp-json\/wp\/v2\/media?parent=137911"}],"wp:term":[{"taxonomy":"product_brand","embeddable":true,"href":"https:\/\/www.oslomyntgalleri.no\/en\/wp-json\/wp\/v2\/product_brand?post=137911"},{"taxonomy":"product_cat","embeddable":true,"href":"https:\/\/www.oslomyntgalleri.no\/en\/wp-json\/wp\/v2\/product_cat?post=137911"},{"taxonomy":"product_tag","embeddable":true,"href":"https:\/\/www.oslomyntgalleri.no\/en\/wp-json\/wp\/v2\/product_tag?post=137911"}],"curies":[{"name":"wp","href":"https:\/\/api.w.org\/{rel}","templated":true}]}}