{"id":137907,"date":"2026-05-04T09:00:09","date_gmt":"2026-05-04T07:00:09","guid":{"rendered":"https:\/\/www.oslomyntgalleri.no\/?post_type=product&#038;p=137907"},"modified":"2026-05-04T09:00:12","modified_gmt":"2026-05-04T07:00:12","slug":"2000-thailand-50-baht-millenium-dragens-ar-proof","status":"publish","type":"product","link":"https:\/\/www.oslomyntgalleri.no\/en\/produkt\/2000-thailand-50-baht-millenium-dragens-ar-proof\/","title":{"rendered":"2000 Thailand 50 baht Millennium, dragens \u00e5r, proof"},"content":{"rendered":"","protected":false},"excerpt":{"rendered":"<p class=\"font-claude-response-body break-words whitespace-normal leading-[1.7]\"><strong>50 Baht 2000 \u2013 Thailand \u2013 Rama IX \u2013 Drake\u00e5ret<\/strong><\/p>\n<p class=\"font-claude-response-body break-words whitespace-normal leading-[1.7]\">Thailand feiret \u00e5rtusenskiftet i \u00e5r 2543 etter buddhistisk tidsregning. At mynten samtidig hedrer det kinesiske drake\u00e5ret, er ikke tilfeldig \u2014 den kinesiske diasporaen er dypt forankret i thailandsk samfunnsliv, og draken som lykkesymbol har lenge overskredet sin opprinnelse.<br \/>\nForsidens portrett viser Rama IX, Bhumibol Adulyadej, i halvprofil med thailandsk innskrift. Han besteg tronen i 1946 og regjerte i syv ti\u00e5r \u2014 lenger enn nesten noen annen monark i moderne tid \u2014 og ble for mange innbyggere en konstant i et land som gjennomgikk dramatiske omveltninger. Baksiden gjengir draken i en stil hentet fra kinesisk klerikskrift-tradisjon, med tegnene \u7965\u9f8d \u2014 <em>xi\u00e1ngl\u00f3ng<\/em>, lykkebringende drage. En mynt med tilh\u00f8righet til mer enn \u00e9n kultur.<\/p>\n<p>Thailand<br \/>\nRama IX, 1946-2012<br \/>\n50 Baths 2000<br \/>\nMillennium<br \/>\nS\u00f8lv \/ 20 g. \/ 0.925 \/ 38,70 mm<br \/>\nSingapore Mint<br \/>\nKv. Proof<br \/>\nOpplag : 8.000 eks<\/p>\n<p>Y.363<\/p>\n<p> <a href=\"https:\/\/www.oslomyntgalleri.no\/en\/produkt\/2000-thailand-50-baht-millenium-dragens-ar-proof\/\"><\/a><\/p>\n","protected":false},"featured_media":137908,"template":"","meta":{"_acf_changed":false},"product_brand":[],"product_cat":[189,188],"product_tag":[],"class_list":{"0":"post-137907","1":"product","2":"type-product","3":"status-publish","4":"has-post-thumbnail","6":"product_cat-europa-en","7":"product_cat-verden-en","9":"first","10":"instock","11":"shipping-taxable","12":"purchasable","13":"product-type-simple"},"acf":[],"_links":{"self":[{"href":"https:\/\/www.oslomyntgalleri.no\/en\/wp-json\/wp\/v2\/product\/137907","targetHints":{"allow":["GET"]}}],"collection":[{"href":"https:\/\/www.oslomyntgalleri.no\/en\/wp-json\/wp\/v2\/product"}],"about":[{"href":"https:\/\/www.oslomyntgalleri.no\/en\/wp-json\/wp\/v2\/types\/product"}],"wp:featuredmedia":[{"embeddable":true,"href":"https:\/\/www.oslomyntgalleri.no\/en\/wp-json\/wp\/v2\/media\/137908"}],"wp:attachment":[{"href":"https:\/\/www.oslomyntgalleri.no\/en\/wp-json\/wp\/v2\/media?parent=137907"}],"wp:term":[{"taxonomy":"product_brand","embeddable":true,"href":"https:\/\/www.oslomyntgalleri.no\/en\/wp-json\/wp\/v2\/product_brand?post=137907"},{"taxonomy":"product_cat","embeddable":true,"href":"https:\/\/www.oslomyntgalleri.no\/en\/wp-json\/wp\/v2\/product_cat?post=137907"},{"taxonomy":"product_tag","embeddable":true,"href":"https:\/\/www.oslomyntgalleri.no\/en\/wp-json\/wp\/v2\/product_tag?post=137907"}],"curies":[{"name":"wp","href":"https:\/\/api.w.org\/{rel}","templated":true}]}}