{"id":137896,"date":"2026-05-03T09:00:54","date_gmt":"2026-05-03T07:00:54","guid":{"rendered":"https:\/\/www.oslomyntgalleri.no\/?post_type=product&#038;p=137896"},"modified":"2026-05-04T12:01:51","modified_gmt":"2026-05-04T10:01:51","slug":"1904-medalje-til-minne-om-brannen-25-01-1904-i-aalesund-24-mm-1","status":"publish","type":"product","link":"https:\/\/www.oslomyntgalleri.no\/en\/produkt\/1904-medalje-til-minne-om-brannen-25-01-1904-i-aalesund-24-mm-1\/","title":{"rendered":"1904  Medalje til minne om brannen 25.01.1904 i Aalesund, 24 mm, 1+"},"content":{"rendered":"","protected":false},"excerpt":{"rendered":"<p>Under den katastrofale storbrannen i Aalesund i januar 1904 ble det ogs\u00e5 skader p\u00e5 Borgund kirke. Fra rester av metallet fra kirkeklokkene ble det sl\u00e5tt en minnemedalje, til minne om storbrannen. Selve Borgund kirke brant ikke helt ned f\u00f8r i april samme \u00e5r, etter at noen hadde tent p\u00e5 kirken. Kirken ble bygd opp igjen, og stod ferdig i 1907. Medaljen derimot kom ut i 1904, og er et flott minne om den katastrofale hendelsen. <a href=\"https:\/\/www.oslomyntgalleri.no\/en\/produkt\/1904-medalje-til-minne-om-brannen-25-01-1904-i-aalesund-24-mm-1\/\"><\/a><\/p>\n","protected":false},"featured_media":137726,"template":"","meta":{"_acf_changed":false},"product_brand":[],"product_cat":[15],"product_tag":[],"class_list":{"0":"post-137896","1":"product","2":"type-product","3":"status-publish","4":"has-post-thumbnail","6":"product_cat-medaljer-norge","8":"first","9":"instock","10":"shipping-taxable","11":"purchasable","12":"product-type-simple"},"acf":[],"_links":{"self":[{"href":"https:\/\/www.oslomyntgalleri.no\/en\/wp-json\/wp\/v2\/product\/137896","targetHints":{"allow":["GET"]}}],"collection":[{"href":"https:\/\/www.oslomyntgalleri.no\/en\/wp-json\/wp\/v2\/product"}],"about":[{"href":"https:\/\/www.oslomyntgalleri.no\/en\/wp-json\/wp\/v2\/types\/product"}],"wp:featuredmedia":[{"embeddable":true,"href":"https:\/\/www.oslomyntgalleri.no\/en\/wp-json\/wp\/v2\/media\/137726"}],"wp:attachment":[{"href":"https:\/\/www.oslomyntgalleri.no\/en\/wp-json\/wp\/v2\/media?parent=137896"}],"wp:term":[{"taxonomy":"product_brand","embeddable":true,"href":"https:\/\/www.oslomyntgalleri.no\/en\/wp-json\/wp\/v2\/product_brand?post=137896"},{"taxonomy":"product_cat","embeddable":true,"href":"https:\/\/www.oslomyntgalleri.no\/en\/wp-json\/wp\/v2\/product_cat?post=137896"},{"taxonomy":"product_tag","embeddable":true,"href":"https:\/\/www.oslomyntgalleri.no\/en\/wp-json\/wp\/v2\/product_tag?post=137896"}],"curies":[{"name":"wp","href":"https:\/\/api.w.org\/{rel}","templated":true}]}}