{"id":137880,"date":"2026-05-03T08:59:35","date_gmt":"2026-05-03T06:59:35","guid":{"rendered":"https:\/\/www.oslomyntgalleri.no\/?post_type=product&#038;p=137880"},"modified":"2026-05-03T08:59:36","modified_gmt":"2026-05-03T06:59:36","slug":"1995-polen-20-zlotych-katyn-forrest-proof-2","status":"publish","type":"product","link":"https:\/\/www.oslomyntgalleri.no\/en\/produkt\/1995-polen-20-zlotych-katyn-forrest-proof-2\/","title":{"rendered":"1995 Polen 20 z\u0142otych, Katyn forrest, proof"},"content":{"rendered":"","protected":false},"excerpt":{"rendered":"<p class=\"font-claude-response-body break-words whitespace-normal leading-[1.7]\"><strong>20 Z\u0142otych 1995 \u2014 Katy\u0144, Miednoje, Chark\u00f3w<\/strong><\/p>\n<p class=\"font-claude-response-body break-words whitespace-normal leading-[1.7]\">V\u00e5ren 1940 ble over 22 000 polske offiserer, intellektuelle og embetsmenn henrettet av sovjetisk sikkerhetstjeneste p\u00e5 disse tre stedene. Massakrene ble i ti\u00e5r benektet av Sovjetunionen og tilskrevet tyske styrker \u2014 f\u00f8rst i 1990 erkjente Moskva ansvaret. Mynten, utgitt av Narodowy Bank Polski i 1995, b\u00e6rer de tre stedsnavnene inngravert mot kors og piggtr\u00e5d \u2014 et n\u00f8kternt formspr\u00e5k for et av den annen verdenskrig m\u00f8rkeste kapitler.<\/p>\n<p>Polen<br \/>\nTredje republikken siden 1989<br \/>\n20 zloty 1995<br \/>\nKaty\u0144, Miednoje og Chark\u00f3w \u2013 massakrene 1940<br \/>\nS\u00f8lv 31,10 g. \/ 0,925 \/ 38,61 mm<br \/>\nMint of Poland<br \/>\nKv. Proof<br \/>\nY. 286<\/p>\n<p>&nbsp; <a href=\"https:\/\/www.oslomyntgalleri.no\/en\/produkt\/1995-polen-20-zlotych-katyn-forrest-proof-2\/\"><\/a><\/p>\n","protected":false},"featured_media":137881,"template":"","meta":{"_acf_changed":false},"product_brand":[],"product_cat":[189,188],"product_tag":[],"class_list":{"0":"post-137880","1":"product","2":"type-product","3":"status-publish","4":"has-post-thumbnail","6":"product_cat-europa-en","7":"product_cat-verden-en","9":"first","10":"instock","11":"shipping-taxable","12":"purchasable","13":"product-type-simple"},"acf":[],"_links":{"self":[{"href":"https:\/\/www.oslomyntgalleri.no\/en\/wp-json\/wp\/v2\/product\/137880","targetHints":{"allow":["GET"]}}],"collection":[{"href":"https:\/\/www.oslomyntgalleri.no\/en\/wp-json\/wp\/v2\/product"}],"about":[{"href":"https:\/\/www.oslomyntgalleri.no\/en\/wp-json\/wp\/v2\/types\/product"}],"wp:featuredmedia":[{"embeddable":true,"href":"https:\/\/www.oslomyntgalleri.no\/en\/wp-json\/wp\/v2\/media\/137881"}],"wp:attachment":[{"href":"https:\/\/www.oslomyntgalleri.no\/en\/wp-json\/wp\/v2\/media?parent=137880"}],"wp:term":[{"taxonomy":"product_brand","embeddable":true,"href":"https:\/\/www.oslomyntgalleri.no\/en\/wp-json\/wp\/v2\/product_brand?post=137880"},{"taxonomy":"product_cat","embeddable":true,"href":"https:\/\/www.oslomyntgalleri.no\/en\/wp-json\/wp\/v2\/product_cat?post=137880"},{"taxonomy":"product_tag","embeddable":true,"href":"https:\/\/www.oslomyntgalleri.no\/en\/wp-json\/wp\/v2\/product_tag?post=137880"}],"curies":[{"name":"wp","href":"https:\/\/api.w.org\/{rel}","templated":true}]}}