{"id":137877,"date":"2026-05-03T08:59:57","date_gmt":"2026-05-03T06:59:57","guid":{"rendered":"https:\/\/www.oslomyntgalleri.no\/?post_type=product&#038;p=137877"},"modified":"2026-04-30T22:11:48","modified_gmt":"2026-04-30T20:11:48","slug":"1995-ukraina-2-mill-karbovantsiv-50-ar-fn-proof","status":"publish","type":"product","link":"https:\/\/www.oslomyntgalleri.no\/en\/produkt\/1995-ukraina-2-mill-karbovantsiv-50-ar-fn-proof\/","title":{"rendered":"1995 Ukraina 2 mill. karbovantsiv, 50 \u00e5r FN, proof"},"content":{"rendered":"","protected":false},"excerpt":{"rendered":"<p class=\"font-claude-response-body break-words whitespace-normal leading-[1.7]\"><strong>2 000 000 Karbovantsiv 1995 \u2014 FNs 50-\u00e5rsjubileum<\/strong><\/p>\n<p class=\"font-claude-response-body break-words whitespace-normal leading-[1.7]\">Preget ved Royal Mint i 1995, det \u00e5ret Ukraina feiret sitt fjerde \u00e5r som selvstendig stat og FN-medlem. Reversens globus omgitt av nasjonsflagg gjenspeiler jubileets offisielle formspr\u00e5k direkte. Valutaen mynten er utstedt i \u2014 karbovanets \u2014 ble avviklet allerede \u00e5ret etter, i 1996, da Ukraina innf\u00f8rte hryvnia.<\/p>\n<p>Ukraine<br \/>\nRepublikken siden 1991<br \/>\n2.000.000 Karbovantsiv 1995<br \/>\n50 \u00e5r FN<br \/>\nS\u00f8lv 33,63 g \/ 0,925 \/ 38,61 mm<br \/>\nBritish Royal Mint<br \/>\nKv. Proof<br \/>\nKM. 19<\/p>\n<p> <a href=\"https:\/\/www.oslomyntgalleri.no\/en\/produkt\/1995-ukraina-2-mill-karbovantsiv-50-ar-fn-proof\/\"><\/a><\/p>\n","protected":false},"featured_media":137717,"template":"","meta":{"_acf_changed":false},"product_brand":[],"product_cat":[56,18],"product_tag":[],"class_list":{"0":"post-137877","1":"product","2":"type-product","3":"status-publish","4":"has-post-thumbnail","6":"product_cat-europa","7":"product_cat-verden","9":"first","10":"instock","11":"shipping-taxable","12":"purchasable","13":"product-type-simple"},"acf":[],"_links":{"self":[{"href":"https:\/\/www.oslomyntgalleri.no\/en\/wp-json\/wp\/v2\/product\/137877","targetHints":{"allow":["GET"]}}],"collection":[{"href":"https:\/\/www.oslomyntgalleri.no\/en\/wp-json\/wp\/v2\/product"}],"about":[{"href":"https:\/\/www.oslomyntgalleri.no\/en\/wp-json\/wp\/v2\/types\/product"}],"wp:featuredmedia":[{"embeddable":true,"href":"https:\/\/www.oslomyntgalleri.no\/en\/wp-json\/wp\/v2\/media\/137717"}],"wp:attachment":[{"href":"https:\/\/www.oslomyntgalleri.no\/en\/wp-json\/wp\/v2\/media?parent=137877"}],"wp:term":[{"taxonomy":"product_brand","embeddable":true,"href":"https:\/\/www.oslomyntgalleri.no\/en\/wp-json\/wp\/v2\/product_brand?post=137877"},{"taxonomy":"product_cat","embeddable":true,"href":"https:\/\/www.oslomyntgalleri.no\/en\/wp-json\/wp\/v2\/product_cat?post=137877"},{"taxonomy":"product_tag","embeddable":true,"href":"https:\/\/www.oslomyntgalleri.no\/en\/wp-json\/wp\/v2\/product_tag?post=137877"}],"curies":[{"name":"wp","href":"https:\/\/api.w.org\/{rel}","templated":true}]}}