{"id":137844,"date":"2026-05-02T09:01:10","date_gmt":"2026-05-02T07:01:10","guid":{"rendered":"https:\/\/www.oslomyntgalleri.no\/?post_type=product&#038;p=137844"},"modified":"2026-05-04T11:51:37","modified_gmt":"2026-05-04T09:51:37","slug":"1607-sverige-pommern-riksdaler-karl-xii-ex-kunker-286-1119-01","status":"publish","type":"product","link":"https:\/\/www.oslomyntgalleri.no\/en\/produkt\/1607-sverige-pommern-riksdaler-karl-xii-ex-kunker-286-1119-01\/","title":{"rendered":"1709 Sverige Riksdaler, Karl XII, Pommern, 01"},"content":{"rendered":"","protected":false},"excerpt":{"rendered":"<p class=\"font-claude-response-body break-words whitespace-normal leading-[1.7]\"><strong>Karl XII av Sverige \u00b7 Riksdaler 1709 \u00b7 Stettin \u00b7 Altranst\u00e4dt-traktaten<\/strong><\/p>\n<p class=\"font-claude-response-body break-words whitespace-normal leading-[1.7]\">Stettin var fra 1648 svensk, og frem til 1720 ett av de viktigste administrasjons- og myntstedene i det svenske Pommern. Mynten ble preget i 1709 \u2014 det samme \u00e5ret Karl XII led sitt avgj\u00f8rende nederlag mot Peter den store ved Poltava, i det som skulle bli vendepunktet i Den store nordiske krig. At den ble sl\u00e5tt til minne om Altranst\u00e4dt-traktaten, inng\u00e5tt tre \u00e5r tidligere da Sverige sto p\u00e5 h\u00f8yden av sin makt, gir den et stille historisk sus: et seiersminne preget i et katastrofe\u00e5r.<\/p>\n<p class=\"font-claude-response-body break-words whitespace-normal leading-[1.7]\">Altranst\u00e4dt-freden av 1706 tvang kurfyrst August den sterke av Sachsen til \u00e5 frasi seg den polske kronen. Konvensjonen av 1707, som mynten ogs\u00e5 knytter seg til, sikret protestantenes stilling i Schlesien og fremstilte Karl som forsvarer av den lutherske tro. Mynten er et dobbelt commemorativt objekt.<\/p>\n<p class=\"font-claude-response-body break-words whitespace-normal leading-[1.7]\">Reversen b\u00e6rer et brennende lys omgitt av palmegrener \u2014 i denne varianten (Ahlstr\u00f6m 221b) er palmegrenene plassert rundt lyset, til forskjell fra standardtypen. Det brennende lyset er et luthersk fromhetssymbol; palmene peker mot fred og seier.<\/p>\n<p>Svensk okkupasjon<br \/>\nKarl XII, 1697-1718<br \/>\n1 Reichsthaler 1709<br \/>\nS\u00f8lv 29,05 g. \/ 40 mm<br \/>\nPregested Stettin<br \/>\nMyntmester IM &#8211; Johann Memmies Jr.<br \/>\nKv. 01<\/p>\n<p class=\"font-claude-response-body break-words whitespace-normal leading-[1.7]\">SM 221b \/ SMB 283<\/p>\n<p>Attraktivt eksemplar med en tiltalende patina, fra samlingen Ottar Ertzeid og to K\u00fcnker-auksjoner (2007 og 2012). Sjelden varianttype \u2014 ikke registrert hos Brozatus eller Davenport. <a href=\"https:\/\/www.oslomyntgalleri.no\/en\/produkt\/1607-sverige-pommern-riksdaler-karl-xii-ex-kunker-286-1119-01\/\"><\/a><\/p>\n","protected":false},"featured_media":137845,"template":"","meta":{"_acf_changed":false},"product_brand":[],"product_cat":[186],"product_tag":[],"class_list":{"0":"post-137844","1":"product","2":"type-product","3":"status-publish","4":"has-post-thumbnail","6":"product_cat-sverige-en","8":"first","9":"instock","10":"shipping-taxable","11":"purchasable","12":"product-type-simple"},"acf":[],"_links":{"self":[{"href":"https:\/\/www.oslomyntgalleri.no\/en\/wp-json\/wp\/v2\/product\/137844","targetHints":{"allow":["GET"]}}],"collection":[{"href":"https:\/\/www.oslomyntgalleri.no\/en\/wp-json\/wp\/v2\/product"}],"about":[{"href":"https:\/\/www.oslomyntgalleri.no\/en\/wp-json\/wp\/v2\/types\/product"}],"wp:featuredmedia":[{"embeddable":true,"href":"https:\/\/www.oslomyntgalleri.no\/en\/wp-json\/wp\/v2\/media\/137845"}],"wp:attachment":[{"href":"https:\/\/www.oslomyntgalleri.no\/en\/wp-json\/wp\/v2\/media?parent=137844"}],"wp:term":[{"taxonomy":"product_brand","embeddable":true,"href":"https:\/\/www.oslomyntgalleri.no\/en\/wp-json\/wp\/v2\/product_brand?post=137844"},{"taxonomy":"product_cat","embeddable":true,"href":"https:\/\/www.oslomyntgalleri.no\/en\/wp-json\/wp\/v2\/product_cat?post=137844"},{"taxonomy":"product_tag","embeddable":true,"href":"https:\/\/www.oslomyntgalleri.no\/en\/wp-json\/wp\/v2\/product_tag?post=137844"}],"curies":[{"name":"wp","href":"https:\/\/api.w.org\/{rel}","templated":true}]}}