{"id":137839,"date":"2026-05-02T09:01:46","date_gmt":"2026-05-02T07:01:46","guid":{"rendered":"https:\/\/www.oslomyntgalleri.no\/?post_type=product&#038;p=137839"},"modified":"2026-05-02T09:46:16","modified_gmt":"2026-05-02T07:46:16","slug":"1592-sverige-mark-johan-iii-ex-myntkomp-9-01","status":"publish","type":"product","link":"https:\/\/www.oslomyntgalleri.no\/en\/produkt\/1592-sverige-mark-johan-iii-ex-myntkomp-9-01\/","title":{"rendered":"1592 Sverige mark Johan III, 01"},"content":{"rendered":"","protected":false},"excerpt":{"rendered":"<p class=\"font-claude-response-body break-words whitespace-normal leading-[1.7]\"><strong>Johan III av Sverige \u00b7 1 Mark 1592 \u00b7 Stockholm<\/strong><\/p>\n<p class=\"font-claude-response-body break-words whitespace-normal leading-[1.7]\">En sen utmyntning fra Johan IIIs regjeringstid, preget i Stockholm \u00e5ret han d\u00f8de. Forsiden b\u00e6rer de svenske riksv\u00e5penet med innskriften <em>Iohannes 3, av Guds n\u00e5de konge over Sverige, Goterne og Venderne<\/em>; p\u00e5 reversen tre kroner med <em>Ny mynt av Sveriges konge<\/em>. Godt bevart eksemplar av en sjelden type, med vakker, dyp sjokoladepatina.<\/p>\n<p class=\"font-claude-response-body break-words whitespace-normal leading-[1.7]\">Sverige<br \/>\nJohan III, 1568-1592<br \/>\n1 mark 1592, striper fra venstre<br \/>\nStockholm<br \/>\nS\u00f8lv 7,11 g \/ 32 mm<br \/>\nKv. 01<\/p>\n<p>SM 63a. \/ SMB 50<br \/>\nProveniens : Myntkompaniet 9, lot 32 &#8211; Myntkompaniet 1, lot 3050 <a href=\"https:\/\/www.oslomyntgalleri.no\/en\/produkt\/1592-sverige-mark-johan-iii-ex-myntkomp-9-01\/\"><\/a><\/p>\n","protected":false},"featured_media":137840,"template":"","meta":{"_acf_changed":false},"product_brand":[],"product_cat":[186],"product_tag":[],"class_list":{"0":"post-137839","1":"product","2":"type-product","3":"status-publish","4":"has-post-thumbnail","6":"product_cat-sverige-en","8":"first","9":"instock","10":"shipping-taxable","11":"purchasable","12":"product-type-simple"},"acf":[],"_links":{"self":[{"href":"https:\/\/www.oslomyntgalleri.no\/en\/wp-json\/wp\/v2\/product\/137839","targetHints":{"allow":["GET"]}}],"collection":[{"href":"https:\/\/www.oslomyntgalleri.no\/en\/wp-json\/wp\/v2\/product"}],"about":[{"href":"https:\/\/www.oslomyntgalleri.no\/en\/wp-json\/wp\/v2\/types\/product"}],"wp:featuredmedia":[{"embeddable":true,"href":"https:\/\/www.oslomyntgalleri.no\/en\/wp-json\/wp\/v2\/media\/137840"}],"wp:attachment":[{"href":"https:\/\/www.oslomyntgalleri.no\/en\/wp-json\/wp\/v2\/media?parent=137839"}],"wp:term":[{"taxonomy":"product_brand","embeddable":true,"href":"https:\/\/www.oslomyntgalleri.no\/en\/wp-json\/wp\/v2\/product_brand?post=137839"},{"taxonomy":"product_cat","embeddable":true,"href":"https:\/\/www.oslomyntgalleri.no\/en\/wp-json\/wp\/v2\/product_cat?post=137839"},{"taxonomy":"product_tag","embeddable":true,"href":"https:\/\/www.oslomyntgalleri.no\/en\/wp-json\/wp\/v2\/product_tag?post=137839"}],"curies":[{"name":"wp","href":"https:\/\/api.w.org\/{rel}","templated":true}]}}