{"id":137818,"date":"2026-05-01T09:00:38","date_gmt":"2026-05-01T07:00:38","guid":{"rendered":"https:\/\/www.oslomyntgalleri.no\/?post_type=product&#038;p=137818"},"modified":"2026-04-29T16:18:07","modified_gmt":"2026-04-29T14:18:07","slug":"1724-nederland-2-stuiver-ex-rundefunnet-lott-3-stk-vk","status":"publish","type":"product","link":"https:\/\/www.oslomyntgalleri.no\/en\/produkt\/1724-nederland-2-stuiver-ex-rundefunnet-lott-3-stk-vk\/","title":{"rendered":"1724 Nederland 2 stuiver, ex. Rundefunnet, lott 3 stk., VK"},"content":{"rendered":"","protected":false},"excerpt":{"rendered":"<p class=\"font-claude-response-body break-words whitespace-normal leading-[1.7]\"><strong>Holland, 2 Stuivers \u00abDouble Wapenstuiver\u00bb 1724 \u2014 Runde-funnet<br \/>\n<\/strong>Den nederlandske republikken var ikke \u00e9n stat men en union av syv selvstendige provinser, hver med egen myntrett. Dette myntet er utstedt av provinsen Holland \u2014 den rikeste og mest folkerike \u2014 og b\u00e6rer provinsnavnet HOLLANDIA p\u00e5 \u00e5tsiden, mens baksiden viser republikkens kronede riksv\u00e5pen med val\u00f8rangivelsen 2 S. En liten, funksjonell s\u00f8lvmynt i daglig sirkulasjon.<br \/>\nAlle tre eksemplarene i denne lotten stammer fra Runde-funnet \u2014 mynter berget fra VOC-skipet <em>Akerendam<\/em>, som forliste utenfor Runde p\u00e5 Sunnm\u00f8re natten til 8. mars 1725 under sin jomfrutur til Batavia. Blant de n\u00e6rmere 57 000 gull- og s\u00f8lvmynter som ble funnet av dykkere i 1972 regnes funnet som ett av de rikeste av sitt slag i verden.<\/p>\n<p>3 mynt i lott, alle fra skipsvraket &#8220;Akerndam&#8221; I varierende kvalitet.<\/p>\n<p>Provinsen Holland<br \/>\n2 Stuiver 1724<br \/>\nDordrecht<br \/>\nS\u00f8lv ca. 1,6 g \/ 0,583 \/ ca. 19,5 mm<br \/>\nKV. varierende<\/p>\n<p>KM.48<\/p>\n<p>&nbsp; <a href=\"https:\/\/www.oslomyntgalleri.no\/en\/produkt\/1724-nederland-2-stuiver-ex-rundefunnet-lott-3-stk-vk\/\"><\/a><\/p>\n","protected":false},"featured_media":137703,"template":"","meta":{"_acf_changed":false},"product_brand":[],"product_cat":[56,18],"product_tag":[],"class_list":{"0":"post-137818","1":"product","2":"type-product","3":"status-publish","4":"has-post-thumbnail","6":"product_cat-europa","7":"product_cat-verden","9":"first","10":"instock","11":"shipping-taxable","12":"purchasable","13":"product-type-simple"},"acf":[],"_links":{"self":[{"href":"https:\/\/www.oslomyntgalleri.no\/en\/wp-json\/wp\/v2\/product\/137818","targetHints":{"allow":["GET"]}}],"collection":[{"href":"https:\/\/www.oslomyntgalleri.no\/en\/wp-json\/wp\/v2\/product"}],"about":[{"href":"https:\/\/www.oslomyntgalleri.no\/en\/wp-json\/wp\/v2\/types\/product"}],"wp:featuredmedia":[{"embeddable":true,"href":"https:\/\/www.oslomyntgalleri.no\/en\/wp-json\/wp\/v2\/media\/137703"}],"wp:attachment":[{"href":"https:\/\/www.oslomyntgalleri.no\/en\/wp-json\/wp\/v2\/media?parent=137818"}],"wp:term":[{"taxonomy":"product_brand","embeddable":true,"href":"https:\/\/www.oslomyntgalleri.no\/en\/wp-json\/wp\/v2\/product_brand?post=137818"},{"taxonomy":"product_cat","embeddable":true,"href":"https:\/\/www.oslomyntgalleri.no\/en\/wp-json\/wp\/v2\/product_cat?post=137818"},{"taxonomy":"product_tag","embeddable":true,"href":"https:\/\/www.oslomyntgalleri.no\/en\/wp-json\/wp\/v2\/product_tag?post=137818"}],"curies":[{"name":"wp","href":"https:\/\/api.w.org\/{rel}","templated":true}]}}