{"id":137814,"date":"2026-05-01T09:00:50","date_gmt":"2026-05-01T07:00:50","guid":{"rendered":"https:\/\/www.oslomyntgalleri.no\/?post_type=product&#038;p=137814"},"modified":"2026-05-01T09:00:52","modified_gmt":"2026-05-01T07:00:52","slug":"1926-s-usa-1-2-dollar-oregon-trail-01","status":"publish","type":"product","link":"https:\/\/www.oslomyntgalleri.no\/en\/produkt\/1926-s-usa-1-2-dollar-oregon-trail-01\/","title":{"rendered":"1926 S USA 1\/2 dollar Oregon Trail, San Francisco, 01"},"content":{"rendered":"","protected":false},"excerpt":{"rendered":"<p class=\"font-claude-response-body break-words whitespace-normal leading-[1.7]\"><strong>Oregon Trail Memorial Half Dollar, 1926\u20131939<br \/>\n<\/strong>Utformet av James Earle Fraser og Laura Gardin Fraser regnes denne som en av de mest popul\u00e6re myntene i den klassiske amerikanske minneserien \u2014 med en indianerh\u00f8vding i profil p\u00e5 den ene siden og en pionervogn foran et stilisert Amerika p\u00e5 den andre.<br \/>\nDrivkraften bak mynten var Oregon Trail Memorial Association, grunnlagt av Ezra Meeker \u2014 en av de siste overlevende fra storinnvandringen langs tras\u00e9en p\u00e5 1840- og 50-tallet. Meeker var selv til stede i Kongressen og argumenterte for at Oregon Trail var av nasjonal, ikke regional, betydning. President Coolidge undertegnet loven 10. mai 1926.<\/p>\n<p>Amerikas forente stater<br \/>\n1\/2 dollar 1926 S<br \/>\nOregon Trail<br \/>\nSan Francisco<br \/>\nS\u00f8lv 12,5 g. \/ 0.900 \/ 30.6 mm<br \/>\nKv. 01<\/p>\n<p>KM.159<\/p>\n<p>&nbsp; <a href=\"https:\/\/www.oslomyntgalleri.no\/en\/produkt\/1926-s-usa-1-2-dollar-oregon-trail-01\/\"><\/a><\/p>\n","protected":false},"featured_media":137815,"template":"","meta":{"_acf_changed":false},"product_brand":[],"product_cat":[194,188],"product_tag":[],"class_list":{"0":"post-137814","1":"product","2":"type-product","3":"status-publish","4":"has-post-thumbnail","6":"product_cat-usa-en","7":"product_cat-verden-en","9":"first","10":"outofstock","11":"shipping-taxable","12":"purchasable","13":"product-type-simple"},"acf":[],"_links":{"self":[{"href":"https:\/\/www.oslomyntgalleri.no\/en\/wp-json\/wp\/v2\/product\/137814","targetHints":{"allow":["GET"]}}],"collection":[{"href":"https:\/\/www.oslomyntgalleri.no\/en\/wp-json\/wp\/v2\/product"}],"about":[{"href":"https:\/\/www.oslomyntgalleri.no\/en\/wp-json\/wp\/v2\/types\/product"}],"wp:featuredmedia":[{"embeddable":true,"href":"https:\/\/www.oslomyntgalleri.no\/en\/wp-json\/wp\/v2\/media\/137815"}],"wp:attachment":[{"href":"https:\/\/www.oslomyntgalleri.no\/en\/wp-json\/wp\/v2\/media?parent=137814"}],"wp:term":[{"taxonomy":"product_brand","embeddable":true,"href":"https:\/\/www.oslomyntgalleri.no\/en\/wp-json\/wp\/v2\/product_brand?post=137814"},{"taxonomy":"product_cat","embeddable":true,"href":"https:\/\/www.oslomyntgalleri.no\/en\/wp-json\/wp\/v2\/product_cat?post=137814"},{"taxonomy":"product_tag","embeddable":true,"href":"https:\/\/www.oslomyntgalleri.no\/en\/wp-json\/wp\/v2\/product_tag?post=137814"}],"curies":[{"name":"wp","href":"https:\/\/api.w.org\/{rel}","templated":true}]}}