{"id":137811,"date":"2026-05-01T09:01:08","date_gmt":"2026-05-01T07:01:08","guid":{"rendered":"https:\/\/www.oslomyntgalleri.no\/?post_type=product&#038;p=137811"},"modified":"2026-05-05T14:03:10","modified_gmt":"2026-05-05T12:03:10","slug":"1644-sverige-riksdaler-kristina-ex-s-torngren-1","status":"publish","type":"product","link":"https:\/\/www.oslomyntgalleri.no\/en\/produkt\/1644-sverige-riksdaler-kristina-ex-s-torngren-1\/","title":{"rendered":"1644 Sverige riksdaler Kristina, ex. S. T\u00f6rngren, 1+"},"content":{"rendered":"","protected":false},"excerpt":{"rendered":"<p class=\"font-claude-response-body break-words whitespace-normal leading-[1.7]\">Kristina, 1 Riksdaler. 1644<\/p>\n<p>Datter av Gustav II Adolf \u2014 \u00abden svenske l\u00f8ve\u00bb \u2014 ble Kristina arving til den svenske tronen som sekss\u00e5ring etter farens fall ved L\u00fctzen i 1632. Hun vokste opp under et regentskap som forberedte henne systematisk p\u00e5 makten, og regjerte fra 1644 til sin overraskende abdikasjon i 1654. Blant de mest fascinerende og innflytelsesrike kvinner i sin tid \u2014 det er en karakteristikk som sjelden t\u00e5ler pr\u00f8ven, men som i hennes tilfelle er vanskelig \u00e5 bestride.<\/p>\n<p class=\"font-claude-response-body break-words whitespace-normal leading-[1.7]\"><em>1 Riksdaler 1644, variante med grovt mantel ( p\u00e5 Salvatore Mundi ) \u00a0og A G ved siden, og \u00e5rtsall MDCXLIV.<\/em><\/p>\n<p class=\"font-claude-response-body break-words whitespace-normal leading-[1.7]\">Myntets tidligere eier, Sten T\u00f6rngren (1920\u20132016), var ingeni\u00f8r og en av Sveriges mest henggivne amat\u00f8rforskere p\u00e5 svenske mynter. Hans bok om Kristinas ett\u00f8ringer regnes som standardverk. Samlingen ble i hovedsak solgt gjennom Spink i London i 2000, men utvalgte eksemplarer ble holdt tilbake til senere auksjoner.<\/p>\n<p>Sverige<br \/>\nKristiana 1632-1654<br \/>\n1 Riksdaler 1644<br \/>\nStockholm<br \/>\nMyntmester tegn AG<br \/>\nS\u00f8lv 28,61 g \/ 0.878 \/ 44 mm<br \/>\nKv. 1+<\/p>\n<p>SM 16B \/ SMB 27 \/ Dav. 4525 \/ KM. 187 <a href=\"https:\/\/www.oslomyntgalleri.no\/en\/produkt\/1644-sverige-riksdaler-kristina-ex-s-torngren-1\/\"><\/a><\/p>\n","protected":false},"featured_media":137699,"template":"","meta":{"_acf_changed":false},"product_brand":[],"product_cat":[19],"product_tag":[],"class_list":{"0":"post-137811","1":"product","2":"type-product","3":"status-publish","4":"has-post-thumbnail","6":"product_cat-sverige","8":"first","9":"outofstock","10":"shipping-taxable","11":"purchasable","12":"product-type-simple"},"acf":[],"_links":{"self":[{"href":"https:\/\/www.oslomyntgalleri.no\/en\/wp-json\/wp\/v2\/product\/137811","targetHints":{"allow":["GET"]}}],"collection":[{"href":"https:\/\/www.oslomyntgalleri.no\/en\/wp-json\/wp\/v2\/product"}],"about":[{"href":"https:\/\/www.oslomyntgalleri.no\/en\/wp-json\/wp\/v2\/types\/product"}],"wp:featuredmedia":[{"embeddable":true,"href":"https:\/\/www.oslomyntgalleri.no\/en\/wp-json\/wp\/v2\/media\/137699"}],"wp:attachment":[{"href":"https:\/\/www.oslomyntgalleri.no\/en\/wp-json\/wp\/v2\/media?parent=137811"}],"wp:term":[{"taxonomy":"product_brand","embeddable":true,"href":"https:\/\/www.oslomyntgalleri.no\/en\/wp-json\/wp\/v2\/product_brand?post=137811"},{"taxonomy":"product_cat","embeddable":true,"href":"https:\/\/www.oslomyntgalleri.no\/en\/wp-json\/wp\/v2\/product_cat?post=137811"},{"taxonomy":"product_tag","embeddable":true,"href":"https:\/\/www.oslomyntgalleri.no\/en\/wp-json\/wp\/v2\/product_tag?post=137811"}],"curies":[{"name":"wp","href":"https:\/\/api.w.org\/{rel}","templated":true}]}}