{"id":137782,"date":"2026-04-30T09:01:52","date_gmt":"2026-04-30T07:01:52","guid":{"rendered":"https:\/\/www.oslomyntgalleri.no\/?post_type=product&#038;p=137782"},"modified":"2026-04-30T17:27:04","modified_gmt":"2026-04-30T15:27:04","slug":"1734-sverige-riksdaler-frederik-i-1720-1751-rr-1-01","status":"publish","type":"product","link":"https:\/\/www.oslomyntgalleri.no\/en\/produkt\/1734-sverige-riksdaler-frederik-i-1720-1751-rr-1-01\/","title":{"rendered":"1734 Sverige riksdaler Frederik I, sjelden, 1+\/01"},"content":{"rendered":"","protected":false},"excerpt":{"rendered":"<p class=\"font-claude-response-body break-words whitespace-normal leading-[1.7]\"><strong>1 Riksdaler 1736, Fredrik I \u2013 Stockholm.<br \/>\n<\/strong>Karl XII falt ved beleiringen av Fredriksten festning i november 1718. Han var ugift og barnl\u00f8s, og tronen gikk til hans s\u00f8ster Ulrika Eleonora \u2014 men riksdagen betinget seg innskrenket kongemakt, og hun abdiserte \u00e5ret etter til fordel for sin mann Fredrik av Hessen-Kassel, som ble kronet som Fredrik I i mai 1720. Han regjerte nominelt i over tretti \u00e5r, men makten l\u00e5 reelt hos r\u00e5det og stendene gjennom hele frihetstiden.<br \/>\nMyntens avers legenden \u00a0<em>FRIDERICVS D G REX SVECIAE<\/em> innrammer et portrett av kongen i h\u00f8yre profil.<br \/>\nFr\u00e5siden b\u00e6rer valgspr\u00e5ket <em>Gud Mitt Hopp<\/em>, flankert av riksv\u00e5penet med b\u00e6rere og \u00e5rstallet 1736 i innrammet felt, med myntmester Georg Zedritz&#8217; initialer GZ. Zedritz ledet Myntverket i Stockholm fra 1722 til 1738, og signerte alle riksdalerne av denne typen.<\/p>\n<p class=\"font-claude-response-body break-words whitespace-normal leading-[1.7]\">Sverige<br \/>\nFrederik I 1720-1751<br \/>\n1 Riksdaler 1736<br \/>\nStockholm<br \/>\nMyntmester Georg Zedritz<br \/>\nS\u00f8lv \/ 28,90 g \/ 0.878 \/ 41 mm<br \/>\nKv. 1+\/01<br \/>\nSM. 74 \/ SMB 40<\/p>\n<p>Kun kjent i veldig f\u00e5 eksemplarer, <span style=\"text-decoration: underline;\"><strong>8 kjente mynter<\/strong>,<\/span> plus 2 eldre omsetninger uten bilde, som muligens kommer i tillegg.<\/p>\n<p class=\"font-claude-response-body break-words whitespace-normal leading-[1.7]\">\n<p> <a href=\"https:\/\/www.oslomyntgalleri.no\/en\/produkt\/1734-sverige-riksdaler-frederik-i-1720-1751-rr-1-01\/\"><\/a><\/p>\n","protected":false},"featured_media":137689,"template":"","meta":{"_acf_changed":false},"product_brand":[],"product_cat":[19],"product_tag":[],"class_list":{"0":"post-137782","1":"product","2":"type-product","3":"status-publish","4":"has-post-thumbnail","6":"product_cat-sverige","8":"first","9":"instock","10":"shipping-taxable","11":"purchasable","12":"product-type-simple"},"acf":[],"_links":{"self":[{"href":"https:\/\/www.oslomyntgalleri.no\/en\/wp-json\/wp\/v2\/product\/137782","targetHints":{"allow":["GET"]}}],"collection":[{"href":"https:\/\/www.oslomyntgalleri.no\/en\/wp-json\/wp\/v2\/product"}],"about":[{"href":"https:\/\/www.oslomyntgalleri.no\/en\/wp-json\/wp\/v2\/types\/product"}],"wp:featuredmedia":[{"embeddable":true,"href":"https:\/\/www.oslomyntgalleri.no\/en\/wp-json\/wp\/v2\/media\/137689"}],"wp:attachment":[{"href":"https:\/\/www.oslomyntgalleri.no\/en\/wp-json\/wp\/v2\/media?parent=137782"}],"wp:term":[{"taxonomy":"product_brand","embeddable":true,"href":"https:\/\/www.oslomyntgalleri.no\/en\/wp-json\/wp\/v2\/product_brand?post=137782"},{"taxonomy":"product_cat","embeddable":true,"href":"https:\/\/www.oslomyntgalleri.no\/en\/wp-json\/wp\/v2\/product_cat?post=137782"},{"taxonomy":"product_tag","embeddable":true,"href":"https:\/\/www.oslomyntgalleri.no\/en\/wp-json\/wp\/v2\/product_tag?post=137782"}],"curies":[{"name":"wp","href":"https:\/\/api.w.org\/{rel}","templated":true}]}}