{"id":137580,"date":"2026-04-28T09:01:32","date_gmt":"2026-04-28T07:01:32","guid":{"rendered":"https:\/\/www.oslomyntgalleri.no\/?post_type=product&#038;p=137580"},"modified":"2026-04-28T09:01:42","modified_gmt":"2026-04-28T07:01:42","slug":"77-f-kr-ar-denarius-p-satrienus-401-g-1-01","status":"publish","type":"product","link":"https:\/\/www.oslomyntgalleri.no\/en\/produkt\/77-f-kr-ar-denarius-p-satrienus-401-g-1-01\/","title":{"rendered":"77 f. Kr. AR denarius P. Satrienus, Roma, 1+\/01"},"content":{"rendered":"","protected":false},"excerpt":{"rendered":"<p class=\"font-claude-response-body break-words whitespace-normal leading-[1.7]\"><strong>AR-denarius \u00b7 P. Satrienus \u00b7 Roma, 77 f.Kr.<br \/>\n<\/strong>Moneyer av disse utgave er Publius Satrienus, fra en obskur plebeisk slekt som aldri n\u00e5dde de h\u00f8yere embetene i den romerske staten \u2014 og som vi ellers kjenner bare fragmentarisk, gjennom mynter og innskrifter.. Denariusen ble preget i Roma, ett \u00e5r etter at Sulla hadde gitt opp sitt diktatur og etterlatt et maktvakuum som ville vise seg umulig \u00e5 fylle.<br \/>\nAdversen viser et hjelmet hode \u2014 tolket enten som Mars eller Roma \u2014 med et stempelnummer bak, del av et systematisk kontrollmerke-system som tillot opptil omkring 105 forsidestempler for denne utgivelsen. Det er reversens ulv som dominerer: et spenstig, striende dyr med l\u00f8ftet pote, ROMA i feltet over.<br \/>\nInteressant nok, leser ikke Crawford motivet som Kapitols-ulven og den omsorgsfulle ammende mor, men som en truende rovdyr \u2014 et symbol Roma selv tilpasset etter at italiske oppr\u00f8rere under Forbundsfellekrigen hadde brukt nettopp ulvebildet som en karakteristikk av Romas rovgjerrig makt.<br \/>\nOm Satrienus med dette \u00f8nsket \u00e5 im\u00f8teg\u00e5 den kritikken eller bevisst vende symbolet p\u00e5 hodet, er ikke godt \u00e5 si.<\/p>\n<p class=\"font-claude-response-body break-words whitespace-normal leading-[1.7]\">Den romerske republikk<br \/>\nMoneyer P. Satrienus<br \/>\nAR denarius<br \/>\n77 f.Kr.<br \/>\nPreget i Roma<br \/>\nS\u00f8lv 3,84 g.<br \/>\nKv. 1+\/01, tiltalende patina<\/p>\n<p>Cr. 388\/1b \/ Syd. 781 a<br \/>\nProveniens : Roma XXIX, 9.11.2023, lot 345 &#8211; Andrew McCabe samling <a href=\"https:\/\/www.oslomyntgalleri.no\/en\/produkt\/77-f-kr-ar-denarius-p-satrienus-401-g-1-01\/\"><\/a><\/p>\n","protected":false},"featured_media":137644,"template":"","meta":{"_acf_changed":false},"product_brand":[],"product_cat":[180,183],"product_tag":[],"class_list":{"0":"post-137580","1":"product","2":"type-product","3":"status-publish","4":"has-post-thumbnail","6":"product_cat-romerske-mynter-en","7":"product_cat-romersk-republikk-en","9":"first","10":"instock","11":"shipping-taxable","12":"purchasable","13":"product-type-simple"},"acf":[],"_links":{"self":[{"href":"https:\/\/www.oslomyntgalleri.no\/en\/wp-json\/wp\/v2\/product\/137580","targetHints":{"allow":["GET"]}}],"collection":[{"href":"https:\/\/www.oslomyntgalleri.no\/en\/wp-json\/wp\/v2\/product"}],"about":[{"href":"https:\/\/www.oslomyntgalleri.no\/en\/wp-json\/wp\/v2\/types\/product"}],"wp:featuredmedia":[{"embeddable":true,"href":"https:\/\/www.oslomyntgalleri.no\/en\/wp-json\/wp\/v2\/media\/137644"}],"wp:attachment":[{"href":"https:\/\/www.oslomyntgalleri.no\/en\/wp-json\/wp\/v2\/media?parent=137580"}],"wp:term":[{"taxonomy":"product_brand","embeddable":true,"href":"https:\/\/www.oslomyntgalleri.no\/en\/wp-json\/wp\/v2\/product_brand?post=137580"},{"taxonomy":"product_cat","embeddable":true,"href":"https:\/\/www.oslomyntgalleri.no\/en\/wp-json\/wp\/v2\/product_cat?post=137580"},{"taxonomy":"product_tag","embeddable":true,"href":"https:\/\/www.oslomyntgalleri.no\/en\/wp-json\/wp\/v2\/product_tag?post=137580"}],"curies":[{"name":"wp","href":"https:\/\/api.w.org\/{rel}","templated":true}]}}