{"id":137568,"date":"2026-04-27T09:01:13","date_gmt":"2026-04-27T07:01:13","guid":{"rendered":"https:\/\/www.oslomyntgalleri.no\/?post_type=product&#038;p=137568"},"modified":"2026-04-27T09:07:36","modified_gmt":"2026-04-27T07:07:36","slug":"ar-13-frankrike-40-francs-napoleon-bonaparte-premier-consul-1801-1804-paris-1-1","status":"publish","type":"product","link":"https:\/\/www.oslomyntgalleri.no\/en\/produkt\/ar-13-frankrike-40-francs-napoleon-bonaparte-premier-consul-1801-1804-paris-1-1\/","title":{"rendered":"\u00e5r 13 Frankrike 40 francs Napoleon Bonaparte (1804-1805), Paris, 1\/1+"},"content":{"rendered":"","protected":false},"excerpt":{"rendered":"<p class=\"font-claude-response-body break-words whitespace-normal leading-[1.7]\"><strong>40 Francs, Napoleon I \u2014 AN 13 (1804\u20131805)<\/strong><\/p>\n<p class=\"font-claude-response-body break-words whitespace-normal leading-[1.7]\">AN 13 faller i det f\u00f8rste hele \u00e5ret av Napoleons keiserd\u00f8mme, utropet i desember 1804. Myntens to inskripsjoner forteller historien i kortform: adversen b\u00e6rer <em>NAPOLEON EMPEREUR<\/em>, reversen <em>REPUBLIQUE FRAN\u00c7AISE<\/em> \u2014 republikken holdes formelt i live p\u00e5 samme mynt som bekjentgj\u00f8r dens reelle avslutning.<br \/>\nPortrettet er stukket under ledelse av Pierre-Joseph Tiolier, grav\u00f8r-general ved Paris-mynten fra 1803 til 1816 \u2014 en stilling s\u00f8nnen Nicolas-Pierre overtok etter ham og beholdt i ytterligere to og et halvt ti\u00e5r.<\/p>\n<p>Frankrike I. republikken<br \/>\nNapoleon I Bonaparte<br \/>\n40 francs AN 13 (1804-05)<br \/>\nGull, 12,9 g. 0,900 26 mm.<br \/>\nPregested: Monnaie de Paris<br \/>\nKv. 1\/1+<br \/>\nFr. 481 <a href=\"https:\/\/www.oslomyntgalleri.no\/en\/produkt\/ar-13-frankrike-40-francs-napoleon-bonaparte-premier-consul-1801-1804-paris-1-1\/\"><\/a><\/p>\n","protected":false},"featured_media":137639,"template":"","meta":{"_acf_changed":false},"product_brand":[],"product_cat":[191,143,188],"product_tag":[],"class_list":{"0":"post-137568","1":"product","2":"type-product","3":"status-publish","4":"has-post-thumbnail","6":"product_cat-frankrike-en","7":"product_cat-gullmynter-2-en","8":"product_cat-verden-en","10":"first","11":"instock","12":"shipping-taxable","13":"purchasable","14":"product-type-simple"},"acf":[],"_links":{"self":[{"href":"https:\/\/www.oslomyntgalleri.no\/en\/wp-json\/wp\/v2\/product\/137568","targetHints":{"allow":["GET"]}}],"collection":[{"href":"https:\/\/www.oslomyntgalleri.no\/en\/wp-json\/wp\/v2\/product"}],"about":[{"href":"https:\/\/www.oslomyntgalleri.no\/en\/wp-json\/wp\/v2\/types\/product"}],"wp:featuredmedia":[{"embeddable":true,"href":"https:\/\/www.oslomyntgalleri.no\/en\/wp-json\/wp\/v2\/media\/137639"}],"wp:attachment":[{"href":"https:\/\/www.oslomyntgalleri.no\/en\/wp-json\/wp\/v2\/media?parent=137568"}],"wp:term":[{"taxonomy":"product_brand","embeddable":true,"href":"https:\/\/www.oslomyntgalleri.no\/en\/wp-json\/wp\/v2\/product_brand?post=137568"},{"taxonomy":"product_cat","embeddable":true,"href":"https:\/\/www.oslomyntgalleri.no\/en\/wp-json\/wp\/v2\/product_cat?post=137568"},{"taxonomy":"product_tag","embeddable":true,"href":"https:\/\/www.oslomyntgalleri.no\/en\/wp-json\/wp\/v2\/product_tag?post=137568"}],"curies":[{"name":"wp","href":"https:\/\/api.w.org\/{rel}","templated":true}]}}