{"id":137560,"date":"2026-04-26T09:00:58","date_gmt":"2026-04-26T07:00:58","guid":{"rendered":"https:\/\/www.oslomyntgalleri.no\/?post_type=product&#038;p=137560"},"modified":"2026-04-26T09:00:59","modified_gmt":"2026-04-26T07:00:59","slug":"1579-det-tysk-romerske-riket-mansfeld-taler-anhengt-1","status":"publish","type":"product","link":"https:\/\/www.oslomyntgalleri.no\/en\/produkt\/1579-det-tysk-romerske-riket-mansfeld-taler-anhengt-1\/","title":{"rendered":"1579 Det tysk-romerske riket, Mansfeld taler, anhengt, 1"},"content":{"rendered":"","protected":false},"excerpt":{"rendered":"<p class=\"font-claude-response-body break-words whitespace-normal leading-[1.7]\"><strong>1 Thaler \u2014 Grevskapet Mansfeld-Eisleben, 1579<\/strong><\/p>\n<p class=\"font-claude-response-body break-words whitespace-normal leading-[1.7]\">Mansfeld var et lite tysk grevskap i det som i dag er Sachsen-Anhalt, kjent i sin tid for rike s\u00f8lvgruver og som f\u00f8destedet til Martin Luther. Som s\u00e5 mange av de mindre tyske territoriene var det gjennom det 16. \u00e5rhundre delt mellom flere grener av samme slekt \u2014 en arveordning som innebar at utmyntingsretten ble ut\u00f8vd i fellesskap av samtlige regerende grever.<br \/>\nDette thaleren fra 1579 er et godt eksempel p\u00e5 denne praksisen: ikke \u00e9n, men fem grever er myntherrene \u2014 Johann Georg, Peter Ernst, Johann Albrecht, Johann Hoyer og Bruno \u2014 og ingen av dem er avbildet.<br \/>\nI stedet er alle fem navngitt i forsidelegenden i forkortet latinsk form: <em>IOH. GEO. PET. ERN. IO. ALB. IO. HO. BRV. FRA. E. PAT.<\/em> \u2014 Fratres et Patrueles, br\u00f8dre og fettere. Baksidelegenden bekrefter deres felles tittel: Grever og herrer i Mansfeld, fornemme herrer i Heldrungen.<br \/>\nForsiden viser Mansfelds v\u00e5penskjold med to prydhjelmer; baksiden den hellige Georg til hest, i ferd med \u00e5 drepe dragen \u2014 et motiv like hjemlig i tysk renessansemyntkunst som thaleren selv.<\/p>\n<p>Tyske stater &#8211; Mansfeld<br \/>\n1 Thaler 1579<br \/>\nS\u00f8lv 28,41 g. 40 mm<br \/>\nKv. 1, mynten har en spor etter anheng<br \/>\nDav. 9498 <a href=\"https:\/\/www.oslomyntgalleri.no\/en\/produkt\/1579-det-tysk-romerske-riket-mansfeld-taler-anhengt-1\/\"><\/a><\/p>\n","protected":false},"featured_media":137627,"template":"","meta":{"_acf_changed":false},"product_brand":[],"product_cat":[193,189,188],"product_tag":[],"class_list":{"0":"post-137560","1":"product","2":"type-product","3":"status-publish","4":"has-post-thumbnail","6":"product_cat-tyskland-en","7":"product_cat-europa-en","8":"product_cat-verden-en","10":"first","11":"outofstock","12":"shipping-taxable","13":"purchasable","14":"product-type-simple"},"acf":[],"_links":{"self":[{"href":"https:\/\/www.oslomyntgalleri.no\/en\/wp-json\/wp\/v2\/product\/137560","targetHints":{"allow":["GET"]}}],"collection":[{"href":"https:\/\/www.oslomyntgalleri.no\/en\/wp-json\/wp\/v2\/product"}],"about":[{"href":"https:\/\/www.oslomyntgalleri.no\/en\/wp-json\/wp\/v2\/types\/product"}],"wp:featuredmedia":[{"embeddable":true,"href":"https:\/\/www.oslomyntgalleri.no\/en\/wp-json\/wp\/v2\/media\/137627"}],"wp:attachment":[{"href":"https:\/\/www.oslomyntgalleri.no\/en\/wp-json\/wp\/v2\/media?parent=137560"}],"wp:term":[{"taxonomy":"product_brand","embeddable":true,"href":"https:\/\/www.oslomyntgalleri.no\/en\/wp-json\/wp\/v2\/product_brand?post=137560"},{"taxonomy":"product_cat","embeddable":true,"href":"https:\/\/www.oslomyntgalleri.no\/en\/wp-json\/wp\/v2\/product_cat?post=137560"},{"taxonomy":"product_tag","embeddable":true,"href":"https:\/\/www.oslomyntgalleri.no\/en\/wp-json\/wp\/v2\/product_tag?post=137560"}],"curies":[{"name":"wp","href":"https:\/\/api.w.org\/{rel}","templated":true}]}}