{"id":137558,"date":"2026-04-26T09:00:27","date_gmt":"2026-04-26T07:00:27","guid":{"rendered":"https:\/\/www.oslomyntgalleri.no\/?post_type=product&#038;p=137558"},"modified":"2026-04-26T09:00:29","modified_gmt":"2026-04-26T07:00:29","slug":"1897-russland-rubel-nikolai-ii-st-petersburg-1-2","status":"publish","type":"product","link":"https:\/\/www.oslomyntgalleri.no\/en\/produkt\/1897-russland-rubel-nikolai-ii-st-petersburg-1-2\/","title":{"rendered":"1897 Russland rubel Nikolai II, St. Petersburg, 1"},"content":{"rendered":"","protected":false},"excerpt":{"rendered":"<p class=\"font-claude-response-body break-words whitespace-normal leading-[1.7]\"><strong>1 Rubel s\u00f8lv \u2014 Tsar Nikolaj II, Det russiske keiserrike 1895\u20131915<br \/>\n<\/strong>Nikolai II besteg tronen i 1894 som hersker over et imperium som strakte seg over en sjettedel av jordens landoverflate \u2014 og ble i sin tid betraktet som en av verdens rikeste menn, selv om formuen i realiteten tilh\u00f8rte staten snarere enn personen. Han regjerte som eneveldig autokrat frem til revolusjonen i 1917 tvang ham til abdikasjon \u2014 og med det falt ikke bare dynastiet,<br \/>\nn\u00e6r fire hundre \u00e5rs russisk tsarstyre forsvant for alltid. \u00c5ret etter ble han skutt med sin familie i Jekaterinburg.<\/p>\n<p>Russland<br \/>\nNikolai II 1894-1917<br \/>\n1 rubel 1897<br \/>\nSt. Petersburg<br \/>\nS\u00f8lv 20 g. \/ 0,900 \/ 33,65 mm<br \/>\nKv. 1<\/p>\n<p>Y.59.1<\/p>\n<p> <a href=\"https:\/\/www.oslomyntgalleri.no\/en\/produkt\/1897-russland-rubel-nikolai-ii-st-petersburg-1-2\/\"><\/a><\/p>\n","protected":false},"featured_media":137625,"template":"","meta":{"_acf_changed":false},"product_brand":[],"product_cat":[192,188],"product_tag":[],"class_list":{"0":"post-137558","1":"product","2":"type-product","3":"status-publish","4":"has-post-thumbnail","6":"product_cat-russland-en","7":"product_cat-verden-en","9":"first","10":"instock","11":"shipping-taxable","12":"purchasable","13":"product-type-simple"},"acf":[],"_links":{"self":[{"href":"https:\/\/www.oslomyntgalleri.no\/en\/wp-json\/wp\/v2\/product\/137558","targetHints":{"allow":["GET"]}}],"collection":[{"href":"https:\/\/www.oslomyntgalleri.no\/en\/wp-json\/wp\/v2\/product"}],"about":[{"href":"https:\/\/www.oslomyntgalleri.no\/en\/wp-json\/wp\/v2\/types\/product"}],"wp:featuredmedia":[{"embeddable":true,"href":"https:\/\/www.oslomyntgalleri.no\/en\/wp-json\/wp\/v2\/media\/137625"}],"wp:attachment":[{"href":"https:\/\/www.oslomyntgalleri.no\/en\/wp-json\/wp\/v2\/media?parent=137558"}],"wp:term":[{"taxonomy":"product_brand","embeddable":true,"href":"https:\/\/www.oslomyntgalleri.no\/en\/wp-json\/wp\/v2\/product_brand?post=137558"},{"taxonomy":"product_cat","embeddable":true,"href":"https:\/\/www.oslomyntgalleri.no\/en\/wp-json\/wp\/v2\/product_cat?post=137558"},{"taxonomy":"product_tag","embeddable":true,"href":"https:\/\/www.oslomyntgalleri.no\/en\/wp-json\/wp\/v2\/product_tag?post=137558"}],"curies":[{"name":"wp","href":"https:\/\/api.w.org\/{rel}","templated":true}]}}