{"id":137513,"date":"2026-04-25T09:01:08","date_gmt":"2026-04-25T07:01:08","guid":{"rendered":"https:\/\/www.oslomyntgalleri.no\/?post_type=product&#038;p=137513"},"modified":"2026-04-25T09:01:11","modified_gmt":"2026-04-25T07:01:11","slug":"ca-450-440-f-kr-sicilia-leontini-ar-tetradrakme-1746-g-1","status":"publish","type":"product","link":"https:\/\/www.oslomyntgalleri.no\/en\/produkt\/ca-450-440-f-kr-sicilia-leontini-ar-tetradrakme-1746-g-1\/","title":{"rendered":"ca. 450-440 f.Kr. Sicilia, Leontini. AR tetradrakme, 1+"},"content":{"rendered":"","protected":false},"excerpt":{"rendered":"<p class=\"font-claude-response-body break-words whitespace-normal leading-[1.7]\"><strong>Tetradrakme, Leontini, Sicilia \u2014 ca. 450\u2013440 f.Kr.<br \/>\n<\/strong>Leontini var en av de greske kolonibyen p\u00e5 Sicilia med tette b\u00e5nd til Korinth, og myntene herfra regnes blant de mest kunstnerisk vellykkede fra den klassiske perioden.<br \/>\nApollohodet p\u00e5 forsiden \u2014 laurb\u00e6rkranset og i streng profil \u2014 er et av de tidligste og fineste eksemplene p\u00e5 denne ikonografien i vestgrekisk myntkunst.<\/p>\n<p class=\"font-claude-response-body break-words whitespace-normal leading-[1.7]\">Reversens l\u00f8vehode med \u00e5pne kjever, omgitt av fire byggkorn, er byens karakteristiske emblem \u2014 en sterk og direkte komposisjon som ikke mister noe av sin virkning etter over to og et halvt tusen\u00e5r.<\/p>\n<p class=\"font-claude-response-body break-words whitespace-normal leading-[1.7]\">Forside: Laurb\u00e6rkranset Apollohode mot h\u00f8yre.<br \/>\nBakside: L\u00f8vehode med \u00e5pne kjever mot h\u00f8yre; rundt, fire byggkorn. \u039b\u0395\u039f\u039d\u03a4\u0399\u039d\u039f\u039d.<br \/>\nS\u00f8lv: 17,46 g.<br \/>\nDiameter: 25,5 mm<br \/>\nKv. good VF \/ 1+<\/p>\n<p class=\"font-claude-response-body break-words whitespace-normal leading-[1.7]\">\nReferanser: SNG ANS 222 (samme stempler).<br \/>\nProveniens: Elsen 60, 11.12.1999, lot 129.<\/p>\n<p> <a href=\"https:\/\/www.oslomyntgalleri.no\/en\/produkt\/ca-450-440-f-kr-sicilia-leontini-ar-tetradrakme-1746-g-1\/\"><\/a><\/p>\n","protected":false},"featured_media":137514,"template":"","meta":{"_acf_changed":false},"product_brand":[],"product_cat":[142],"product_tag":[],"class_list":{"0":"post-137513","1":"product","2":"type-product","3":"status-publish","4":"has-post-thumbnail","6":"product_cat-greske-mynter-en","8":"first","9":"instock","10":"shipping-taxable","11":"purchasable","12":"product-type-simple"},"acf":[],"_links":{"self":[{"href":"https:\/\/www.oslomyntgalleri.no\/en\/wp-json\/wp\/v2\/product\/137513","targetHints":{"allow":["GET"]}}],"collection":[{"href":"https:\/\/www.oslomyntgalleri.no\/en\/wp-json\/wp\/v2\/product"}],"about":[{"href":"https:\/\/www.oslomyntgalleri.no\/en\/wp-json\/wp\/v2\/types\/product"}],"wp:featuredmedia":[{"embeddable":true,"href":"https:\/\/www.oslomyntgalleri.no\/en\/wp-json\/wp\/v2\/media\/137514"}],"wp:attachment":[{"href":"https:\/\/www.oslomyntgalleri.no\/en\/wp-json\/wp\/v2\/media?parent=137513"}],"wp:term":[{"taxonomy":"product_brand","embeddable":true,"href":"https:\/\/www.oslomyntgalleri.no\/en\/wp-json\/wp\/v2\/product_brand?post=137513"},{"taxonomy":"product_cat","embeddable":true,"href":"https:\/\/www.oslomyntgalleri.no\/en\/wp-json\/wp\/v2\/product_cat?post=137513"},{"taxonomy":"product_tag","embeddable":true,"href":"https:\/\/www.oslomyntgalleri.no\/en\/wp-json\/wp\/v2\/product_tag?post=137513"}],"curies":[{"name":"wp","href":"https:\/\/api.w.org\/{rel}","templated":true}]}}