{"id":137483,"date":"2026-04-23T09:01:37","date_gmt":"2026-04-23T07:01:37","guid":{"rendered":"https:\/\/www.oslomyntgalleri.no\/?post_type=product&#038;p=137483"},"modified":"2026-04-24T22:40:24","modified_gmt":"2026-04-24T20:40:24","slug":"85-f-kr-ar-denarius-l-julius-bursio-383-g-0-01","status":"publish","type":"product","link":"https:\/\/www.oslomyntgalleri.no\/en\/produkt\/85-f-kr-ar-denarius-l-julius-bursio-383-g-0-01\/","title":{"rendered":"85 f. Kr. AR denarius L. Iulius Bursio, ex Dioscuri samling, 0\/01"},"content":{"rendered":"","protected":false},"excerpt":{"rendered":"<p>Moneyer : Julia \/ L.Julius Bursio<br \/>\nDenarius 85 f.Kr.<br \/>\nAvers: Drapert brystbilde av Genius mot h\u00f8yre, tridentsymbol og Pegasus som kontrollmerke.<br \/>\nRevers: Viktoria i quadriga mot h\u00f8yre, holdene laurb\u00e6rkrans; L\u00b7IVLI\u00b7BVRSIO<br \/>\nMint: Roma<br \/>\nVekt: 3,83 g.<br \/>\nDiameter: 18,5 mm<br \/>\nKv. 0\/01<\/p>\n<p>S. 352\/1a \/ Syd. 728<\/p>\n<p>Tidligere omsatt hos Tkalec, Fe. 2008, Lot 103 &#8211; del av Dioscuri Samling.<br \/>\nEt eksemplar som gj\u00f8r et solid og umiddelbart inntrykk i h\u00e5nden, lysere i tonen enn p\u00e5 bilde her \u2014 dette er en mynt som taler for seg selv.<\/p>\n<p>\u00c5r 85 f.Kr. var preget av betydelig politisk uro: Roma bar fremdeles p\u00e5 ettervirkningene av Forbundsfellekrigen og den bitre konflikten mellom Marius og Sulla, og myntproduksjonen var i denne urolige tiden en integrert del av statsmaktens virkemidler.<\/p>\n<h3><\/h3>\n<p> <a href=\"https:\/\/www.oslomyntgalleri.no\/en\/produkt\/85-f-kr-ar-denarius-l-julius-bursio-383-g-0-01\/\"><\/a><\/p>\n","protected":false},"featured_media":137484,"template":"","meta":{"_acf_changed":false},"product_brand":[],"product_cat":[180,183],"product_tag":[],"class_list":{"0":"post-137483","1":"product","2":"type-product","3":"status-publish","4":"has-post-thumbnail","6":"product_cat-romerske-mynter-en","7":"product_cat-romersk-republikk-en","9":"first","10":"instock","11":"shipping-taxable","12":"purchasable","13":"product-type-simple"},"acf":[],"_links":{"self":[{"href":"https:\/\/www.oslomyntgalleri.no\/en\/wp-json\/wp\/v2\/product\/137483","targetHints":{"allow":["GET"]}}],"collection":[{"href":"https:\/\/www.oslomyntgalleri.no\/en\/wp-json\/wp\/v2\/product"}],"about":[{"href":"https:\/\/www.oslomyntgalleri.no\/en\/wp-json\/wp\/v2\/types\/product"}],"wp:featuredmedia":[{"embeddable":true,"href":"https:\/\/www.oslomyntgalleri.no\/en\/wp-json\/wp\/v2\/media\/137484"}],"wp:attachment":[{"href":"https:\/\/www.oslomyntgalleri.no\/en\/wp-json\/wp\/v2\/media?parent=137483"}],"wp:term":[{"taxonomy":"product_brand","embeddable":true,"href":"https:\/\/www.oslomyntgalleri.no\/en\/wp-json\/wp\/v2\/product_brand?post=137483"},{"taxonomy":"product_cat","embeddable":true,"href":"https:\/\/www.oslomyntgalleri.no\/en\/wp-json\/wp\/v2\/product_cat?post=137483"},{"taxonomy":"product_tag","embeddable":true,"href":"https:\/\/www.oslomyntgalleri.no\/en\/wp-json\/wp\/v2\/product_tag?post=137483"}],"curies":[{"name":"wp","href":"https:\/\/api.w.org\/{rel}","templated":true}]}}