{"id":137477,"date":"2026-04-23T09:01:28","date_gmt":"2026-04-23T07:01:28","guid":{"rendered":"https:\/\/www.oslomyntgalleri.no\/?post_type=product&#038;p=137477"},"modified":"2026-05-06T11:35:52","modified_gmt":"2026-05-06T09:35:52","slug":"1877-a-frankrike-20-francs-iii-republikk-paris-01","status":"publish","type":"product","link":"https:\/\/www.oslomyntgalleri.no\/en\/produkt\/1877-a-frankrike-20-francs-iii-republikk-paris-01\/","title":{"rendered":"1877 A Frankrike 20 francs, III republikk, Paris, 01"},"content":{"rendered":"","protected":false},"excerpt":{"rendered":"<p class=\"font-claude-response-body break-words whitespace-normal leading-[1.7]\"><strong>20 Francs gull \u2014 Den tredje republikk, Frankrike 1871\u20131898<br \/>\n<\/strong>Den tredje republikk ble f\u00f8dt av nederlaget \u2014 etter den ydmykende freden i Versailles i 1871, der Frankrike mistet Alsace-Lorraine og p\u00e5tok seg en knusende krigserstatning. Det var i denne stemningen av nasjonal sorg og vilje til fornyelse at republikkens gullmynt ble til, og den ble preget uavbrutt frem til 1898 \u2014 og sirkulerte til de tyske troppene igjen marsjerte inn i Paris i 1940.<br \/>\nForsidestempelet, utf\u00f8rt av Augustin Dupr\u00e9, er en av de mest vellykkede i fransk myntkunst: Genius, st\u00e5ende, i ferd med \u00e5 nedtegne konstitusjonen \u2014 med hanen og fasces ved sin side. En verdig fremstilling av noe av det viktigste den vestlige sivilisasjon har \u00e5 vise til.<\/p>\n<p>Frankrike<br \/>\nIII Republikk, 1871-1940<br \/>\n20 francs 1877 A<br \/>\nPregested : Monnaie de Paris<br \/>\nGull 6,45 g. 0,900<br \/>\nKv. 01<\/p>\n<p>Fr. 592<\/p>\n<p>&nbsp; <a href=\"https:\/\/www.oslomyntgalleri.no\/en\/produkt\/1877-a-frankrike-20-francs-iii-republikk-paris-01\/\"><\/a><\/p>\n","protected":false},"featured_media":137300,"template":"","meta":{"_acf_changed":false},"product_brand":[],"product_cat":[60,45,18],"product_tag":[],"class_list":{"0":"post-137477","1":"product","2":"type-product","3":"status-publish","4":"has-post-thumbnail","6":"product_cat-frankrike","7":"product_cat-gullmynter-2","8":"product_cat-verden","10":"first","11":"instock","12":"shipping-taxable","13":"purchasable","14":"product-type-simple"},"acf":[],"_links":{"self":[{"href":"https:\/\/www.oslomyntgalleri.no\/en\/wp-json\/wp\/v2\/product\/137477","targetHints":{"allow":["GET"]}}],"collection":[{"href":"https:\/\/www.oslomyntgalleri.no\/en\/wp-json\/wp\/v2\/product"}],"about":[{"href":"https:\/\/www.oslomyntgalleri.no\/en\/wp-json\/wp\/v2\/types\/product"}],"wp:featuredmedia":[{"embeddable":true,"href":"https:\/\/www.oslomyntgalleri.no\/en\/wp-json\/wp\/v2\/media\/137300"}],"wp:attachment":[{"href":"https:\/\/www.oslomyntgalleri.no\/en\/wp-json\/wp\/v2\/media?parent=137477"}],"wp:term":[{"taxonomy":"product_brand","embeddable":true,"href":"https:\/\/www.oslomyntgalleri.no\/en\/wp-json\/wp\/v2\/product_brand?post=137477"},{"taxonomy":"product_cat","embeddable":true,"href":"https:\/\/www.oslomyntgalleri.no\/en\/wp-json\/wp\/v2\/product_cat?post=137477"},{"taxonomy":"product_tag","embeddable":true,"href":"https:\/\/www.oslomyntgalleri.no\/en\/wp-json\/wp\/v2\/product_tag?post=137477"}],"curies":[{"name":"wp","href":"https:\/\/api.w.org\/{rel}","templated":true}]}}