{"id":137411,"date":"2026-04-10T17:10:19","date_gmt":"2026-04-10T15:10:19","guid":{"rendered":"https:\/\/www.oslomyntgalleri.no\/?post_type=product&#038;p=137411"},"modified":"2026-04-10T18:17:38","modified_gmt":"2026-04-10T16:17:38","slug":"kauko-rasanen-80-arsdag-of-uhro-kekkonen-bronse","status":"publish","type":"product","link":"https:\/\/www.oslomyntgalleri.no\/en\/produkt\/kauko-rasanen-80-arsdag-of-uhro-kekkonen-bronse\/","title":{"rendered":"Kauko R\u00e4s\u00e4nen, 80-\u00e5rsdag av Uhro Kekkonen, bronse"},"content":{"rendered":"","protected":false},"excerpt":{"rendered":"<p data-start=\"90\" data-end=\"290\"><span class=\"hover:entity-accent entity-underline inline cursor-pointer align-baseline\"><span class=\"whitespace-normal\">Kauko R\u00e4s\u00e4nen<\/span><\/span> (1926\u20132015) regnes blant de mest anerkjente kunstnerne innen moderne medaljekunst. Hans arbeider er preget av kraftig relieff og et raffinert, symbolsk formspr\u00e5k. Denne imponerende store bronsemedaljen, med en tiltalende antikk s\u00f8lvfinish, ble utf\u00f8rt i 1980 i anledning 80-\u00e5rsdagen til hans n\u00e6re venn, Finlands president <span class=\"hover:entity-accent entity-underline inline cursor-pointer align-baseline\"><span class=\"whitespace-normal\">Urho Kekkonen<\/span><\/span> (1900\u20131986). Kekkonen, kjent for sin politikk basert p\u00e5 balanse mellom \u00f8st og vest under den kalde krigen, er avbildet p\u00e5 adversen. Reversen viser en frontal naken mannsskikkelse som holder rettferdighetens attributter, ledsaget av innskriften <em data-start=\"733\" data-end=\"764\">SUOMEN PUOLESTA \u2013 F\u00d6R FINLAND<\/em>. Komposisjonen, som minner om de harmoniske proporsjonene i <span class=\"hover:entity-accent entity-underline inline cursor-pointer align-baseline\"><span class=\"whitespace-normal\">Vitruvian Man<\/span><\/span>, fungerer som en sl\u00e5ende allegori over politisk likevekt.<\/p>\n<p data-start=\"90\" data-end=\"290\"><span class=\"hover:entity-accent entity-underline inline cursor-pointer align-baseline\"><span class=\"whitespace-normal\">Urho Kekkonen<\/span><\/span>, Finlands president fra 1956 til 1981, var en sentral skikkelse i europeisk politikk p\u00e5 1900-tallet. Han spilte en n\u00f8kkelrolle i \u00e5 opprettholde Finlands n\u00f8ytralitet, samtidig som han styrket forbindelsene b\u00e5de til Sovjetunionen og Vesten, s\u00e6rlig gjennom Helsingforsavtalen i 1975.<\/p>\n<p>Preget : Sporrong<br \/>\nKunstner : Kauko R\u00e4s\u00e4nen<br \/>\n\u00c5rstall : 1980<br \/>\nTema : 80 \u00e5rsdag av Uhro Kekkonen<br \/>\nMetall : Bronse, 386 g.<br \/>\nOpplag : 750 eks.<br \/>\nNummerert : 217 av 750. <a href=\"https:\/\/www.oslomyntgalleri.no\/en\/produkt\/kauko-rasanen-80-arsdag-of-uhro-kekkonen-bronse\/\"><\/a><\/p>\n","protected":false},"featured_media":137120,"template":"","meta":{"_acf_changed":false},"product_brand":[],"product_cat":[14],"product_tag":[229,228],"class_list":{"0":"post-137411","1":"product","2":"type-product","3":"status-publish","4":"has-post-thumbnail","6":"product_cat-medaljer-verden","7":"product_tag-kekkonen","8":"product_tag-rasanen","10":"first","11":"instock","12":"shipping-taxable","13":"purchasable","14":"product-type-simple"},"acf":[],"_links":{"self":[{"href":"https:\/\/www.oslomyntgalleri.no\/en\/wp-json\/wp\/v2\/product\/137411","targetHints":{"allow":["GET"]}}],"collection":[{"href":"https:\/\/www.oslomyntgalleri.no\/en\/wp-json\/wp\/v2\/product"}],"about":[{"href":"https:\/\/www.oslomyntgalleri.no\/en\/wp-json\/wp\/v2\/types\/product"}],"wp:featuredmedia":[{"embeddable":true,"href":"https:\/\/www.oslomyntgalleri.no\/en\/wp-json\/wp\/v2\/media\/137120"}],"wp:attachment":[{"href":"https:\/\/www.oslomyntgalleri.no\/en\/wp-json\/wp\/v2\/media?parent=137411"}],"wp:term":[{"taxonomy":"product_brand","embeddable":true,"href":"https:\/\/www.oslomyntgalleri.no\/en\/wp-json\/wp\/v2\/product_brand?post=137411"},{"taxonomy":"product_cat","embeddable":true,"href":"https:\/\/www.oslomyntgalleri.no\/en\/wp-json\/wp\/v2\/product_cat?post=137411"},{"taxonomy":"product_tag","embeddable":true,"href":"https:\/\/www.oslomyntgalleri.no\/en\/wp-json\/wp\/v2\/product_tag?post=137411"}],"curies":[{"name":"wp","href":"https:\/\/api.w.org\/{rel}","templated":true}]}}