{"id":137048,"date":"2026-03-31T00:20:32","date_gmt":"2026-03-30T22:20:32","guid":{"rendered":"https:\/\/www.oslomyntgalleri.no\/?post_type=product&#038;p=137048"},"modified":"2026-03-31T00:20:33","modified_gmt":"2026-03-30T22:20:33","slug":"1893-usa-dollar-1893-philadelphia-1-1","status":"publish","type":"product","link":"https:\/\/www.oslomyntgalleri.no\/en\/produkt\/1893-usa-dollar-1893-philadelphia-1-1\/","title":{"rendered":"1893 USA dollar 1893, Philadelphia 1\/1+"},"content":{"rendered":"","protected":false},"excerpt":{"rendered":"<div class=\"woocommerce-product-details__short-description\">\n<h2><strong>USA. Morgan Dollar. S\u00f8lv, 1893 Philadelphia<\/strong><\/h2>\n<p>Den klassiske amerikanske s\u00f8lvdollaren fra perioden 1878\u20131921.<\/p>\n<p>Mynten er utformet av\u00a0George T. Morgan, som ga Liberty et mer naturalistisk og individuelt uttrykk. I stedet for en idealisert, nesten guddommelig allegori er Liberty her basert p\u00e5 en virkelig person, noe som gir fremstillingen en mer menneskelig og direkte karakter.<\/p>\n<p data-start=\"513\" data-end=\"655\">Forbildet for portrettet var\u00a0Anna Willess Williams, omgitt av 13 stjerner som representerer de opprinnelige statene i unionen.<\/p>\n<p data-start=\"657\" data-end=\"980\">Reversen viser den amerikanske \u00f8rnen med utstrakte vinger, omgitt av laurb\u00e6rkrans og nasjonale inskripsjoner. Mottoet\u00a0<em data-start=\"775\" data-end=\"792\">E Pluribus Unum<\/em>\u00a0(\u201cav mange, \u00e9n\u201d) viser til unionens sammensetning, mens\u00a0<em data-start=\"849\" data-end=\"866\">In God We Trust<\/em>\u00a0ble innf\u00f8rt p\u00e5 amerikanske mynter etter borgerkrigen og reflekterer samtidens religi\u00f8se og politiske str\u00f8mninger.<\/p>\n<p data-start=\"982\" data-end=\"1503\">Morgan-dollarene ble innf\u00f8rt gjennom Bland\u2013Allison Act (1878), som p\u00e5la staten \u00e5 kj\u00f8pe store mengder s\u00f8lv og omsette dette i myntproduksjon. Bakgrunnen var blant annet de omfattende s\u00f8lvfunnene i vestlige omr\u00e5der, s\u00e6rlig Comstock Lode i Nevada. Dette skapte en situasjon hvor tilbudet av s\u00f8lv oversteg markedets ettersp\u00f8rsel, samtidig som politiske hensyn tilsa at metallet fortsatt skulle spille en rolle i pengesystemet. Resultatet var omfattende produksjon av s\u00f8lvdollar, ofte uavhengig av faktisk behov i sirkulasjon.<\/p>\n<p data-start=\"1505\" data-end=\"1688\">Myntens p\u00e5lydende verdi reflekterte ikke n\u00f8dvendigvis markedsverdien av s\u00f8lvinnholdet, men var i stor grad et resultat av politiske beslutninger knyttet til s\u00f8lvets rolle i \u00f8konomien.<\/p>\n<p data-start=\"1690\" data-end=\"1932\">Uten myntmerke, preget ved hovedmyntverket i Philadelphia, som var sentrum for amerikansk myntproduksjon og administrasjon gjennom hele perioden. Myntmerket er normalt plassert p\u00e5 reversen under \u00f8rnen, men mangler p\u00e5 utgaver fra Philadelphia.<\/p>\n<p data-start=\"1934\" data-end=\"1995\">Advers: Liberty-portrett.<br data-start=\"1959\" data-end=\"1962\" \/>Revers: \u00d8rn med utstrakte vinger.<\/p>\n<p>Kvalitet : 1\/1+<br \/>\nS\u00f8lv (.900), 26,73 g.<\/p>\n<\/div>\n<form class=\"cart\" action=\"https:\/\/www.oslomyntgalleri.no\/produkt\/1884-usa-dollar-philadelphia-0-01-2\/\" enctype=\"multipart\/form-data\" method=\"post\">&nbsp;<\/p>\n<\/form>\n<div class=\"product_meta\">\n<p>&nbsp;<\/p>\n<\/div>\n<p> <a href=\"https:\/\/www.oslomyntgalleri.no\/en\/produkt\/1893-usa-dollar-1893-philadelphia-1-1\/\"><\/a><\/p>\n","protected":false},"featured_media":137042,"template":"","meta":{"_acf_changed":false},"product_brand":[],"product_cat":[58],"product_tag":[217,218,216],"class_list":{"0":"post-137048","1":"product","2":"type-product","3":"status-publish","4":"has-post-thumbnail","6":"product_cat-usa","7":"product_tag-morgan","8":"product_tag-solvdollar","9":"product_tag-usa","11":"first","12":"instock","13":"shipping-taxable","14":"purchasable","15":"product-type-simple"},"acf":[],"_links":{"self":[{"href":"https:\/\/www.oslomyntgalleri.no\/en\/wp-json\/wp\/v2\/product\/137048","targetHints":{"allow":["GET"]}}],"collection":[{"href":"https:\/\/www.oslomyntgalleri.no\/en\/wp-json\/wp\/v2\/product"}],"about":[{"href":"https:\/\/www.oslomyntgalleri.no\/en\/wp-json\/wp\/v2\/types\/product"}],"wp:featuredmedia":[{"embeddable":true,"href":"https:\/\/www.oslomyntgalleri.no\/en\/wp-json\/wp\/v2\/media\/137042"}],"wp:attachment":[{"href":"https:\/\/www.oslomyntgalleri.no\/en\/wp-json\/wp\/v2\/media?parent=137048"}],"wp:term":[{"taxonomy":"product_brand","embeddable":true,"href":"https:\/\/www.oslomyntgalleri.no\/en\/wp-json\/wp\/v2\/product_brand?post=137048"},{"taxonomy":"product_cat","embeddable":true,"href":"https:\/\/www.oslomyntgalleri.no\/en\/wp-json\/wp\/v2\/product_cat?post=137048"},{"taxonomy":"product_tag","embeddable":true,"href":"https:\/\/www.oslomyntgalleri.no\/en\/wp-json\/wp\/v2\/product_tag?post=137048"}],"curies":[{"name":"wp","href":"https:\/\/api.w.org\/{rel}","templated":true}]}}