{"id":137045,"date":"2026-03-15T00:08:48","date_gmt":"2026-03-14T23:08:48","guid":{"rendered":"https:\/\/www.oslomyntgalleri.no\/?post_type=product&#038;p=137045"},"modified":"2026-03-31T00:12:29","modified_gmt":"2026-03-30T22:12:29","slug":"591-628-e-kr-sassanideriket-av-dinar-khusro-ii-404-g-1-01","status":"publish","type":"product","link":"https:\/\/www.oslomyntgalleri.no\/en\/produkt\/591-628-e-kr-sassanideriket-av-dinar-khusro-ii-404-g-1-01\/","title":{"rendered":"591-628 e. Kr. Sassanideriket AV dinar Khusro II, 4,04 g, 1+\/01"},"content":{"rendered":"","protected":false},"excerpt":{"rendered":"<p>Persia (det sasanidiske riket). Khosrow II. AV dinar, ca. 622\u2013625 e.Kr.<br data-start=\"592\" data-end=\"595\" \/>Preget i en sen fase av Khosrow IIs regjeringstid, i en periode hvor det sasanidiske riket stod ved sitt maksimale territoriale omfang, men samtidig var i ferd med \u00e5 m\u00f8te \u00f8kende motstand fra det bysantinske riket.<br data-start=\"808\" data-end=\"811\" \/>Under <span class=\"hover:entity-accent entity-underline inline cursor-pointer align-baseline\"><span class=\"whitespace-normal\">Khosrow II<\/span><\/span> f\u00f8rte Persia omfattende kriger mot Bysants og erobret store deler av Midt\u00f8sten, inkludert byer som Damaskus, Jerusalem og Alexandria. Samtidig markerer \u00e5rene rundt 622\u2013625 et vendepunkt, hvor den bysantinske keiseren Heraclius startet en offensiv som etter hvert skulle snu krigslykken.<br data-start=\"1141\" data-end=\"1144\" \/>Mynten tilh\u00f8rer en s\u00e6rpreget gruppe gullutgaver fra de senere \u00e5rene av hans regjeringstid (ofte klassifisert som Sunrise 989), med et ikonografisk program som avviker fra den vanlige sasanidiske mynttypen.<br data-start=\"1349\" data-end=\"1352\" \/>Advers: Frontalt portrett av kongen med karakteristisk krone og symboler.<br data-start=\"1425\" data-end=\"1428\" \/>Revers: Kongen st\u00e5ende frontalt, holdende et sverd med begge hender.<br data-start=\"1496\" data-end=\"1499\" \/>Legendene p\u00e5 disse utgavene uttrykker et politisk budskap knyttet til kongemakt og rikets ekspansjon.<br data-start=\"1600\" data-end=\"1603\" \/>Gull, ca. 4,04 g.<br data-start=\"1619\" data-end=\"1622\" \/>Gullutgavene er betydelig sjeldnere enn de vanlige s\u00f8lvdrachmene og synes \u00e5 ha v\u00e6rt knyttet til representasjon og diplomatiske form\u00e5l, snarere enn ordin\u00e6r sirkulasjon.<br data-start=\"1789\" data-end=\"1792\" \/>En uvanlig og sjelden mynttype fra en fase hvor det sasanidiske riket b\u00e5de n\u00e5dde sitt h\u00f8ydepunkt og samtidig stod foran en periode med milit\u00e6re tilbakeslag og indre svekkelse. <a href=\"https:\/\/www.oslomyntgalleri.no\/en\/produkt\/591-628-e-kr-sassanideriket-av-dinar-khusro-ii-404-g-1-01\/\"><\/a><\/p>\n","protected":false},"featured_media":137046,"template":"","meta":{"_acf_changed":false},"product_brand":[],"product_cat":[188,189,143],"product_tag":[],"class_list":{"0":"post-137045","1":"product","2":"type-product","3":"status-publish","4":"has-post-thumbnail","6":"product_cat-verden-en","7":"product_cat-europa-en","8":"product_cat-gullmynter-2-en","10":"first","11":"instock","12":"shipping-taxable","13":"purchasable","14":"product-type-simple"},"acf":[],"_links":{"self":[{"href":"https:\/\/www.oslomyntgalleri.no\/en\/wp-json\/wp\/v2\/product\/137045","targetHints":{"allow":["GET"]}}],"collection":[{"href":"https:\/\/www.oslomyntgalleri.no\/en\/wp-json\/wp\/v2\/product"}],"about":[{"href":"https:\/\/www.oslomyntgalleri.no\/en\/wp-json\/wp\/v2\/types\/product"}],"wp:featuredmedia":[{"embeddable":true,"href":"https:\/\/www.oslomyntgalleri.no\/en\/wp-json\/wp\/v2\/media\/137046"}],"wp:attachment":[{"href":"https:\/\/www.oslomyntgalleri.no\/en\/wp-json\/wp\/v2\/media?parent=137045"}],"wp:term":[{"taxonomy":"product_brand","embeddable":true,"href":"https:\/\/www.oslomyntgalleri.no\/en\/wp-json\/wp\/v2\/product_brand?post=137045"},{"taxonomy":"product_cat","embeddable":true,"href":"https:\/\/www.oslomyntgalleri.no\/en\/wp-json\/wp\/v2\/product_cat?post=137045"},{"taxonomy":"product_tag","embeddable":true,"href":"https:\/\/www.oslomyntgalleri.no\/en\/wp-json\/wp\/v2\/product_tag?post=137045"}],"curies":[{"name":"wp","href":"https:\/\/api.w.org\/{rel}","templated":true}]}}