{"id":136942,"date":"2026-04-13T09:01:51","date_gmt":"2026-04-13T07:01:51","guid":{"rendered":"https:\/\/www.oslomyntgalleri.no\/?post_type=product&#038;p=136942"},"modified":"2026-04-13T09:02:04","modified_gmt":"2026-04-13T07:02:04","slug":"1028-1034-av-histamenon-romanus-iii-g-argyros-1-01","status":"publish","type":"product","link":"https:\/\/www.oslomyntgalleri.no\/en\/produkt\/1028-1034-av-histamenon-romanus-iii-g-argyros-1-01\/","title":{"rendered":"1028-1034 AV histamenon Nomisma, Romanus III Argyros, Bysants"},"content":{"rendered":"","protected":false},"excerpt":{"rendered":"<p>Bysants. Romanos III Argyros. AV Histamenon Nomisma, Konstantinopel, ca. 1028\u20131034<br \/>\nPreget i Konstantinopel under det bysantinske riket, i en periode hvor imperiet fortsatt fremstod som en av middelalderens ledende makter, med en sterkt forankret kristen keiserideologi hvor keiseren ble oppfattet som Guds representant p\u00e5 jorden.<br \/>\nRomanos III Argyros kom til makten gjennom ekteskap med keiserinne Zo\u00eb Porphyrogenita og tilh\u00f8rte den sivile aristokratiske eliten i Konstantinopel. Hans regjeringstid var preget av ambisjoner om \u00e5 gjenopprette tidligere milit\u00e6r styrke, men ogs\u00e5 av mindre vellykkede felttog og interne utfordringer. Han er i ettertid ogs\u00e5 kjent for sin d\u00f8d under uklare omstendigheter i 1034, hvor han ble funnet d\u00f8d i sitt badebasseng, trolig som resultat av en palassintrige.<br \/>\nHan ble etterfulgt av Michael IV the Paphlagonian, under hvis regjeringstid ogs\u00e5 den norske kongen Harald Hardrada tr\u00e5dte i tjeneste i Konstantinopel som medlem av v\u00e6ringgarden.<br \/>\nAdversen viser Kristus tronende frontalt med evangelieboken, en fremstilling som understreker den guddommelige legitimeringen av keiserens makt. Reversen viser Jomfru Maria som kroner keiseren, et motiv hvor den himmelske sf\u00e6re direkte bekrefter den jordiske herskeren. Komposisjonen er typisk for perioden, hvor religi\u00f8s ikonografi og keiserlig autoritet er tett sammenvevd.<\/p>\n<p>AV Histamenon Nomisma<br \/>\nMyntpregested : Konstaninopel<br \/>\nGull, 4,42 g., 25 mm<br \/>\nKv. 1+\/01 <a href=\"https:\/\/www.oslomyntgalleri.no\/en\/produkt\/1028-1034-av-histamenon-romanus-iii-g-argyros-1-01\/\"><\/a><\/p>\n","protected":false},"featured_media":136943,"template":"","meta":{"_acf_changed":false},"product_brand":[],"product_cat":[139,143],"product_tag":[],"class_list":{"0":"post-136942","1":"product","2":"type-product","3":"status-publish","4":"has-post-thumbnail","6":"product_cat-bysantinske-mynter-en","7":"product_cat-gullmynter-2-en","9":"first","10":"instock","11":"shipping-taxable","12":"purchasable","13":"product-type-simple"},"acf":[],"_links":{"self":[{"href":"https:\/\/www.oslomyntgalleri.no\/en\/wp-json\/wp\/v2\/product\/136942","targetHints":{"allow":["GET"]}}],"collection":[{"href":"https:\/\/www.oslomyntgalleri.no\/en\/wp-json\/wp\/v2\/product"}],"about":[{"href":"https:\/\/www.oslomyntgalleri.no\/en\/wp-json\/wp\/v2\/types\/product"}],"wp:featuredmedia":[{"embeddable":true,"href":"https:\/\/www.oslomyntgalleri.no\/en\/wp-json\/wp\/v2\/media\/136943"}],"wp:attachment":[{"href":"https:\/\/www.oslomyntgalleri.no\/en\/wp-json\/wp\/v2\/media?parent=136942"}],"wp:term":[{"taxonomy":"product_brand","embeddable":true,"href":"https:\/\/www.oslomyntgalleri.no\/en\/wp-json\/wp\/v2\/product_brand?post=136942"},{"taxonomy":"product_cat","embeddable":true,"href":"https:\/\/www.oslomyntgalleri.no\/en\/wp-json\/wp\/v2\/product_cat?post=136942"},{"taxonomy":"product_tag","embeddable":true,"href":"https:\/\/www.oslomyntgalleri.no\/en\/wp-json\/wp\/v2\/product_tag?post=136942"}],"curies":[{"name":"wp","href":"https:\/\/api.w.org\/{rel}","templated":true}]}}